{"id":118,"date":"2019-12-14T23:23:45","date_gmt":"2019-12-14T22:23:45","guid":{"rendered":"http:\/\/szabo.pl\/?page_id=118"},"modified":"2026-02-15T14:44:03","modified_gmt":"2026-02-15T13:44:03","slug":"szabo-pl-2","status":"publish","type":"page","link":"https:\/\/szabo.pl\/index.php\/en\/szabo-pl-2\/","title":{"rendered":"Szabo.pl"},"content":{"rendered":"\n<div class=\"wp-block-group is-layout-grid wp-container-core-group-is-layout-bc478703 wp-block-group-is-layout-grid\">\n<div class=\"wp-block-columns is-layout-flex wp-container-core-columns-is-layout-9d6595d7 wp-block-columns-is-layout-flex\">\n<div class=\"wp-block-column is-layout-flow wp-block-column-is-layout-flow\" style=\"flex-basis:100%\">\n<figure class=\"wp-block-image size-full\"><img loading=\"lazy\" decoding=\"async\" width=\"600\" height=\"600\" src=\"https:\/\/szabo.pl\/wp-content\/uploads\/2022\/12\/PIT_36-37.png\" alt=\"\" class=\"wp-image-1476\" srcset=\"https:\/\/szabo.pl\/wp-content\/uploads\/2022\/12\/PIT_36-37.png 600w, https:\/\/szabo.pl\/wp-content\/uploads\/2022\/12\/PIT_36-37-300x300.png 300w, https:\/\/szabo.pl\/wp-content\/uploads\/2022\/12\/PIT_36-37-150x150.png 150w, https:\/\/szabo.pl\/wp-content\/uploads\/2022\/12\/PIT_36-37-400x400.png 400w, https:\/\/szabo.pl\/wp-content\/uploads\/2022\/12\/PIT_36-37-100x100.png 100w\" sizes=\"auto, (max-width: 600px) 100vw, 600px\" \/><figcaption class=\"wp-element-caption\"><a href=\"https:\/\/szabo.pl\/index.php\/en\/product\/annual-pit-36-pit-37-declaration-for-2025\/\" data-type=\"product\" data-id=\"1890\">Roczna deklaracja PIT-36\/PIT-37 za rok 2025<\/a><\/figcaption><\/figure>\n<\/div>\n<\/div>\n\n\n\n<figure class=\"wp-block-image size-full\"><a href=\"https:\/\/szabo.pl\/index.php\/en\/15-percent-of-pit\/\"><img loading=\"lazy\" decoding=\"async\" width=\"369\" height=\"197\" src=\"https:\/\/szabo.pl\/wp-content\/uploads\/2026\/02\/Logo-1-5.png\" alt=\"\" class=\"wp-image-3102\" srcset=\"https:\/\/szabo.pl\/wp-content\/uploads\/2026\/02\/Logo-1-5.png 369w, https:\/\/szabo.pl\/wp-content\/uploads\/2026\/02\/Logo-1-5-300x160.png 300w\" sizes=\"auto, (max-width: 369px) 100vw, 369px\" \/><\/a><figcaption class=\"wp-element-caption\"><a href=\"https:\/\/szabo.pl\/index.php\/en\/15-percent-of-pit\/\" data-type=\"page\" data-id=\"330\">1,5% of your personal income tax<\/a><\/figcaption><\/figure>\n\n\n\n<div class=\"wp-block-columns is-layout-flex wp-container-core-columns-is-layout-9d6595d7 wp-block-columns-is-layout-flex\">\n<div class=\"wp-block-column is-layout-flow wp-block-column-is-layout-flow\" style=\"flex-basis:100%\">\n<div class=\"wp-block-buttons is-layout-flex wp-block-buttons-is-layout-flex\">\n<div class=\"wp-block-button is-style-outline is-style-outline--1\"><a class=\"wp-block-button__link wp-element-button\" href=\"https:\/\/szabo.pl\/index.php\/en\/subscription-packages\/\">SUBSCRIPTION PACKAGES<\/a><\/div>\n<\/div>\n\n\n\n<div class=\"wp-block-buttons alignwide is-content-justification-center is-layout-flex wp-container-core-buttons-is-layout-16018d1d wp-block-buttons-is-layout-flex\">\n<div class=\"wp-block-button is-style-outline is-style-outline--2\"><a class=\"wp-block-button__link has-text-align-center wp-element-button\" href=\"https:\/\/szabo.pl\/index.php\/en\/general-pricing-of-the-accounting-office-2\/\">SERVICES AND PRICES<\/a><\/div>\n<\/div>\n<\/div>\n<\/div>\n\n\n\n<figure class=\"wp-block-image size-full\"><a href=\"https:\/\/www.orlyrachunkowosci.pl\/profile-317732-szabo-pl\"><img loading=\"lazy\" decoding=\"async\" width=\"400\" height=\"452\" src=\"https:\/\/szabo.pl\/wp-content\/uploads\/2026\/02\/logo_gold_pl_400.png\" alt=\"\" class=\"wp-image-3103\" srcset=\"https:\/\/szabo.pl\/wp-content\/uploads\/2026\/02\/logo_gold_pl_400.png 400w, https:\/\/szabo.pl\/wp-content\/uploads\/2026\/02\/logo_gold_pl_400-265x300.png 265w\" sizes=\"auto, (max-width: 400px) 100vw, 400px\" \/><\/a><\/figure>\n\n\n\n<figure class=\"wp-block-image size-full\"><a href=\"https:\/\/app.scanye.pl\"><img loading=\"lazy\" decoding=\"async\" width=\"304\" height=\"61\" src=\"https:\/\/szabo.pl\/wp-content\/uploads\/2022\/12\/scanye_logo-1.png\" alt=\"\" class=\"wp-image-1420\" srcset=\"https:\/\/szabo.pl\/wp-content\/uploads\/2022\/12\/scanye_logo-1.png 304w, https:\/\/szabo.pl\/wp-content\/uploads\/2022\/12\/scanye_logo-1-300x61.png 300w\" sizes=\"auto, (max-width: 304px) 100vw, 304px\" \/><\/a><figcaption class=\"wp-element-caption\"><a href=\"https:\/\/app.scanye.pl\">Issue invoices to Clients, receive invoices from vendors, send documents to your accountants!<\/a><\/figcaption><\/figure>\n\n\n\n<figure class=\"wp-block-image size-medium\"><a href=\"https:\/\/app.subiekt123.pl\"><img loading=\"lazy\" decoding=\"async\" width=\"300\" height=\"158\" src=\"https:\/\/szabo.pl\/wp-content\/uploads\/2022\/12\/subiekt123-logo-300x158.webp\" alt=\"A 'Subiekt 123' log\u00f3 t\u00fcrkiz sz\u00ednben, modern bet\u0171t\u00edpussal.\" class=\"wp-image-1401\" srcset=\"https:\/\/szabo.pl\/wp-content\/uploads\/2022\/12\/subiekt123-logo-300x158.webp 300w, https:\/\/szabo.pl\/wp-content\/uploads\/2022\/12\/subiekt123-logo-1024x538.webp 1024w, https:\/\/szabo.pl\/wp-content\/uploads\/2022\/12\/subiekt123-logo-768x403.webp 768w, https:\/\/szabo.pl\/wp-content\/uploads\/2022\/12\/subiekt123-logo-600x315.webp 600w, https:\/\/szabo.pl\/wp-content\/uploads\/2022\/12\/subiekt123-logo.webp 1200w\" sizes=\"auto, (max-width: 300px) 100vw, 300px\" \/><\/a><figcaption class=\"wp-element-caption\">Issue invoices by an advanced online invoicing software!<\/figcaption><\/figure>\n\n\n\n<p><a href=\"https:\/\/www.facebook.com\/profile.php?id=100031545590765\" target=\"_blank\" rel=\"noreferrer noopener\"><img loading=\"lazy\" decoding=\"async\" width=\"64\" height=\"64\" class=\"wp-image-1351\" style=\"width: 64px;\" src=\"https:\/\/szabo.pl\/wp-content\/uploads\/2022\/11\/facebook_cyan64.png\" alt=\"\"><\/a> <a href=\"https:\/\/www.linkedin.com\/company\/szabo-pl\/\" target=\"_blank\" rel=\"noreferrer noopener\"><img loading=\"lazy\" decoding=\"async\" width=\"75\" height=\"64\" class=\"wp-image-1352\" style=\"width: 75px;\" src=\"https:\/\/szabo.pl\/wp-content\/uploads\/2022\/11\/Linkedin_cyan64.png\" alt=\"\"><\/a><br>Follow our social media pages!<\/p>\n\n\n\n<div class=\"wp-block-buttons wp-container-content-d2eb3c98 is-content-justification-center is-layout-flex wp-container-core-buttons-is-layout-16018d1d wp-block-buttons-is-layout-flex\">\n<div class=\"wp-block-button is-style-outline is-style-outline--3\"><a class=\"wp-block-button__link has-text-align-center wp-element-button\" href=\"https:\/\/szabo.pl\/index.php\/en\/news\/\">NEWS<\/a><\/div>\n\n\n\n<div class=\"wp-block-button is-style-outline is-style-outline--4\"><a class=\"wp-block-button__link wp-element-button\">&#8222;I&#8217;ve a quick question&#8221;<\/a><\/div>\n<\/div>\n\n\n\n<figure class=\"wp-block-image size-full\"><a href=\"https:\/\/ap.ksef.mf.gov.pl\/\"><img loading=\"lazy\" decoding=\"async\" width=\"350\" height=\"67\" src=\"https:\/\/szabo.pl\/wp-content\/uploads\/2026\/02\/image.png\" alt=\"\" class=\"wp-image-3059\" srcset=\"https:\/\/szabo.pl\/wp-content\/uploads\/2026\/02\/image.png 350w, https:\/\/szabo.pl\/wp-content\/uploads\/2026\/02\/image-300x57.png 300w\" sizes=\"auto, (max-width: 350px) 100vw, 350px\" \/><\/a><figcaption class=\"wp-element-caption\"><a href=\"https:\/\/ap.ksef.mf.gov.pl\/\" data-type=\"link\" data-id=\"https:\/\/ap.ksef.mf.gov.pl\/\">KSeF Taxpayer&#8217;s Application<\/a><\/figcaption><\/figure>\n\n\n\n<figure class=\"wp-block-image size-medium\"><a href=\"https:\/\/service.szabo.pl\/portal\/pl\/kb\/szabo-pl-gerg%C3%B6-szab%C3%B3\/en-in-english\"><img loading=\"lazy\" decoding=\"async\" width=\"300\" height=\"140\" src=\"https:\/\/szabo.pl\/wp-content\/uploads\/2026\/02\/image-1-300x140.png\" alt=\"\" class=\"wp-image-3060\" srcset=\"https:\/\/szabo.pl\/wp-content\/uploads\/2026\/02\/image-1-300x140.png 300w, https:\/\/szabo.pl\/wp-content\/uploads\/2026\/02\/image-1.png 509w\" sizes=\"auto, (max-width: 300px) 100vw, 300px\" \/><\/a><figcaption class=\"wp-element-caption\"><a href=\"https:\/\/service.szabo.pl\/portal\/pl\/kb\/szabo-pl-gerg%C3%B6-szab%C3%B3\/en-in-english\">Help Center &#8211; Practical information and manuals for our Clients<\/a><\/figcaption><\/figure>\n<\/div>\n\n\n\n<p><\/p>\n\n\n\n<div class=\"wp-block-group is-layout-grid wp-container-core-group-is-layout-bc478703 wp-block-group-is-layout-grid\">\n<div class=\"wp-block-buttons is-content-justification-center is-layout-flex wp-container-core-buttons-is-layout-16018d1d wp-block-buttons-is-layout-flex\">\n<div class=\"wp-block-button is-style-outline is-style-outline--5\"><a class=\"wp-block-button__link wp-element-button\" href=\"https:\/\/szabo.pl\/index.php\/en\/solo-subscription-packages\/\">For sole proprietors<\/a><\/div>\n<\/div>\n\n\n\n<div class=\"wp-block-buttons is-content-justification-center is-layout-flex wp-container-core-buttons-is-layout-16018d1d wp-block-buttons-is-layout-flex\">\n<div class=\"wp-block-button is-style-outline is-style-outline--6\"><a class=\"wp-block-button__link wp-element-button\" href=\"https:\/\/szabo.pl\/index.php\/en\/corpo-subscription-packages\/\">For companies<\/a><\/div>\n<\/div>\n\n\n\n<div class=\"wp-block-buttons is-content-justification-center is-layout-flex wp-container-core-buttons-is-layout-16018d1d wp-block-buttons-is-layout-flex\">\n<div class=\"wp-block-button is-style-outline is-style-outline--7\"><a class=\"wp-block-button__link has-text-align-center wp-element-button\" href=\"https:\/\/szabo.pl\/index.php\/en\/compenso-subscription-packages\/\">For employers<\/a><\/div>\n<\/div>\n\n\n\n<div class=\"wp-block-buttons is-content-justification-center is-layout-flex wp-container-core-buttons-is-layout-16018d1d wp-block-buttons-is-layout-flex\">\n<div class=\"wp-block-button is-style-outline is-style-outline--8\"><a class=\"wp-block-button__link wp-element-button\" href=\"https:\/\/szabo.pl\/index.php\/en\/additional-packages\/\">Additional administrative services<\/a><\/div>\n<\/div>\n<\/div>\n\n\n\n<p><\/p>\n\n\n\n<h2 class=\"wp-block-heading has-text-align-center\">Latest articles<\/h2>\n\n\n<ul class=\"wp-block-latest-posts__list has-dates alignleft wp-block-latest-posts\"><li><a class=\"wp-block-latest-posts__post-title\" href=\"https:\/\/szabo.pl\/index.php\/en\/2025\/11\/20\/e-dor-additional-package\/\">e-DOR + additional package<\/a><time datetime=\"2025-11-20T13:16:14+01:00\" class=\"wp-block-latest-posts__post-date\">20 november 2025<\/time><div class=\"wp-block-latest-posts__post-excerpt\">To manage the e-dor\u0119czenia (e-delivery) account by an attorney. for the price 40 z\u0142 per<div class=\"continue-reading-blog\"><a href=\"https:\/\/szabo.pl\/index.php\/en\/2025\/11\/20\/e-dor-additional-package\/\" class=\"more-link\">Continue Reading<i class=\"fa fa-long-arrow-right\"><\/i><span class=\"screen-reader-text\">e-DOR + additional package<\/span><\/a><\/div><\/div><\/li>\n<li><a class=\"wp-block-latest-posts__post-title\" href=\"https:\/\/szabo.pl\/index.php\/en\/2025\/11\/20\/ppo-additional-package\/\">PPO + additional package<\/a><time datetime=\"2025-11-20T13:16:14+01:00\" class=\"wp-block-latest-posts__post-date\">20 november 2025<\/time><div class=\"wp-block-latest-posts__post-excerpt\">General representative service for tax matters Price: 100,- z\u0142\/month Available to the CORPO or SOLO<div class=\"continue-reading-blog\"><a href=\"https:\/\/szabo.pl\/index.php\/en\/2025\/11\/20\/ppo-additional-package\/\" class=\"more-link\">Continue Reading<i class=\"fa fa-long-arrow-right\"><\/i><span class=\"screen-reader-text\">PPO + additional package<\/span><\/a><\/div><\/div><\/li>\n<li><a class=\"wp-block-latest-posts__post-title\" href=\"https:\/\/szabo.pl\/index.php\/en\/2025\/04\/22\/statement-by-the-office-owner-and-change-in-the-aml-procedure\/\">Statement by the office owner and change in the AML procedure<\/a><time datetime=\"2025-04-22T12:36:35+02:00\" class=\"wp-block-latest-posts__post-date\">22 \u00e1prilis 2025<\/time><div class=\"wp-block-latest-posts__post-excerpt\">Together with my team, we are one of the few accounting firms in Poland that<div class=\"continue-reading-blog\"><a href=\"https:\/\/szabo.pl\/index.php\/en\/2025\/04\/22\/statement-by-the-office-owner-and-change-in-the-aml-procedure\/\" class=\"more-link\">Continue Reading<i class=\"fa fa-long-arrow-right\"><\/i><span class=\"screen-reader-text\">Statement by the office owner and change in the AML procedure<\/span><\/a><\/div><\/div><\/li>\n<\/ul>\n\n\n<p><\/p>\n\n\n\n<p><\/p>\n","protected":false},"excerpt":{"rendered":"<p>Follow our social media pages! Latest articles<\/p>\n","protected":false},"author":1,"featured_media":0,"parent":0,"menu_order":0,"comment_status":"closed","ping_status":"closed","template":"","meta":{"footnotes":""},"class_list":["post-118","page","type-page","status-publish","hentry"],"jetpack_sharing_enabled":true,"_links":{"self":[{"href":"https:\/\/szabo.pl\/index.php\/wp-json\/wp\/v2\/pages\/118","targetHints":{"allow":["GET"]}}],"collection":[{"href":"https:\/\/szabo.pl\/index.php\/wp-json\/wp\/v2\/pages"}],"about":[{"href":"https:\/\/szabo.pl\/index.php\/wp-json\/wp\/v2\/types\/page"}],"author":[{"embeddable":true,"href":"https:\/\/szabo.pl\/index.php\/wp-json\/wp\/v2\/users\/1"}],"replies":[{"embeddable":true,"href":"https:\/\/szabo.pl\/index.php\/wp-json\/wp\/v2\/comments?post=118"}],"version-history":[{"count":6,"href":"https:\/\/szabo.pl\/index.php\/wp-json\/wp\/v2\/pages\/118\/revisions"}],"predecessor-version":[{"id":3109,"href":"https:\/\/szabo.pl\/index.php\/wp-json\/wp\/v2\/pages\/118\/revisions\/3109"}],"wp:attachment":[{"href":"https:\/\/szabo.pl\/index.php\/wp-json\/wp\/v2\/media?parent=118"}],"curies":[{"name":"wp","href":"https:\/\/api.w.org\/{rel}","templated":true}]}}