{"id":196,"date":"2020-01-13T23:04:06","date_gmt":"2020-01-13T22:04:06","guid":{"rendered":"http:\/\/szabo.pl\/?page_id=196"},"modified":"2020-01-13T23:04:07","modified_gmt":"2020-01-13T22:04:07","slug":"latest-contents","status":"publish","type":"page","link":"https:\/\/szabo.pl\/index.php\/en\/latest-contents\/","title":{"rendered":"Latest contents"},"content":{"rendered":"<ul class=\"wp-block-latest-posts__list wp-block-latest-posts\"><li><a class=\"wp-block-latest-posts__post-title\" href=\"https:\/\/szabo.pl\/index.php\/en\/2026\/01\/23\/how-much-do-i-pay-to-zus-in-2026-as-an-entrepreneur\/\">How much do I pay to ZUS in 2026 as an entrepreneur<\/a><\/li>\n<li><a class=\"wp-block-latest-posts__post-title\" href=\"https:\/\/szabo.pl\/index.php\/2026\/01\/23\/vallalkozokent-mennyit-fizetek-a-zus-nak-2026-ban\/\">V\u00e1llalkoz\u00f3k\u00e9nt mennyit fizetek a ZUS-nak 2026-ban?<\/a><\/li>\n<li><a class=\"wp-block-latest-posts__post-title\" href=\"https:\/\/szabo.pl\/index.php\/2025\/12\/22\/csereld-ki-a-sasos-papirt-2026-augusztus-elott\/\">Cser\u00e9ld ki a &#8222;sasos pap\u00edrt&#8221; 2026 augusztus el\u0151tt!<\/a><\/li>\n<li><a class=\"wp-block-latest-posts__post-title\" href=\"https:\/\/szabo.pl\/index.php\/pl\/2025\/11\/20\/pakiet-ppo\/\">Pakiet PPO +<\/a><\/li>\n<li><a class=\"wp-block-latest-posts__post-title\" href=\"https:\/\/szabo.pl\/index.php\/pl\/2025\/11\/20\/e-dor\/\">Pakiet e-DOR +<\/a><\/li>\n<\/ul>","protected":false},"excerpt":{"rendered":"","protected":false},"author":1,"featured_media":0,"parent":0,"menu_order":0,"comment_status":"closed","ping_status":"closed","template":"","meta":{"footnotes":""},"class_list":["post-196","page","type-page","status-publish","hentry"],"jetpack_sharing_enabled":true,"_links":{"self":[{"href":"https:\/\/szabo.pl\/index.php\/wp-json\/wp\/v2\/pages\/196","targetHints":{"allow":["GET"]}}],"collection":[{"href":"https:\/\/szabo.pl\/index.php\/wp-json\/wp\/v2\/pages"}],"about":[{"href":"https:\/\/szabo.pl\/index.php\/wp-json\/wp\/v2\/types\/page"}],"author":[{"embeddable":true,"href":"https:\/\/szabo.pl\/index.php\/wp-json\/wp\/v2\/users\/1"}],"replies":[{"embeddable":true,"href":"https:\/\/szabo.pl\/index.php\/wp-json\/wp\/v2\/comments?post=196"}],"version-history":[{"count":1,"href":"https:\/\/szabo.pl\/index.php\/wp-json\/wp\/v2\/pages\/196\/revisions"}],"predecessor-version":[{"id":197,"href":"https:\/\/szabo.pl\/index.php\/wp-json\/wp\/v2\/pages\/196\/revisions\/197"}],"wp:attachment":[{"href":"https:\/\/szabo.pl\/index.php\/wp-json\/wp\/v2\/media?parent=196"}],"curies":[{"name":"wp","href":"https:\/\/api.w.org\/{rel}","templated":true}]}}