{"id":2206,"date":"2025-11-04T12:54:03","date_gmt":"2025-11-04T11:54:03","guid":{"rendered":"https:\/\/szabo.pl\/?page_id=2206"},"modified":"2025-11-28T14:17:14","modified_gmt":"2025-11-28T13:17:14","slug":"pakiety-abonamentowe","status":"publish","type":"page","link":"https:\/\/szabo.pl\/index.php\/pl\/pakiety-abonamentowe\/","title":{"rendered":"Pakiety abonamentowe"},"content":{"rendered":"\n<h2 class=\"wp-block-heading\"><a href=\"https:\/\/szabo.pl\/index.php\/pl\/pakiety-abonamentowe-solo\/\" data-type=\"page\" data-id=\"2216\">Pakiety SOLO<\/a><\/h2>\n\n\n\n<div class=\"wp-block-columns is-layout-flex wp-container-core-columns-is-layout-9d6595d7 wp-block-columns-is-layout-flex\">\n<div class=\"wp-block-column is-layout-flow wp-block-column-is-layout-flow\" style=\"flex-basis:66.66%\">\n<ul id=\"block-f7904df0-7e02-4cae-b197-c0c95df78235\" class=\"wp-block-list\">\n<li>Ksi\u0119gowo\u015b\u0107 uproszczona<\/li>\n\n\n\n<li>Dla\n<ul class=\"wp-block-list\">\n<li>jednoosobowej dzia\u0142alno\u015bci gospodarczej<\/li>\n\n\n\n<li>sp\u00f3\u0142ek cywilnych<\/li>\n\n\n\n<li>sp\u00f3\u0142ek osobowych<\/li>\n<\/ul>\n<\/li>\n<\/ul>\n<\/div>\n\n\n\n<div class=\"wp-block-column is-layout-flow wp-block-column-is-layout-flow\" style=\"flex-basis:33.33%\">\n<p class=\"has-text-align-center has-green-color has-text-color\"><strong><a href=\"https:\/\/szabo.pl\/index.php\/pl\/pakiety-abonamentowe-solo\/\" data-type=\"page\" data-id=\"2216\">Do 15 <\/a>pozycji PKPiR lub EP<\/strong><\/p>\n\n\n\n<p class=\"has-text-align-center has-green-color has-text-color\"><strong><a href=\"https:\/\/szabo.pl\/index.php\/pl\/pakiety-abonamentowe-solo\/\" data-type=\"page\" data-id=\"2216\">od<\/a><\/strong><\/p>\n\n\n\n<p class=\"has-text-align-center has-green-color has-text-color\" style=\"font-size:32px\"><strong><a href=\"https:\/\/szabo.pl\/index.php\/pl\/pakiety-abonamentowe-solo\/\" data-type=\"page\" data-id=\"2216\">250 z\u0142,-<\/a><\/strong><\/p>\n\n\n\n<p class=\"has-text-align-center has-green-color has-text-color\"><strong><a href=\"https:\/\/szabo.pl\/index.php\/pl\/pakiety-abonamentowe-solo\/\" data-type=\"page\" data-id=\"2216\">(+23% VAT) \/ miesi\u0105c<\/a><\/strong><\/p>\n<\/div>\n<\/div>\n\n\n\n<h2 class=\"wp-block-heading\"><a href=\"https:\/\/szabo.pl\/index.php\/pl\/pakiety-abonamentowe-corpo\/\" data-type=\"page\" data-id=\"2238\">Pakiety CORPO<\/a><\/h2>\n\n\n\n<div class=\"wp-block-columns is-layout-flex wp-container-core-columns-is-layout-9d6595d7 wp-block-columns-is-layout-flex\">\n<div class=\"wp-block-column is-layout-flow wp-block-column-is-layout-flow\" style=\"flex-basis:66.66%\">\n<ul class=\"wp-block-list\">\n<li>Pe\u0142ne ksi\u0119gi rachunkowe<\/li>\n\n\n\n<li>For companies under commercial law<\/li>\n\n\n\n<li>For entrepreneurs exceeding the limit for simplified accounting<\/li>\n<\/ul>\n<\/div>\n\n\n\n<div class=\"wp-block-column is-layout-flow wp-block-column-is-layout-flow\" style=\"flex-basis:33.33%\">\n<p class=\"has-text-align-center has-green-color has-text-color\"><strong><a href=\"https:\/\/szabo.pl\/index.php\/pl\/pakiety-abonamentowe-corpo%ef%bf%bc\/\" data-type=\"page\" data-id=\"2238\">Do 50 dekret\u00f3w<\/a><\/strong><\/p>\n\n\n\n<p class=\"has-text-align-center has-green-color has-text-color\"><strong><a href=\"https:\/\/szabo.pl\/index.php\/pl\/pakiety-abonamentowe-corpo%ef%bf%bc\/\" data-type=\"page\" data-id=\"2238\">od<\/a><\/strong><\/p>\n\n\n\n<p class=\"has-text-align-center has-green-color has-text-color\" style=\"font-size:32px\"><strong><a href=\"https:\/\/szabo.pl\/index.php\/pl\/pakiety-abonamentowe-corpo\/\" data-type=\"page\" data-id=\"2238\">490 z\u0142,-<\/a><\/strong><\/p>\n\n\n\n<p class=\"has-text-align-center has-green-color has-text-color\"><strong><a href=\"https:\/\/szabo.pl\/index.php\/pl\/pakiety-abonamentowe-corpo%ef%bf%bc\/\" data-type=\"page\" data-id=\"2238\">(+23% VAT) \/ miesi\u0105c<\/a><\/strong><\/p>\n<\/div>\n<\/div>\n\n\n\n<h2 class=\"wp-block-heading\"><a href=\"https:\/\/szabo.pl\/index.php\/pl\/pakiety-compenso\/\" data-type=\"page\" data-id=\"2805\">Pakiety COMPENSO<\/a><\/h2>\n\n\n\n<div class=\"wp-block-columns is-layout-flex wp-container-core-columns-is-layout-9d6595d7 wp-block-columns-is-layout-flex\">\n<div class=\"wp-block-column is-layout-flow wp-block-column-is-layout-flow\" style=\"flex-basis:66.66%\">\n<ul class=\"wp-block-list\">\n<li>Pakiety us\u0142ug kadrowych<\/li>\n\n\n\n<li>Dla przedsi\u0119biorc\u00f3w zatrudniaj\u0105cych 3 lub wi\u0119cej os\u00f3b<\/li>\n<\/ul>\n<\/div>\n\n\n\n<div class=\"wp-block-column is-layout-flow wp-block-column-is-layout-flow\" style=\"flex-basis:33.33%\">\n<p class=\"has-text-align-center has-green-color has-text-color\"><strong>Do 3 os.\/um\u00f3w\/miesi\u0105c<\/strong><\/p>\n\n\n\n<p class=\"has-text-align-center has-green-color has-text-color\"><strong>od<\/strong><\/p>\n\n\n\n<p class=\"has-text-align-center has-green-color has-text-color\" style=\"font-size:32px\"><strong>240 z\u0142,-<\/strong><\/p>\n\n\n\n<p class=\"has-text-align-center has-green-color has-text-color\"><strong>(+23% VAT) \/ miesi\u0105c<\/strong><\/p>\n<\/div>\n<\/div>\n\n\n\n<h2 class=\"wp-block-heading\"><a href=\"https:\/\/szabo.pl\/index.php\/pl\/pakiety-dodatkowe\/\" data-type=\"page\" data-id=\"2902\">Pakiety dodatkowe, uzupe\u0142niaj\u0105ce<\/a><\/h2>\n\n\n\n<div class=\"wp-block-columns is-layout-flex wp-container-core-columns-is-layout-9d6595d7 wp-block-columns-is-layout-flex\">\n<div class=\"wp-block-column is-layout-flow wp-block-column-is-layout-flow\" style=\"flex-basis:66.66%\">\n<ul class=\"wp-block-list\">\n<li>CEIDG +<\/li>\n\n\n\n<li>e-DOR +<\/li>\n\n\n\n<li>e-US +<\/li>\n\n\n\n<li>PPO+<\/li>\n<\/ul>\n<\/div>\n\n\n\n<div class=\"wp-block-column is-layout-flow wp-block-column-is-layout-flow\" style=\"flex-basis:33.33%\">\n<p class=\"has-text-align-center has-green-color has-text-color\" style=\"font-size:32px\"><strong><a href=\"https:\/\/szabo.pl\/index.php\/pl\/pakiety-dodatkowe\/\" data-type=\"page\" data-id=\"2902\">Dodatkowe us\u0142ugi do abonamentu<\/a><\/strong><\/p>\n<\/div>\n<\/div>\n\n\n\n<p><\/p>\n","protected":false},"excerpt":{"rendered":"<p>Pakiety SOLO Do 15 pozycji PKPiR lub EP od 250 z\u0142,- (+23% VAT) \/ miesi\u0105c<\/p>\n<div class=\"continue-reading-blog\"><a href=\"https:\/\/szabo.pl\/index.php\/pl\/pakiety-abonamentowe\/\" class=\"more-link\">Continue Reading<i class=\"fa fa-long-arrow-right\"><\/i><span class=\"screen-reader-text\">Pakiety abonamentowe<\/span><\/a><\/div>\n","protected":false},"author":1,"featured_media":0,"parent":0,"menu_order":0,"comment_status":"closed","ping_status":"closed","template":"","meta":{"footnotes":""},"class_list":["post-2206","page","type-page","status-publish","hentry"],"jetpack_sharing_enabled":true,"_links":{"self":[{"href":"https:\/\/szabo.pl\/index.php\/wp-json\/wp\/v2\/pages\/2206","targetHints":{"allow":["GET"]}}],"collection":[{"href":"https:\/\/szabo.pl\/index.php\/wp-json\/wp\/v2\/pages"}],"about":[{"href":"https:\/\/szabo.pl\/index.php\/wp-json\/wp\/v2\/types\/page"}],"author":[{"embeddable":true,"href":"https:\/\/szabo.pl\/index.php\/wp-json\/wp\/v2\/users\/1"}],"replies":[{"embeddable":true,"href":"https:\/\/szabo.pl\/index.php\/wp-json\/wp\/v2\/comments?post=2206"}],"version-history":[{"count":8,"href":"https:\/\/szabo.pl\/index.php\/wp-json\/wp\/v2\/pages\/2206\/revisions"}],"predecessor-version":[{"id":2997,"href":"https:\/\/szabo.pl\/index.php\/wp-json\/wp\/v2\/pages\/2206\/revisions\/2997"}],"wp:attachment":[{"href":"https:\/\/szabo.pl\/index.php\/wp-json\/wp\/v2\/media?parent=2206"}],"curies":[{"name":"wp","href":"https:\/\/api.w.org\/{rel}","templated":true}]}}