{"id":2207,"date":"2025-10-29T09:34:06","date_gmt":"2025-10-29T08:34:06","guid":{"rendered":"https:\/\/szabo.pl\/?page_id=2207"},"modified":"2025-11-20T14:51:45","modified_gmt":"2025-11-20T13:51:45","slug":"elofizetesi-csomagok","status":"publish","type":"page","link":"https:\/\/szabo.pl\/index.php\/elofizetesi-csomagok\/","title":{"rendered":"El\u0151fizet\u00e9si csomagok"},"content":{"rendered":"\n<h2 class=\"wp-block-heading\"> <a href=\"https:\/\/szabo.pl\/index.php\/solo-elofizetesi-csomagok\/\" data-type=\"page\" data-id=\"2557\">SOLO csomagok<\/a><\/h2>\n\n\n\n<div class=\"wp-block-columns is-layout-flex wp-container-core-columns-is-layout-9d6595d7 wp-block-columns-is-layout-flex\">\n<div class=\"wp-block-column is-layout-flow wp-block-column-is-layout-flow\" style=\"flex-basis:66.66%\">\n<ul id=\"block-f7904df0-7e02-4cae-b197-c0c95df78235\" class=\"wp-block-list\">\n<li>Egyszer\u0171s\u00edtett k\u00f6nyvel\u00e9shez<\/li>\n\n\n\n<li>Aj\u00e1nljuk\n<ul class=\"wp-block-list\">\n<li>egy\u00e9ni v\u00e1llalkoz\u00f3knak<\/li>\n\n\n\n<li>polg\u00e1rjogi t\u00e1rsas\u00e1goknak<\/li>\n\n\n\n<li>jogi szem\u00e9lyis\u00e9ggel nem rendelkez\u0151 t\u00e1rsas\u00e1goknak<\/li>\n<\/ul>\n<\/li>\n<\/ul>\n<\/div>\n\n\n\n<div class=\"wp-block-column is-layout-flow wp-block-column-is-layout-flow\" style=\"flex-basis:33.33%\">\n<p class=\"has-text-align-center has-green-color has-text-color\"><strong> 15 PKPiR vagy EP<\/strong> <strong>bejegyz\u00e9sig<\/strong><\/p>\n\n\n\n<p class=\"has-text-align-center has-green-color has-text-color\" style=\"font-size:32px\"><strong>250 z\u0142,-<\/strong><\/p>\n\n\n\n<p class=\"has-text-align-center has-green-color has-text-color\"><strong>(+23% \u00c1FA) \/ h\u00f3napt\u00f3l<\/strong><\/p>\n<\/div>\n<\/div>\n\n\n\n<h2 class=\"wp-block-heading\"><a href=\"https:\/\/szabo.pl\/index.php\/corpo-elofizetesi-csomagok\/\" data-type=\"page\" data-id=\"2723\">CORPO csomagok<\/a><\/h2>\n\n\n\n<div class=\"wp-block-columns is-layout-flex wp-container-core-columns-is-layout-9d6595d7 wp-block-columns-is-layout-flex\">\n<div class=\"wp-block-column is-layout-flow wp-block-column-is-layout-flow\" style=\"flex-basis:66.66%\">\n<ul class=\"wp-block-list\">\n<li>Teljes k\u00f6nyvel\u00e9s<\/li>\n\n\n\n<li>Gazdas\u00e1gi t\u00e1rsas\u00e1goknak<\/li>\n\n\n\n<li>Azoknak a v\u00e1llalkoz\u00e1soknak, amelyeknek a hat\u00e1r\u00e9rt\u00e9kek \u00e1tl\u00e9p\u00e9se miatt nincs lehet\u0151s\u00e9ge egyszer\u0171s\u00edtett k\u00f6nyvel\u00e9st alkalmaznia.<\/li>\n<\/ul>\n<\/div>\n\n\n\n<div class=\"wp-block-column is-layout-flow wp-block-column-is-layout-flow\" style=\"flex-basis:33.33%\">\n<p class=\"has-text-align-center has-green-color has-text-color\"><strong>50 k\u00f6nyvel\u00e9si dokumentumig<\/strong><\/p>\n\n\n\n<p class=\"has-text-align-center has-green-color has-text-color\" style=\"font-size:32px\"><strong>490 z\u0142,-<\/strong><\/p>\n\n\n\n<p class=\"has-text-align-center has-green-color has-text-color\"><strong>(+23% \u00c1FA) \/ h\u00f3napt\u00f3l<\/strong><\/p>\n<\/div>\n<\/div>\n\n\n\n<h2 class=\"wp-block-heading\"><a href=\"https:\/\/szabo.pl\/index.php\/compenso-elofizetesi-csomagok\/\" data-type=\"page\" data-id=\"2821\">COMPENSO csomagok<\/a><\/h2>\n\n\n\n<div class=\"wp-block-columns is-layout-flex wp-container-core-columns-is-layout-9d6595d7 wp-block-columns-is-layout-flex\">\n<div class=\"wp-block-column is-layout-flow wp-block-column-is-layout-flow\" style=\"flex-basis:66.66%\">\n<ul class=\"wp-block-list\">\n<li>B\u00e9relsz\u00e1mol\u00e1si \u00e9s munka\u00fcgyi szolg\u00e1ltat\u00e1sok<\/li>\n\n\n\n<li>Azoknak a v\u00e1llalkoz\u00e1soknak, akik 3 vagy t\u00f6bb szem\u00e9lyt foglalkoztatnak.<\/li>\n<\/ul>\n<\/div>\n\n\n\n<div class=\"wp-block-column is-layout-flow wp-block-column-is-layout-flow\" style=\"flex-basis:33.33%\">\n<p class=\"has-text-align-center has-green-color has-text-color\"><strong>3 szem\u00e9ly\/szerz\u0151d\u00e9s\/h\u00f3napt\u00f3l<\/strong><\/p>\n\n\n\n<p class=\"has-text-align-center has-green-color has-text-color\" style=\"font-size:32px\"><strong>240 z\u0142,-<\/strong><\/p>\n\n\n\n<p class=\"has-text-align-center has-green-color has-text-color\"><strong>(+23% \u00c1FA) \/ h\u00f3napt\u00f3l<\/strong><\/p>\n<\/div>\n<\/div>\n\n\n\n<h2 class=\"wp-block-heading\"><a href=\"https:\/\/szabo.pl\/index.php\/kiegeszito-csomagok\/\" data-type=\"page\" data-id=\"2904\">Pakiety dodatkowe, uzupe\u0142niaj\u0105ce<\/a><\/h2>\n\n\n\n<div class=\"wp-block-columns is-layout-flex wp-container-core-columns-is-layout-9d6595d7 wp-block-columns-is-layout-flex\">\n<div class=\"wp-block-column is-layout-flow wp-block-column-is-layout-flow\" style=\"flex-basis:66.66%\">\n<ul class=\"wp-block-list\">\n<li>CEIDG +<\/li>\n\n\n\n<li>e-DOR +<\/li>\n\n\n\n<li>e-US +<\/li>\n\n\n\n<li>PPO+<\/li>\n<\/ul>\n<\/div>\n\n\n\n<div class=\"wp-block-column is-layout-flow wp-block-column-is-layout-flow\" style=\"flex-basis:33.33%\">\n<p class=\"has-text-align-center has-green-color has-text-color\" style=\"font-size:32px\"><strong><a href=\"https:\/\/szabo.pl\/index.php\/kiegeszito-csomagok\/\" data-type=\"page\" data-id=\"2904\">Kieg\u00e9sz\u00edt\u0151 csomagok az el\u0151fizet\u00e9sekhez<\/a><\/strong><\/p>\n<\/div>\n<\/div>\n","protected":false},"excerpt":{"rendered":"<p>SOLO csomagok 15 PKPiR vagy EP bejegyz\u00e9sig 250 z\u0142,- (+23% \u00c1FA) \/ h\u00f3napt\u00f3l CORPO csomagok<\/p>\n<div class=\"continue-reading-blog\"><a href=\"https:\/\/szabo.pl\/index.php\/elofizetesi-csomagok\/\" class=\"more-link\">Continue Reading<i class=\"fa fa-long-arrow-right\"><\/i><span class=\"screen-reader-text\">El\u0151fizet\u00e9si csomagok<\/span><\/a><\/div>\n","protected":false},"author":1,"featured_media":0,"parent":0,"menu_order":0,"comment_status":"closed","ping_status":"closed","template":"","meta":{"footnotes":""},"class_list":["post-2207","page","type-page","status-publish","hentry"],"jetpack_sharing_enabled":true,"_links":{"self":[{"href":"https:\/\/szabo.pl\/index.php\/wp-json\/wp\/v2\/pages\/2207","targetHints":{"allow":["GET"]}}],"collection":[{"href":"https:\/\/szabo.pl\/index.php\/wp-json\/wp\/v2\/pages"}],"about":[{"href":"https:\/\/szabo.pl\/index.php\/wp-json\/wp\/v2\/types\/page"}],"author":[{"embeddable":true,"href":"https:\/\/szabo.pl\/index.php\/wp-json\/wp\/v2\/users\/1"}],"replies":[{"embeddable":true,"href":"https:\/\/szabo.pl\/index.php\/wp-json\/wp\/v2\/comments?post=2207"}],"version-history":[{"count":4,"href":"https:\/\/szabo.pl\/index.php\/wp-json\/wp\/v2\/pages\/2207\/revisions"}],"predecessor-version":[{"id":2934,"href":"https:\/\/szabo.pl\/index.php\/wp-json\/wp\/v2\/pages\/2207\/revisions\/2934"}],"wp:attachment":[{"href":"https:\/\/szabo.pl\/index.php\/wp-json\/wp\/v2\/media?parent=2207"}],"curies":[{"name":"wp","href":"https:\/\/api.w.org\/{rel}","templated":true}]}}