{"id":2276,"date":"2025-11-05T13:21:04","date_gmt":"2025-11-05T12:21:04","guid":{"rendered":"https:\/\/szabo.pl\/?page_id=2276"},"modified":"2025-11-05T13:25:57","modified_gmt":"2025-11-05T12:25:57","slug":"szolgaltatasok-leirasai","status":"publish","type":"page","link":"https:\/\/szabo.pl\/index.php\/szolgaltatasok-leirasai\/","title":{"rendered":"Szolg\u00e1ltat\u00e1sok le\u00edr\u00e1sai"},"content":{"rendered":"<form role=\"search\" method=\"get\" action=\"https:\/\/szabo.pl\/\" class=\"wp-block-search__button-outside wp-block-search__icon-button wp-block-search\"    ><label class=\"wp-block-search__label\" for=\"wp-block-search__input-1\" >Keres\u00e9s<\/label><div class=\"wp-block-search__inside-wrapper\" ><input class=\"wp-block-search__input\" id=\"wp-block-search__input-1\" placeholder=\"Keres\u00e9s webhelyen...\" value=\"\" type=\"search\" name=\"s\" required \/><button aria-label=\"Search\" class=\"wp-block-search__button has-icon wp-element-button\" type=\"submit\" ><svg class=\"search-icon\" viewBox=\"0 0 24 24\" width=\"24\" height=\"24\">\n\t\t\t\t\t<path d=\"M13 5c-3.3 0-6 2.7-6 6 0 1.4.5 2.7 1.3 3.7l-3.8 3.8 1.1 1.1 3.8-3.8c1 .8 2.3 1.3 3.7 1.3 3.3 0 6-2.7 6-6S16.3 5 13 5zm0 10.5c-2.5 0-4.5-2-4.5-4.5s2-4.5 4.5-4.5 4.5 2 4.5 4.5-2 4.5-4.5 4.5z\"><\/path>\n\t\t\t\t<\/svg><\/button><\/div><\/form>\n\n\n<div class=\"wp-block-query is-layout-flow wp-block-query-is-layout-flow\"><ul class=\"wp-block-post-template is-layout-flow wp-block-post-template-is-layout-flow\"><li class=\"wp-block-post post-2335 post type-post status-publish format-standard hentry category-opis-uslug-hu\">\n<h2 class=\"wp-block-post-title\"><a href=\"https:\/\/szabo.pl\/index.php\/2025\/10\/30\/cit-8e-3\/\" target=\"_self\" >CIT-8E<\/a><\/h2>\n\n<div class=\"wp-block-post-excerpt\"><p class=\"wp-block-post-excerpt__excerpt\">A CIT-8E bevall\u00e1s a t\u00e1rsas\u00e1gi ad\u00f3 (CIT) fizet\u0151inek sz\u00f3l\u00f3 nyomtatv\u00e1ny, amelyet az \u00fczleti tev\u00e9kenys\u00e9gek bev\u00e9teleinekContinue ReadingCIT-8E <\/p><\/div>\n<\/li><li class=\"wp-block-post post-2846 post type-post status-publish format-standard hentry category-hu category-opis-uslug-hu\">\n<h2 class=\"wp-block-post-title\"><a href=\"https:\/\/szabo.pl\/index.php\/2025\/11\/20\/e-dor-kiegeszito-csomag\/\" target=\"_self\" >e-DOR + kieg\u00e9sz\u00edt\u0151 csomag<\/a><\/h2>\n\n<div class=\"wp-block-post-excerpt\"><p class=\"wp-block-post-excerpt__excerpt\">Az e-dor\u0119czenia (e-k\u00e9zbes\u00edt\u00e9si) fi\u00f3k meghatalmazott \u00e1ltali kezel\u00e9s\u00e9re Havonta 40 z\u0142 \u00e1ron El\u00e9rhet\u0151 az al\u00e1bbi el\u0151fizet\u00e9siContinue Readinge-DOR + kieg\u00e9sz\u00edt\u0151 csomag <\/p><\/div>\n<\/li><li class=\"wp-block-post post-2865 post type-post status-publish format-standard hentry category-hu category-opis-uslug-hu\">\n<h2 class=\"wp-block-post-title\"><a href=\"https:\/\/szabo.pl\/index.php\/2025\/11\/20\/ppo-kiegeszito-csomag\/\" target=\"_self\" >PPO + kieg\u00e9sz\u00edt\u0151 csomag<\/a><\/h2>\n\n<div class=\"wp-block-post-excerpt\"><p class=\"wp-block-post-excerpt__excerpt\">\u00c1ltal\u00e1nos ad\u00f3\u00fcgyi k\u00e9pviseleti szolg\u00e1ltat\u00e1s \u00c1r: 100,- z\u0142\/h\u00f3nap El\u00e9rhet\u0151 a CORPO vagy SOLO el\u0151fizet\u00e9sekhez <\/p><\/div>\n<\/li><\/ul>\n\n<nav class=\"wp-block-query-pagination is-layout-flex wp-block-query-pagination-is-layout-flex\" aria-label=\"Lapoz\u00e1s\">\n\n\n<div class=\"wp-block-query-pagination-numbers\"><span aria-label=\"Page 1\" aria-current=\"page\" class=\"page-numbers current\">1<\/span>\n<a aria-label=\"Page 2\" class=\"page-numbers\" href=\"?query-7-page=2\">2<\/a><\/div>\n\n<a href=\"\/index.php\/wp-json\/wp\/v2\/pages\/2276?query-7-page=2\" class=\"wp-block-query-pagination-next\">K\u00f6vetkez\u0151 oldal<\/a>\n<\/nav><\/div>\n","protected":false},"excerpt":{"rendered":"","protected":false},"author":1,"featured_media":0,"parent":0,"menu_order":0,"comment_status":"closed","ping_status":"closed","template":"","meta":{"footnotes":""},"class_list":["post-2276","page","type-page","status-publish","hentry"],"jetpack_sharing_enabled":true,"_links":{"self":[{"href":"https:\/\/szabo.pl\/index.php\/wp-json\/wp\/v2\/pages\/2276","targetHints":{"allow":["GET"]}}],"collection":[{"href":"https:\/\/szabo.pl\/index.php\/wp-json\/wp\/v2\/pages"}],"about":[{"href":"https:\/\/szabo.pl\/index.php\/wp-json\/wp\/v2\/types\/page"}],"author":[{"embeddable":true,"href":"https:\/\/szabo.pl\/index.php\/wp-json\/wp\/v2\/users\/1"}],"replies":[{"embeddable":true,"href":"https:\/\/szabo.pl\/index.php\/wp-json\/wp\/v2\/comments?post=2276"}],"version-history":[{"count":3,"href":"https:\/\/szabo.pl\/index.php\/wp-json\/wp\/v2\/pages\/2276\/revisions"}],"predecessor-version":[{"id":2709,"href":"https:\/\/szabo.pl\/index.php\/wp-json\/wp\/v2\/pages\/2276\/revisions\/2709"}],"wp:attachment":[{"href":"https:\/\/szabo.pl\/index.php\/wp-json\/wp\/v2\/media?parent=2276"}],"curies":[{"name":"wp","href":"https:\/\/api.w.org\/{rel}","templated":true}]}}