{"id":2280,"date":"2025-11-04T13:16:08","date_gmt":"2025-11-04T12:16:08","guid":{"rendered":"https:\/\/szabo.pl\/?page_id=2280"},"modified":"2025-11-28T11:21:05","modified_gmt":"2025-11-28T10:21:05","slug":"pakiet-solo-grid-backup","status":"publish","type":"page","link":"https:\/\/szabo.pl\/index.php\/pl\/pakiet-solo-grid-backup\/","title":{"rendered":"Pakiet SOLO Grid"},"content":{"rendered":"\n<h2 class=\"wp-block-heading\">Pakiet zawiera nast\u0119puj\u0105ce us\u0142ugi<\/h2>\n\n\n\n<p> Polecony pakiet dla dzia\u0142alno\u015bci mniejszego rozmiaru: <strong>Pakiet SOLO Point<\/strong>.<\/p>\n\n\n\n<p> Polecony pakiet dla wi\u0119kszego rozmiaru dzia\u0142alno\u015bci, kt\u00f3ry zawiera jeszcze wi\u0119cej us\u0142ug : <strong>Pakiet SOLO Matrix<\/strong> lub <strong>Pakiet SOLO Cluster<\/strong>.<\/p>\n\n\n\n<figure class=\"wp-block-table is-style-regular\"><table class=\"has-background\" style=\"background-color:#00000000\"><tbody><tr><td><\/td><td class=\"has-text-align-center\" data-align=\"center\"><strong>Pakiet SOLO Point<\/strong><\/td><td class=\"has-text-align-center\" data-align=\"center\"><strong>Pakiet SOLO Grid<\/strong><\/td><td><strong>R\u00f3\u017cnica<\/strong><\/td><\/tr><tr><td>Miesi\u0119czna cena pakietu<\/td><td class=\"has-text-align-center\" data-align=\"center\">250,- z\u0142<br><img decoding=\"async\" src=\"https:\/\/szabo.pl\/wp-content\/uploads\/2025\/10\/gotoarrow50.png\" alt=\"Zam\u00f3w\"><\/td><td class=\"has-text-align-center\" data-align=\"center\">350,- z\u0142<br><img decoding=\"async\" src=\"https:\/\/szabo.pl\/wp-content\/uploads\/2025\/10\/gotoarrow50.png\" alt=\"Zam\u00f3w\"><\/td><td><img decoding=\"async\" src=\"https:\/\/szabo.pl\/wp-content\/uploads\/2025\/10\/TAK_tick.png\" alt=\"TAK\"><\/td><\/tr><tr><td>Prowadzenie Podatkowej Ksi\u0119gi Przychod\u00f3w i Rozchod\u00f3w<br>lub<br>prowadzenie Ewidencji Przychod\u00f3w na cele podatku rycza\u0142towanego <img decoding=\"async\" src=\"https:\/\/szabo.pl\/wp-content\/uploads\/2025\/10\/Ikon_Info20.png\" alt=\"Opis us\u0142ugi\"> <\/td><td class=\"has-text-align-center\" data-align=\"center\">do 15 pozycji;<br>powy\u017cej limitu 9,60 z\u0142 \/pozycja<\/td><td class=\"has-text-align-center\" data-align=\"center\">do 40 pozycji;<br>powy\u017cej limitu 6,40 z\u0142 \/pozycja<\/td><td><img decoding=\"async\" src=\"https:\/\/szabo.pl\/wp-content\/uploads\/2025\/10\/TAK_tick.png\" alt=\"TAK\"><\/td><\/tr><tr><td>Dost\u0119p do cyfrowego segregatora w SCANYE <img decoding=\"async\" src=\"https:\/\/szabo.pl\/wp-content\/uploads\/2025\/10\/Ikon_Info20.png\" alt=\"Opis us\u0142ugi\"><\/td><td class=\"has-text-align-center\" data-align=\"center\"><img decoding=\"async\" src=\"https:\/\/szabo.pl\/wp-content\/uploads\/2025\/10\/TAK_tick.png\" alt=\"TAK\"><\/td><td class=\"has-text-align-center\" data-align=\"center\"><img decoding=\"async\" src=\"https:\/\/szabo.pl\/wp-content\/uploads\/2025\/10\/TAK_tick.png\" alt=\"TAK\"><\/td><td><\/td><\/tr><tr><td>Mo\u017cliwo\u015b\u0107 wystawiania faktur KSeF w SCANYE <img decoding=\"async\" src=\"https:\/\/szabo.pl\/wp-content\/uploads\/2025\/10\/Ikon_Info20.png\" alt=\"Opis us\u0142ugi\"><\/td><td class=\"has-text-align-center\" data-align=\"center\"><img decoding=\"async\" src=\"https:\/\/szabo.pl\/wp-content\/uploads\/2025\/10\/TAK_tick.png\" alt=\"TAK\"><\/td><td class=\"has-text-align-center\" data-align=\"center\"><img decoding=\"async\" src=\"https:\/\/szabo.pl\/wp-content\/uploads\/2025\/10\/TAK_tick.png\" alt=\"TAK\"><\/td><td><\/td><\/tr><tr><td>Mo\u017cliwo\u015b\u0107 wystawiania faktur KSeF w programie Subiekt123 <img decoding=\"async\" src=\"https:\/\/szabo.pl\/wp-content\/uploads\/2025\/10\/Ikon_Info20.png\" alt=\"Opis us\u0142ugi\"><\/td><td class=\"has-text-align-center\" data-align=\"center\"><img decoding=\"async\" src=\"https:\/\/szabo.pl\/wp-content\/uploads\/2025\/10\/TAK_tick.png\" alt=\"TAK\"><\/td><td class=\"has-text-align-center\" data-align=\"center\"><img decoding=\"async\" src=\"https:\/\/szabo.pl\/wp-content\/uploads\/2025\/10\/TAK_tick.png\" alt=\"TAK\"><\/td><td><\/td><\/tr><tr><td>Prowadzenie ewidencja VAT sprzeda\u017cy <img decoding=\"async\" src=\"https:\/\/szabo.pl\/wp-content\/uploads\/2025\/10\/Ikon_Info20.png\" alt=\"Opis us\u0142ugi\"><\/td><td class=\"has-text-align-center\" data-align=\"center\"><img decoding=\"async\" src=\"https:\/\/szabo.pl\/wp-content\/uploads\/2025\/10\/TAK_tick.png\" alt=\"TAK\"><\/td><td class=\"has-text-align-center\" data-align=\"center\"><img decoding=\"async\" src=\"https:\/\/szabo.pl\/wp-content\/uploads\/2025\/10\/TAK_tick.png\" alt=\"TAK\"><\/td><td><\/td><\/tr><tr><td>Prowadzenie ewidencja VAT zakup\u00f3w <img decoding=\"async\" src=\"https:\/\/szabo.pl\/wp-content\/uploads\/2025\/10\/Ikon_Info20.png\" alt=\"Opis us\u0142ugi\"><\/td><td class=\"has-text-align-center\" data-align=\"center\"><img decoding=\"async\" src=\"https:\/\/szabo.pl\/wp-content\/uploads\/2025\/10\/TAK_tick.png\" alt=\"TAK\"><\/td><td class=\"has-text-align-center\" data-align=\"center\"><img decoding=\"async\" src=\"https:\/\/szabo.pl\/wp-content\/uploads\/2025\/10\/TAK_tick.png\" alt=\"TAK\"><\/td><td><\/td><\/tr><tr><td>Obliczenie i raport zaliczki miesi\u0119cznej PIT (PIT-5 lub PIT-5L) <img decoding=\"async\" src=\"https:\/\/szabo.pl\/wp-content\/uploads\/2025\/10\/Ikon_Info20.png\" alt=\"Opis us\u0142ugi\"><br>lub<br>Obliczenie i raport zaliczki podatku od przychod\u00f3w ewidencjonowanych (PPE, Rycza\u0142t) <img decoding=\"async\" src=\"https:\/\/szabo.pl\/wp-content\/uploads\/2025\/10\/Ikon_Info20.png\" alt=\"Opis us\u0142ugi\"><\/td><td class=\"has-text-align-center\" data-align=\"center\"><img decoding=\"async\" src=\"https:\/\/szabo.pl\/wp-content\/uploads\/2025\/10\/TAK_tick.png\" alt=\"TAK\"><\/td><td class=\"has-text-align-center\" data-align=\"center\"><img decoding=\"async\" src=\"https:\/\/szabo.pl\/wp-content\/uploads\/2025\/10\/TAK_tick.png\" alt=\"TAK\"><\/td><td><\/td><\/tr><tr><td>Przygotowanie i sk\u0142adanie elektronicznego pliku JPK_V7M lub JPK_V7K <img decoding=\"async\" src=\"https:\/\/szabo.pl\/wp-content\/uploads\/2025\/10\/Ikon_Info20.png\" alt=\"Opis us\u0142ugi\"><\/td><td class=\"has-text-align-center\" data-align=\"center\"><img decoding=\"async\" src=\"https:\/\/szabo.pl\/wp-content\/uploads\/2025\/10\/TAK_tick.png\" alt=\"TAK\"><\/td><td class=\"has-text-align-center\" data-align=\"center\"><img decoding=\"async\" src=\"https:\/\/szabo.pl\/wp-content\/uploads\/2025\/10\/TAK_tick.png\" alt=\"TAK\"><\/td><td><\/td><\/tr><tr><td>Przygotowanie i sk\u0142adanie elektronicznej deklaracji Vat-8 <img decoding=\"async\" src=\"https:\/\/szabo.pl\/wp-content\/uploads\/2025\/10\/Ikon_Info20.png\" alt=\"Opis us\u0142ugi\"><\/td><td class=\"has-text-align-center\" data-align=\"center\">Wg. Cennika<\/td><td class=\"has-text-align-center\" data-align=\"center\"><img decoding=\"async\" src=\"https:\/\/szabo.pl\/wp-content\/uploads\/2025\/10\/TAK_tick.png\" alt=\"TAK\"><\/td><td><img decoding=\"async\" src=\"https:\/\/szabo.pl\/wp-content\/uploads\/2025\/10\/TAK_tick.png\" alt=\"TAK\"><\/td><\/tr><tr><td>Przygotowanie i sk\u0142adanie elektronicznej deklaracji VAT-9M <img decoding=\"async\" src=\"https:\/\/szabo.pl\/wp-content\/uploads\/2025\/10\/Ikon_Info20.png\" alt=\"Opis us\u0142ugi\"><\/td><td class=\"has-text-align-center\" data-align=\"center\">Wg. Cennika<\/td><td class=\"has-text-align-center\" data-align=\"center\"><img decoding=\"async\" src=\"https:\/\/szabo.pl\/wp-content\/uploads\/2025\/10\/TAK_tick.png\" alt=\"TAK\"><\/td><td><img decoding=\"async\" src=\"https:\/\/szabo.pl\/wp-content\/uploads\/2025\/10\/TAK_tick.png\" alt=\"TAK\"><\/td><\/tr><tr><td>Prowadzenie ewidencji \u015brodk\u00f3w trwa\u0142ych (je\u015bli Klient posiada \u015brodki trwale amortyzowane w danym miesi\u0105cu <img decoding=\"async\" src=\"https:\/\/szabo.pl\/wp-content\/uploads\/2025\/10\/Ikon_Info20.png\" alt=\"Opis us\u0142ugi\"><\/td><td class=\"has-text-align-center\" data-align=\"center\">Wg. Cennika<\/td><td class=\"has-text-align-center\" data-align=\"center\"><img decoding=\"async\" src=\"https:\/\/szabo.pl\/wp-content\/uploads\/2025\/10\/TAK_tick.png\" alt=\"TAK\"><\/td><td><\/td><\/tr><tr><td>Zapisy OT do ewidencji \u015brodk\u00f3w trwa\u0142ych <img decoding=\"async\" src=\"https:\/\/szabo.pl\/wp-content\/uploads\/2025\/10\/Ikon_Info20.png\" alt=\"Opis us\u0142ugi\"><\/td><td class=\"has-text-align-center\" data-align=\"center\"> 9,60 z\u0142 \/pozycja<\/td><td class=\"has-text-align-center\" data-align=\"center\">do 2 pozycji w miesi\u0105cu;<br>powy\u017cej limitu 6,40 z\u0142 \/pozycja<\/td><td><img decoding=\"async\" src=\"https:\/\/szabo.pl\/wp-content\/uploads\/2025\/10\/TAK_tick.png\" alt=\"TAK\"><\/td><\/tr><tr><td>Miesi\u0119czne naliczenie amortyzacji \u015brodk\u00f3w trwa\u0142ych <img decoding=\"async\" src=\"https:\/\/szabo.pl\/wp-content\/uploads\/2025\/10\/Ikon_Info20.png\" alt=\"Opis us\u0142ugi\"><\/td><td class=\"has-text-align-center\" data-align=\"center\">9,60 z\u0142 \/pozycja<\/td><td class=\"has-text-align-center\" data-align=\"center\"><img decoding=\"async\" src=\"https:\/\/szabo.pl\/wp-content\/uploads\/2025\/10\/TAK_tick.png\" alt=\"TAK\"><br>w ilo\u015bci zapis\u00f3w KPiR\/EP <\/td><td><img decoding=\"async\" src=\"https:\/\/szabo.pl\/wp-content\/uploads\/2025\/10\/TAK_tick.png\" alt=\"TAK\"><\/td><\/tr><tr><td>Pozosta\u0142e zapisy dot. \u015arodk\u00f3w trwa\u0142ych <img decoding=\"async\" src=\"https:\/\/szabo.pl\/wp-content\/uploads\/2025\/10\/Ikon_Info20.png\" alt=\"Opis us\u0142ugi\"><\/td><td class=\"has-text-align-center\" data-align=\"center\">9,60 z\u0142 \/pozycja<\/td><td class=\"has-text-align-center\" data-align=\"center\">do 1 pozycji w miesi\u0105cu;<br>powy\u017cej limitu 6,40 z\u0142 \/pozycja<\/td><td><img decoding=\"async\" src=\"https:\/\/szabo.pl\/wp-content\/uploads\/2025\/10\/TAK_tick.png\" alt=\"TAK\"><\/td><\/tr><tr><td>Przygotowanie dowod\u00f3w wewn\u0119trznych <img decoding=\"async\" src=\"https:\/\/szabo.pl\/wp-content\/uploads\/2025\/10\/Ikon_Info20.png\" alt=\"Opis us\u0142ugi\"><\/td><td class=\"has-text-align-center\" data-align=\"center\">&nbsp;&nbsp;&nbsp;&nbsp;&nbsp;&nbsp;&nbsp;&nbsp;&nbsp;&nbsp;&nbsp;&nbsp;&nbsp;&nbsp;&nbsp;&nbsp;&nbsp;&nbsp;&nbsp;&nbsp;&nbsp;&nbsp;&nbsp;&nbsp;&nbsp;&nbsp;&nbsp;&nbsp; 6,40 z\u0142 \/pozycja<\/td><td class=\"has-text-align-center\" data-align=\"center\">do 5 dokument\u00f3w na miesi\u0105c; powy\u017cej limitu 5,00 z\u0142 \/pozycja<\/td><td><img decoding=\"async\" src=\"https:\/\/szabo.pl\/wp-content\/uploads\/2025\/10\/TAK_tick.png\" alt=\"TAK\"><\/td><\/tr><tr><td>Prowadzenie ewidencji przejazd\u00f3w samochodem i wydatk\u00f3w powi\u0105zanych <img decoding=\"async\" src=\"https:\/\/szabo.pl\/wp-content\/uploads\/2025\/10\/Ikon_Info20.png\" alt=\"Opis us\u0142ugi\"><\/td><td class=\"has-text-align-center\" data-align=\"center\">20,00 z\u0142 \/miesi\u0105c \/samoch\u00f3d<\/td><td class=\"has-text-align-center\" data-align=\"center\">20,00 z\u0142 \/miesi\u0105c \/samoch\u00f3d<\/td><td><\/td><\/tr><tr><td>&#8211; Rejestracja dodatkowych przejazd\u00f3w <img decoding=\"async\" src=\"https:\/\/szabo.pl\/wp-content\/uploads\/2025\/10\/Ikon_Info20.png\" alt=\"Opis us\u0142ugi\"><\/td><td class=\"has-text-align-center\" data-align=\"center\">6,40 z\u0142 \/pozycja<\/td><td class=\"has-text-align-center\" data-align=\"center\">5,00 z\u0142 \/pozycja<\/td><td><img decoding=\"async\" src=\"https:\/\/szabo.pl\/wp-content\/uploads\/2025\/10\/TAK_tick.png\" alt=\"TAK\"><\/td><\/tr><tr><td>&#8211; Rejestracja dodatkowych koszt\u00f3w <img decoding=\"async\" src=\"https:\/\/szabo.pl\/wp-content\/uploads\/2025\/10\/Ikon_Info20.png\" alt=\"Opis us\u0142ugi\"><\/td><td class=\"has-text-align-center\" data-align=\"center\">6,40 z\u0142 \/pozycja<\/td><td class=\"has-text-align-center\" data-align=\"center\">5,00 z\u0142 \/pozycja<\/td><td><img decoding=\"async\" src=\"https:\/\/szabo.pl\/wp-content\/uploads\/2025\/10\/TAK_tick.png\" alt=\"TAK\"><\/td><\/tr><tr><td>Rabat warunkowy* z rocznego rozliczenia podatku dochodowego na formularzu PIT-36 lub<br>PIT-36L <img decoding=\"async\" src=\"https:\/\/szabo.pl\/wp-content\/uploads\/2025\/10\/Ikon_Info20.png\" alt=\"Opis us\u0142ugi\"><br><\/td><td class=\"has-text-align-center\" data-align=\"center\">-25% z ceny regularnej<\/td><td class=\"has-text-align-center\" data-align=\"center\">-50% z ceny regularnej<\/td><td><img decoding=\"async\" src=\"https:\/\/szabo.pl\/wp-content\/uploads\/2025\/10\/TAK_tick.png\" alt=\"TAK\"><\/td><\/tr><tr><td>Rabat warunkowy* z rocznego rozliczenia podatku od przychod\u00f3w ewidencjonowanych na formularzu PIT-28 <img decoding=\"async\" src=\"https:\/\/szabo.pl\/wp-content\/uploads\/2025\/10\/Ikon_Info20.png\" alt=\"Opis us\u0142ugi\"><\/td><td class=\"has-text-align-center\" data-align=\"center\">-25% z ceny regularnej<\/td><td class=\"has-text-align-center\" data-align=\"center\">-50% z ceny regularnej<\/td><td><img decoding=\"async\" src=\"https:\/\/szabo.pl\/wp-content\/uploads\/2025\/10\/TAK_tick.png\" alt=\"TAK\"><\/td><\/tr><tr><td>Roczny plik<br>JPK_PKPiR lub JPK_EWP<\/td><td class=\"has-text-align-center\" data-align=\"center\"><img decoding=\"async\" src=\"https:\/\/szabo.pl\/wp-content\/uploads\/2025\/10\/TAK_tick.png\" alt=\"TAK\"><\/td><td class=\"has-text-align-center\" data-align=\"center\"><img decoding=\"async\" src=\"https:\/\/szabo.pl\/wp-content\/uploads\/2025\/10\/TAK_tick.png\" alt=\"TAK\"><\/td><td><\/td><\/tr><tr><td>Roczny plik<br>JPK_ST<\/td><td class=\"has-text-align-center\" data-align=\"center\"><img decoding=\"async\" src=\"https:\/\/szabo.pl\/wp-content\/uploads\/2025\/10\/TAK_tick.png\" alt=\"TAK\"><\/td><td class=\"has-text-align-center\" data-align=\"center\"><img decoding=\"async\" src=\"https:\/\/szabo.pl\/wp-content\/uploads\/2025\/10\/TAK_tick.png\" alt=\"TAK\"><\/td><td><\/td><\/tr><tr><td>Pe\u0142nomocnictwo do elektronicznego podpisywania i wysy\u0142ania deklaracji skarbowych UPL-1 <img decoding=\"async\" src=\"https:\/\/szabo.pl\/wp-content\/uploads\/2025\/10\/Ikon_Info20.png\" alt=\"Opis us\u0142ugi\"><\/td><td class=\"has-text-align-center\" data-align=\"center\"><img decoding=\"async\" src=\"https:\/\/szabo.pl\/wp-content\/uploads\/2025\/10\/TAK_tick.png\" alt=\"TAK\"><\/td><td class=\"has-text-align-center\" data-align=\"center\"><img decoding=\"async\" src=\"https:\/\/szabo.pl\/wp-content\/uploads\/2025\/10\/TAK_tick.png\" alt=\"TAK\"><\/td><td><\/td><\/tr><tr><td>Pe\u0142nomocnictwo do elektronicznego podpisywania i wysy\u0142ania deklaracji sk\u0142adkowych p\u0142atnika sk\u0142adek ZUS PEL <img decoding=\"async\" src=\"https:\/\/szabo.pl\/wp-content\/uploads\/2025\/10\/Ikon_Info20.png\" alt=\"Opis us\u0142ugi\"><\/td><td class=\"has-text-align-center\" data-align=\"center\"><img decoding=\"async\" src=\"https:\/\/szabo.pl\/wp-content\/uploads\/2025\/10\/TAK_tick.png\" alt=\"TAK\"><\/td><td class=\"has-text-align-center\" data-align=\"center\"><img decoding=\"async\" src=\"https:\/\/szabo.pl\/wp-content\/uploads\/2025\/10\/TAK_tick.png\" alt=\"TAK\"><\/td><td><\/td><\/tr><tr><td>Pe\u0142nomocnictwo do CEIDG <img decoding=\"async\" src=\"https:\/\/szabo.pl\/wp-content\/uploads\/2025\/10\/Ikon_Info20.png\" alt=\"Opis us\u0142ugi\"><\/td><td class=\"has-text-align-center\" data-align=\"center\">Dost\u0119pny w pakiecie <strong>CEIDG+<\/strong><\/td><td class=\"has-text-align-center\" data-align=\"center\"><img decoding=\"async\" src=\"https:\/\/szabo.pl\/wp-content\/uploads\/2025\/10\/TAK_tick.png\" alt=\"TAK\"><br>Jedna dowolna rola pe\u0142nomocnika w CEIDG&nbsp;<\/td><td><img decoding=\"async\" src=\"https:\/\/szabo.pl\/wp-content\/uploads\/2025\/10\/TAK_tick.png\" alt=\"TAK\"><\/td><\/tr><tr><td>Obs\u0142uga skrzynki e-dor\u0119czenia <img decoding=\"async\" src=\"https:\/\/szabo.pl\/wp-content\/uploads\/2025\/10\/Ikon_Info20.png\" alt=\"Opis us\u0142ugi\"><\/td><td class=\"has-text-align-center\" data-align=\"center\">Dost\u0119pny w pakiecie <strong>e-DOR+<\/strong><\/td><td class=\"has-text-align-center\" data-align=\"center\">Dost\u0119pny w pakiecie <strong>e-DOR+<\/strong><\/td><td><\/td><\/tr><tr><td>Obs\u0142uga profilu przedsi\u0119biorcy na portalu podatkowym (podatki.gov.pl; e-Urz\u0105d Skarbowy) <img decoding=\"async\" src=\"https:\/\/szabo.pl\/wp-content\/uploads\/2025\/10\/Ikon_Info20.png\" alt=\"Opis us\u0142ugi\"><\/td><td class=\"has-text-align-center\" data-align=\"center\">Dost\u0119pny w pakiecie <strong>e-US+<\/strong><\/td><td class=\"has-text-align-center\" data-align=\"center\">Dost\u0119pny w pakiecie <strong>e-US+<\/strong><\/td><td><\/td><\/tr><tr><td>Deklaracja sk\u0142adek ubezpiecze\u0144 ZUS (DRA) przedsi\u0119biorcy <img decoding=\"async\" src=\"https:\/\/szabo.pl\/wp-content\/uploads\/2025\/10\/Ikon_Info20.png\" alt=\"Opis us\u0142ugi\"><\/td><td class=\"has-text-align-center\" data-align=\"center\"><img decoding=\"async\" src=\"https:\/\/szabo.pl\/wp-content\/uploads\/2025\/10\/TAK_tick.png\" alt=\"TAK\"><\/td><td class=\"has-text-align-center\" data-align=\"center\"><img decoding=\"async\" src=\"https:\/\/szabo.pl\/wp-content\/uploads\/2025\/10\/TAK_tick.png\" alt=\"TAK\"><\/td><td><\/td><\/tr><tr><td>Deklaracja RCA sk\u0142adek przedsi\u0119biorcy, pracownik\u00f3w, os\u00f3b wsp\u00f3\u0142pracuj\u0105cych <img decoding=\"async\" src=\"https:\/\/szabo.pl\/wp-content\/uploads\/2025\/10\/Ikon_Info20.png\" alt=\"Opis us\u0142ugi\"><\/td><td class=\"has-text-align-center\" data-align=\"center\">Wg. Cennika<\/td><td class=\"has-text-align-center\" data-align=\"center\"><img decoding=\"async\" src=\"https:\/\/szabo.pl\/wp-content\/uploads\/2025\/10\/TAK_tick.png\" alt=\"TAK\"><\/td><td><img decoding=\"async\" src=\"https:\/\/szabo.pl\/wp-content\/uploads\/2025\/10\/TAK_tick.png\" alt=\"TAK\"><\/td><\/tr><tr><td>Przygotowanie i sk\u0142adanie zg\u0142osze\u0144 rejestracyjnych (ZZA, ZUA, ZCNA, ZWUA) <img decoding=\"async\" src=\"https:\/\/szabo.pl\/wp-content\/uploads\/2025\/10\/Ikon_Info20.png\" alt=\"Opis us\u0142ugi\"><\/td><td class=\"has-text-align-center\" data-align=\"center\">Wg. Cennika<\/td><td class=\"has-text-align-center\" data-align=\"center\"><img decoding=\"async\" src=\"https:\/\/szabo.pl\/wp-content\/uploads\/2025\/10\/TAK_tick.png\" alt=\"TAK\"><br>do 2 dokument\u00f3w w roku<\/td><td><img decoding=\"async\" src=\"https:\/\/szabo.pl\/wp-content\/uploads\/2025\/10\/TAK_tick.png\" alt=\"TAK\"><\/td><\/tr><tr><td>Wniosek o za\u015bwiadczenie o niezaleganiu ze sk\u0142adkami ZUS (RWN) <img decoding=\"async\" src=\"https:\/\/szabo.pl\/wp-content\/uploads\/2025\/10\/Ikon_Info20.png\" alt=\"Opis us\u0142ugi\"><\/td><td class=\"has-text-align-center\" data-align=\"center\">Wg. Cennika<\/td><td class=\"has-text-align-center\" data-align=\"center\"><img decoding=\"async\" src=\"https:\/\/szabo.pl\/wp-content\/uploads\/2025\/10\/TAK_tick.png\" alt=\"TAK\"><br>1 wniosek w miesi\u0105cu<\/td><td><img decoding=\"async\" src=\"https:\/\/szabo.pl\/wp-content\/uploads\/2025\/10\/TAK_tick.png\" alt=\"TAK\"><\/td><\/tr><tr><td>RD-3 Wniosek o rozliczenie konta p\u0142atnika <img decoding=\"async\" src=\"https:\/\/szabo.pl\/wp-content\/uploads\/2025\/10\/Ikon_Info20.png\" alt=\"Opis us\u0142ugi\"><\/td><td class=\"has-text-align-center\" data-align=\"center\">Wg. Cennika<\/td><td class=\"has-text-align-center\" data-align=\"center\"><img decoding=\"async\" src=\"https:\/\/szabo.pl\/wp-content\/uploads\/2025\/10\/TAK_tick.png\" alt=\"TAK\"><br>1 wniosek w miesi\u0105cu<\/td><td><img decoding=\"async\" src=\"https:\/\/szabo.pl\/wp-content\/uploads\/2025\/10\/TAK_tick.png\" alt=\"TAK\"><\/td><\/tr><\/tbody><\/table><\/figure>\n\n\n\n<p><span style=\"text-decoration: underline;\">*Rabat warunkowy<\/span> &#8211; Warunkiem udzielenie rabatu jest wa\u017cna umowa o \u015bwiadczenie us\u0142ug lub umowa abonamentowa przez co najmniej 6 miesi\u0119cy przed wykonaniem us\u0142ugi)<\/p>\n\n\n\n<p><\/p>\n\n\n\n<p> Polecony pakiet dla dzia\u0142alno\u015bci mniejszego rozmiaru: <strong>Pakiet SOLO Point<\/strong>.<\/p>\n\n\n\n<p> Polecony pakiet dla wi\u0119kszego rozmiaru dzia\u0142alno\u015bci, kt\u00f3ry zawiera jeszcze wi\u0119cej us\u0142ug : <strong>Pakiet SOLO Matrix<\/strong> lub <strong>Pakiet SOLO Cluster<\/strong>.<\/p>\n\n\n\n<p><\/p>\n","protected":false},"excerpt":{"rendered":"<p>Pakiet zawiera nast\u0119puj\u0105ce us\u0142ugi Polecony pakiet dla dzia\u0142alno\u015bci mniejszego rozmiaru: Pakiet SOLO Point. Polecony pakiet<\/p>\n<div class=\"continue-reading-blog\"><a href=\"https:\/\/szabo.pl\/index.php\/pl\/pakiet-solo-grid-backup\/\" class=\"more-link\">Continue Reading<i class=\"fa fa-long-arrow-right\"><\/i><span class=\"screen-reader-text\">Pakiet SOLO Grid<\/span><\/a><\/div>\n","protected":false},"author":1,"featured_media":0,"parent":0,"menu_order":0,"comment_status":"closed","ping_status":"closed","template":"","meta":{"footnotes":""},"class_list":["post-2280","page","type-page","status-publish","hentry"],"jetpack_sharing_enabled":true,"_links":{"self":[{"href":"https:\/\/szabo.pl\/index.php\/wp-json\/wp\/v2\/pages\/2280","targetHints":{"allow":["GET"]}}],"collection":[{"href":"https:\/\/szabo.pl\/index.php\/wp-json\/wp\/v2\/pages"}],"about":[{"href":"https:\/\/szabo.pl\/index.php\/wp-json\/wp\/v2\/types\/page"}],"author":[{"embeddable":true,"href":"https:\/\/szabo.pl\/index.php\/wp-json\/wp\/v2\/users\/1"}],"replies":[{"embeddable":true,"href":"https:\/\/szabo.pl\/index.php\/wp-json\/wp\/v2\/comments?post=2280"}],"version-history":[{"count":4,"href":"https:\/\/szabo.pl\/index.php\/wp-json\/wp\/v2\/pages\/2280\/revisions"}],"predecessor-version":[{"id":2995,"href":"https:\/\/szabo.pl\/index.php\/wp-json\/wp\/v2\/pages\/2280\/revisions\/2995"}],"wp:attachment":[{"href":"https:\/\/szabo.pl\/index.php\/wp-json\/wp\/v2\/media?parent=2280"}],"curies":[{"name":"wp","href":"https:\/\/api.w.org\/{rel}","templated":true}]}}