{"id":2559,"date":"2025-11-06T19:10:07","date_gmt":"2025-11-06T18:10:07","guid":{"rendered":"https:\/\/szabo.pl\/?page_id=2559"},"modified":"2025-11-06T19:10:07","modified_gmt":"2025-11-06T18:10:07","slug":"solo-point-csomag","status":"publish","type":"page","link":"https:\/\/szabo.pl\/index.php\/solo-point-csomag\/","title":{"rendered":"SOLO Point csomag"},"content":{"rendered":"\n<figure class=\"wp-block-table is-style-regular\"><table><tbody><tr><td><\/td><td class=\"has-text-align-center\" data-align=\"center\"><strong>SOLO Point<\/strong> <strong>csomag<\/strong><\/td><\/tr><tr><td>El\u0151fizet\u00e9s havid\u00edja<\/td><td class=\"has-text-align-center\" data-align=\"center\">250,- z\u0142<br><img decoding=\"async\" src=\"https:\/\/szabo.pl\/wp-content\/uploads\/2025\/10\/gotoarrow50.png\" alt=\"Zam\u00f3w\"><\/td><\/tr><tr><td>Bev\u00e9telek \u00e9s kiad\u00e1sok ad\u00f3k\u00f6nyv\u00e9nek vezet\u00e9se <img decoding=\"async\" src=\"https:\/\/szabo.pl\/wp-content\/uploads\/2025\/10\/Ikon_Info20.png\" alt=\"Opis us\u0142ugi\"><br>vagy<br>Bev\u00e9telnyilv\u00e1ntart\u00e1s vezet\u00e9se \u00e1tal\u00e1nyad\u00f3 c\u00e9lj\u00e1ra <img decoding=\"async\" src=\"https:\/\/szabo.pl\/wp-content\/uploads\/2025\/10\/Ikon_Info20.png\" alt=\"Opis us\u0142ugi\"> <\/td><td class=\"has-text-align-center\" data-align=\"center\">15 t\u00e9telig;<br>limit felett: 9,60 z\u0142 \/t\u00e9tel<\/td><\/tr><tr><td>Hozz\u00e1f\u00e9r\u00e9s a SCANYE digit\u00e1lis iratgy\u0171jt\u0151h\u00f6z <img decoding=\"async\" src=\"https:\/\/szabo.pl\/wp-content\/uploads\/2025\/10\/Ikon_Info20.png\" alt=\"Opis us\u0142ugi\"><\/td><td class=\"has-text-align-center\" data-align=\"center\"><img decoding=\"async\" src=\"https:\/\/szabo.pl\/wp-content\/uploads\/2025\/10\/TAK_tick.png\" alt=\"TAK\"><\/td><\/tr><tr><td>Lehet\u0151s\u00e9g elektronikus (KSeF) sz\u00e1mlaki\u00e1ll\u00edt\u00e1sra a SCANYE rendszer\u00e9n bel\u00fcl <img decoding=\"async\" src=\"https:\/\/szabo.pl\/wp-content\/uploads\/2025\/10\/Ikon_Info20.png\" alt=\"Opis us\u0142ugi\"><\/td><td class=\"has-text-align-center\" data-align=\"center\"><img decoding=\"async\" src=\"https:\/\/szabo.pl\/wp-content\/uploads\/2025\/10\/TAK_tick.png\" alt=\"TAK\"><\/td><\/tr><tr><td>Lehet\u0151s\u00e9g elektronikus (KSeF) sz\u00e1mlaki\u00e1ll\u00edt\u00e1sra a Subiekt123 sz\u00e1ml\u00e1z\u00f3programmal <img decoding=\"async\" src=\"https:\/\/szabo.pl\/wp-content\/uploads\/2025\/10\/Ikon_Info20.png\" alt=\"Opis us\u0142ugi\"><\/td><td class=\"has-text-align-center\" data-align=\"center\"><img decoding=\"async\" src=\"https:\/\/szabo.pl\/wp-content\/uploads\/2025\/10\/TAK_tick.png\" alt=\"TAK\"><\/td><\/tr><tr><td>Elad\u00e1sok \u00c1FA nyilv\u00e1ntart\u00e1s\u00e1nak vezet\u00e9se <img decoding=\"async\" src=\"https:\/\/szabo.pl\/wp-content\/uploads\/2025\/10\/Ikon_Info20.png\" alt=\"Opis us\u0142ugi\"><\/td><td class=\"has-text-align-center\" data-align=\"center\"><img decoding=\"async\" src=\"https:\/\/szabo.pl\/wp-content\/uploads\/2025\/10\/TAK_tick.png\" alt=\"TAK\"><\/td><\/tr><tr><td>V\u00e1s\u00e1rl\u00e1sok \u00c1FA nyilv\u00e1ntart\u00e1s\u00e1nak vezet\u00e9se <img decoding=\"async\" src=\"https:\/\/szabo.pl\/wp-content\/uploads\/2025\/10\/Ikon_Info20.png\" alt=\"Opis us\u0142ugi\"><\/td><td class=\"has-text-align-center\" data-align=\"center\"><img decoding=\"async\" src=\"https:\/\/szabo.pl\/wp-content\/uploads\/2025\/10\/TAK_tick.png\" alt=\"TAK\"><\/td><\/tr><tr><td>Havi SZJA el\u0151leg jelent\u00e9s (PIT-5 vagy PIT-5L)<img decoding=\"async\" src=\"https:\/\/szabo.pl\/wp-content\/uploads\/2025\/10\/Ikon_Info20.png\" alt=\"Opis us\u0142ugi\"><br>vagy<br>Havi \u00e1tal\u00e1nyad\u00f3 el\u0151leg jelent\u00e9s (PPE, Rycza\u0142t) <img decoding=\"async\" src=\"https:\/\/szabo.pl\/wp-content\/uploads\/2025\/10\/Ikon_Info20.png\" alt=\"Opis us\u0142ugi\"><\/td><td class=\"has-text-align-center\" data-align=\"center\"><img decoding=\"async\" src=\"https:\/\/szabo.pl\/wp-content\/uploads\/2025\/10\/TAK_tick.png\" alt=\"TAK\"><\/td><\/tr><tr><td>Havi JPK_V7M vagy JPK_V7K egys\u00e9ges ellen\u0151rz\u0151 f\u00e1jl \u00e9s bevall\u00e1s elk\u00e9sz\u00edt\u00e9se \u00e9s elektronikus lead\u00e1sa<img decoding=\"async\" src=\"https:\/\/szabo.pl\/wp-content\/uploads\/2025\/10\/Ikon_Info20.png\" alt=\"Opis us\u0142ugi\"><\/td><td class=\"has-text-align-center\" data-align=\"center\"><img decoding=\"async\" src=\"https:\/\/szabo.pl\/wp-content\/uploads\/2025\/10\/TAK_tick.png\" alt=\"TAK\"><\/td><\/tr><tr><td>Bev\u00e9telez\u00e9si bejegyz\u00e9s (OT) a tart\u00f3s eszk\u00f6z nyilv\u00e1ntart\u00e1sba <img decoding=\"async\" src=\"https:\/\/szabo.pl\/wp-content\/uploads\/2025\/10\/Ikon_Info20.png\" alt=\"Opis us\u0142ugi\"><\/td><td class=\"has-text-align-center\" data-align=\"center\"> 9,60 z\u0142 \/bejegyz\u00e9s<\/td><\/tr><tr><td>A tart\u00f3s eszk\u00f6z\u00f6k havi \u00e9rt\u00e9kcs\u00f6kken\u00e9s\u00e9nek felsz\u00e1m\u00edt\u00e1sa<img decoding=\"async\" src=\"https:\/\/szabo.pl\/wp-content\/uploads\/2025\/10\/Ikon_Info20.png\" alt=\"Opis us\u0142ugi\"><\/td><td class=\"has-text-align-center\" data-align=\"center\">9,60 z\u0142 \/bejegyz\u00e9s<\/td><\/tr><tr><td>Egy\u00e9b, tart\u00f3s eszk\u00f6z\u00f6kkel kapcsolatos bejegyz\u00e9s<\/td><td class=\"has-text-align-center\" data-align=\"center\">9,60 z\u0142 \/bejegyz\u00e9s<\/td><\/tr><tr><td>Bels\u0151 k\u00f6nyvel\u00e9si dokumentum (DW) k\u00e9sz\u00edt\u00e9se <img decoding=\"async\" src=\"https:\/\/szabo.pl\/wp-content\/uploads\/2025\/10\/Ikon_Info20.png\" alt=\"Opis us\u0142ugi\"><\/td><td class=\"has-text-align-center\" data-align=\"center\">6,40 z\u0142 \/bejegyz\u00e9s<\/td><\/tr><tr><td>Szem\u00e9lyg\u00e9pj\u00e1rm\u0171ves utaz\u00e1sok \u00e9s a vel\u00fck kapcsolatos kiad\u00e1sok nyilv\u00e1ntart\u00e1s\u00e1nak vezet\u00e9se <img decoding=\"async\" src=\"https:\/\/szabo.pl\/wp-content\/uploads\/2025\/10\/Ikon_Info20.png\" alt=\"Opis us\u0142ugi\"><\/td><td class=\"has-text-align-center\" data-align=\"center\">20,00 z\u0142 \/h\u00f3nap\/g\u00e9pj\u00e1rm\u0171<\/td><\/tr><tr><td>&#8211; Tov\u00e1bbi utaz\u00e1sok bejegyz\u00e9se <img decoding=\"async\" src=\"https:\/\/szabo.pl\/wp-content\/uploads\/2025\/10\/Ikon_Info20.png\" alt=\"Opis us\u0142ugi\"><\/td><td class=\"has-text-align-center\" data-align=\"center\">6,40 z\u0142 \/bejegyz\u00e9s<\/td><\/tr><tr><td>&#8211; Tov\u00e1bbi k\u00f6lts\u00e9gek bejegyz\u00e9se <img decoding=\"async\" src=\"https:\/\/szabo.pl\/wp-content\/uploads\/2025\/10\/Ikon_Info20.png\" alt=\"Opis us\u0142ugi\"><\/td><td class=\"has-text-align-center\" data-align=\"center\">6,40 z\u0142 \/bejegyz\u00e9s<\/td><\/tr><tr><td>Felt\u00e9teles kedvezm\u00e9ny* az \u00e9ves PIT-36 vagy PIT-36L bevall\u00e1s elk\u00e9sz\u00edt\u00e9s\u00e9nek \u00e1r\u00e1b\u00f3l<br> <img decoding=\"async\" src=\"https:\/\/szabo.pl\/wp-content\/uploads\/2025\/10\/Ikon_Info20.png\" alt=\"Opis us\u0142ugi\"><br><\/td><td class=\"has-text-align-center\" data-align=\"center\">-25% az \u00e1ltal\u00e1nos d\u00edjszab\u00e1s szerinti \u00e1rb\u00f3l<\/td><\/tr><tr><td>Rabat warunkowy* z rocznego rozliczenia podatku od przychod\u00f3w ewidencjonowanych na formularzu PIT-28 <img decoding=\"async\" src=\"https:\/\/szabo.pl\/wp-content\/uploads\/2025\/10\/Ikon_Info20.png\" alt=\"Opis us\u0142ugi\"><\/td><td class=\"has-text-align-center\" data-align=\"center\">-25% az \u00e1ltal\u00e1nos d\u00edjszab\u00e1s szerinti \u00e1rb\u00f3l<\/td><\/tr><tr><td>Meghatalmaz\u00e1s ad\u00f3bevall\u00e1sok elektronikus al\u00e1\u00edr\u00e1s\u00e1ra \u00e9s elk\u00fcld\u00e9s\u00e9re UPL-1<img decoding=\"async\" src=\"https:\/\/szabo.pl\/wp-content\/uploads\/2025\/10\/Ikon_Info20.png\" alt=\"Opis us\u0142ugi\"><\/td><td class=\"has-text-align-center\" data-align=\"center\"><img decoding=\"async\" src=\"https:\/\/szabo.pl\/wp-content\/uploads\/2025\/10\/TAK_tick.png\" alt=\"TAK\"><\/td><\/tr><tr><td>A j\u00e1rul\u00e9kfizet\u0151 j\u00e1rul\u00e9kbevall\u00e1sainak elektronikus al\u00e1\u00edr\u00e1s\u00e1ra \u00e9s elk\u00fcld\u00e9s\u00e9re vonatkoz\u00f3 meghatalmaz\u00e1s ZUS PEL <img decoding=\"async\" src=\"https:\/\/szabo.pl\/wp-content\/uploads\/2025\/10\/Ikon_Info20.png\" alt=\"Opis us\u0142ugi\"><\/td><td class=\"has-text-align-center\" data-align=\"center\"><img decoding=\"async\" src=\"https:\/\/szabo.pl\/wp-content\/uploads\/2025\/10\/TAK_tick.png\" alt=\"TAK\"><\/td><\/tr><tr><td>CEIDG meghatalmaz\u00e1sok<img decoding=\"async\" src=\"https:\/\/szabo.pl\/wp-content\/uploads\/2025\/10\/Ikon_Info20.png\" alt=\"Opis us\u0142ugi\"><\/td><td class=\"has-text-align-center\" data-align=\"center\">el\u00e9rhet\u0151 a <strong>CEIDG+<\/strong> csomagban<\/td><\/tr><tr><td>e-K\u00e9zbes\u00edt\u00e9si fi\u00f3k kezel\u00e9se <img decoding=\"async\" src=\"https:\/\/szabo.pl\/wp-content\/uploads\/2025\/10\/Ikon_Info20.png\" alt=\"Opis us\u0142ugi\"><\/td><td class=\"has-text-align-center\" data-align=\"center\">el\u00e9rhet\u0151 az e-<strong>DOR+<\/strong> csomagban<\/td><\/tr><tr><td>Hozz\u00e1f\u00e9r\u00e9s az \u00dcgyf\u00e9l profilj\u00e1hoz az elektronikus ad\u00f3hivatalban (e-Urz\u0105d Skarbowy) <img decoding=\"async\" src=\"https:\/\/szabo.pl\/wp-content\/uploads\/2025\/10\/Ikon_Info20.png\" alt=\"Opis us\u0142ugi\"><\/td><td class=\"has-text-align-center\" data-align=\"center\">el\u00e9rhet\u0151 az e-<strong>e-US+<\/strong> csomagban<\/td><\/tr><tr><td>T\u00e1rsadalombiztos\u00edt\u00e1si deklar\u00e1ci\u00f3 elk\u00e9sz\u00edt\u00e9se v\u00e1llalkoz\u00f3 r\u00e9sz\u00e9re (DRA) <img decoding=\"async\" src=\"https:\/\/szabo.pl\/wp-content\/uploads\/2025\/10\/Ikon_Info20.png\" alt=\"Opis us\u0142ugi\"><\/td><td class=\"has-text-align-center\" data-align=\"center\"><img decoding=\"async\" src=\"https:\/\/szabo.pl\/wp-content\/uploads\/2025\/10\/TAK_tick.png\" alt=\"TAK\"><\/td><\/tr><\/tbody><\/table><\/figure>\n\n\n\n<p><span style=\"text-decoration: underline;\">*Felt\u00e9teles kedvezm\u00e9ny<\/span> &#8211; A kedvezm\u00e9ny megad\u00e1s\u00e1nak felt\u00e9tele egy, a szolg\u00e1ltat\u00e1s ny\u00fajt\u00e1s el\u0151tt legal\u00e1bb 6 h\u00f3napja \u00e9rv\u00e9nyes folyamatos szolg\u00e1ltat\u00e1si szerz\u0151d\u00e9s vagy el\u0151fizet\u00e9si szerz\u0151d\u00e9s megl\u00e9te.<\/p>\n","protected":false},"excerpt":{"rendered":"<p>SOLO Point csomag El\u0151fizet\u00e9s havid\u00edja 250,- z\u0142 Bev\u00e9telek \u00e9s kiad\u00e1sok ad\u00f3k\u00f6nyv\u00e9nek vezet\u00e9se vagyBev\u00e9telnyilv\u00e1ntart\u00e1s vezet\u00e9se \u00e1tal\u00e1nyad\u00f3<\/p>\n<div class=\"continue-reading-blog\"><a href=\"https:\/\/szabo.pl\/index.php\/solo-point-csomag\/\" class=\"more-link\">Continue Reading<i class=\"fa fa-long-arrow-right\"><\/i><span class=\"screen-reader-text\">SOLO Point csomag<\/span><\/a><\/div>\n","protected":false},"author":1,"featured_media":0,"parent":0,"menu_order":0,"comment_status":"closed","ping_status":"closed","template":"","meta":{"footnotes":""},"class_list":["post-2559","page","type-page","status-publish","hentry"],"jetpack_sharing_enabled":true,"_links":{"self":[{"href":"https:\/\/szabo.pl\/index.php\/wp-json\/wp\/v2\/pages\/2559","targetHints":{"allow":["GET"]}}],"collection":[{"href":"https:\/\/szabo.pl\/index.php\/wp-json\/wp\/v2\/pages"}],"about":[{"href":"https:\/\/szabo.pl\/index.php\/wp-json\/wp\/v2\/types\/page"}],"author":[{"embeddable":true,"href":"https:\/\/szabo.pl\/index.php\/wp-json\/wp\/v2\/users\/1"}],"replies":[{"embeddable":true,"href":"https:\/\/szabo.pl\/index.php\/wp-json\/wp\/v2\/comments?post=2559"}],"version-history":[{"count":3,"href":"https:\/\/szabo.pl\/index.php\/wp-json\/wp\/v2\/pages\/2559\/revisions"}],"predecessor-version":[{"id":2772,"href":"https:\/\/szabo.pl\/index.php\/wp-json\/wp\/v2\/pages\/2559\/revisions\/2772"}],"wp:attachment":[{"href":"https:\/\/szabo.pl\/index.php\/wp-json\/wp\/v2\/media?parent=2559"}],"curies":[{"name":"wp","href":"https:\/\/api.w.org\/{rel}","templated":true}]}}