{"id":2570,"date":"2025-11-04T12:48:31","date_gmt":"2025-11-04T11:48:31","guid":{"rendered":"https:\/\/szabo.pl\/?page_id=2570"},"modified":"2025-11-20T15:01:12","modified_gmt":"2025-11-20T14:01:12","slug":"subscription-packages","status":"publish","type":"page","link":"https:\/\/szabo.pl\/index.php\/en\/subscription-packages\/","title":{"rendered":"Subscription packages"},"content":{"rendered":"\n<h2 class=\"wp-block-heading\"><a href=\"https:\/\/szabo.pl\/index.php\/en\/solo-subscription-packages\/\" data-type=\"page\" data-id=\"2716\">SOLO Packages<\/a><\/h2>\n\n\n\n<div class=\"wp-block-columns is-layout-flex wp-container-core-columns-is-layout-9d6595d7 wp-block-columns-is-layout-flex\">\n<div class=\"wp-block-column is-layout-flow wp-block-column-is-layout-flow\" style=\"flex-basis:66.66%\">\n<ul id=\"block-f7904df0-7e02-4cae-b197-c0c95df78235\" class=\"wp-block-list\">\n<li>Simplified accounting<\/li>\n\n\n\n<li>For\n<ul class=\"wp-block-list\">\n<li>sole proprietorships<\/li>\n\n\n\n<li>civil right partnerships<\/li>\n\n\n\n<li>companies without legal personality, where simplified accounting is available.<\/li>\n<\/ul>\n<\/li>\n<\/ul>\n<\/div>\n\n\n\n<div class=\"wp-block-column is-layout-flow wp-block-column-is-layout-flow\" style=\"flex-basis:33.33%\">\n<p class=\"has-text-align-center has-green-color has-text-color\"><strong>Up to 15 items of PKPiR lub EP<\/strong><\/p>\n\n\n\n<p class=\"has-text-align-center has-green-color has-text-color\"><strong>from<\/strong><\/p>\n\n\n\n<p class=\"has-text-align-center has-green-color has-text-color\" style=\"font-size:32px\"><strong>250 z\u0142,-<\/strong><\/p>\n\n\n\n<p class=\"has-text-align-center has-green-color has-text-color\"><strong>(+23% VAT) \/ month<\/strong><\/p>\n<\/div>\n<\/div>\n\n\n\n<h2 class=\"wp-block-heading\"><a href=\"https:\/\/szabo.pl\/index.php\/en\/corpo-subscription-packages\/\" data-type=\"page\" data-id=\"2722\">CORPO Packages<\/a><\/h2>\n\n\n\n<div class=\"wp-block-columns is-layout-flex wp-container-core-columns-is-layout-9d6595d7 wp-block-columns-is-layout-flex\">\n<div class=\"wp-block-column is-layout-flow wp-block-column-is-layout-flow\" style=\"flex-basis:66.66%\">\n<ul class=\"wp-block-list\">\n<li>full-chart accounting<\/li>\n\n\n\n<li>For companies under commercial law<\/li>\n\n\n\n<li>dla przedsi\u0119biorc\u00f3w przekraczaj\u0105cych limitu do stosowania uproszczonej ksi\u0119gowo\u015bci.<\/li>\n<\/ul>\n<\/div>\n\n\n\n<div class=\"wp-block-column is-layout-flow wp-block-column-is-layout-flow\" style=\"flex-basis:33.33%\">\n<p class=\"has-text-align-center has-green-color has-text-color\"><strong>Up to 50 accounting documents<\/strong><\/p>\n\n\n\n<p class=\"has-text-align-center has-green-color has-text-color\"><strong>from<\/strong><\/p>\n\n\n\n<p class=\"has-text-align-center has-green-color has-text-color\" style=\"font-size:32px\"><strong>490 z\u0142,-<\/strong><\/p>\n\n\n\n<p class=\"has-text-align-center has-green-color has-text-color\"><strong>(+23% VAT) \/ month<\/strong><\/p>\n<\/div>\n<\/div>\n\n\n\n<h2 class=\"wp-block-heading\"><a href=\"https:\/\/szabo.pl\/index.php\/en\/compenso-subscription-packages\/\" data-type=\"page\" data-id=\"2856\">COMPENSO Packages<\/a><\/h2>\n\n\n\n<div class=\"wp-block-columns is-layout-flex wp-container-core-columns-is-layout-9d6595d7 wp-block-columns-is-layout-flex\">\n<div class=\"wp-block-column is-layout-flow wp-block-column-is-layout-flow\" style=\"flex-basis:66.66%\">\n<ul class=\"wp-block-list\">\n<li>Payroll service packages<\/li>\n\n\n\n<li>For entrepreneurs employing 3 or more people<\/li>\n<\/ul>\n<\/div>\n\n\n\n<div class=\"wp-block-column is-layout-flow wp-block-column-is-layout-flow\" style=\"flex-basis:33.33%\">\n<p class=\"has-text-align-center has-green-color has-text-color\"><strong>Up to 3 people\/contract\/month<\/strong><\/p>\n\n\n\n<p class=\"has-text-align-center has-green-color has-text-color\"><strong>from<\/strong><\/p>\n\n\n\n<p class=\"has-text-align-center has-green-color has-text-color\" style=\"font-size:32px\"><strong>240 z\u0142,-<\/strong><\/p>\n\n\n\n<p class=\"has-text-align-center has-green-color has-text-color\"><strong>(+23% VAT) \/ month<\/strong><\/p>\n<\/div>\n<\/div>\n\n\n\n<h2 class=\"wp-block-heading\"><a href=\"https:\/\/szabo.pl\/index.php\/en\/additional-packages\/\" data-type=\"page\" data-id=\"2906\">Additional, supplementary services<\/a><\/h2>\n\n\n\n<div class=\"wp-block-columns is-layout-flex wp-container-core-columns-is-layout-9d6595d7 wp-block-columns-is-layout-flex\">\n<div class=\"wp-block-column is-layout-flow wp-block-column-is-layout-flow\" style=\"flex-basis:66.66%\">\n<ul class=\"wp-block-list\">\n<li>CEIDG +<\/li>\n\n\n\n<li>e-DOR +<\/li>\n\n\n\n<li>e-US +<\/li>\n\n\n\n<li>PPO+<\/li>\n<\/ul>\n<\/div>\n\n\n\n<div class=\"wp-block-column is-layout-flow wp-block-column-is-layout-flow\" style=\"flex-basis:33.33%\">\n<p class=\"has-text-align-center has-green-color has-text-color\" style=\"font-size:32px\"><strong><a href=\"https:\/\/szabo.pl\/index.php\/en\/additional-packages\/\" data-type=\"page\" data-id=\"2906\">Additional services to the subscriptipn packages<\/a><\/strong><\/p>\n<\/div>\n<\/div>\n","protected":false},"excerpt":{"rendered":"<p>SOLO Packages Up to 15 items of PKPiR lub EP from 250 z\u0142,- (+23% VAT)<\/p>\n<div class=\"continue-reading-blog\"><a href=\"https:\/\/szabo.pl\/index.php\/en\/subscription-packages\/\" class=\"more-link\">Continue Reading<i class=\"fa fa-long-arrow-right\"><\/i><span class=\"screen-reader-text\">Subscription packages<\/span><\/a><\/div>\n","protected":false},"author":1,"featured_media":0,"parent":0,"menu_order":0,"comment_status":"closed","ping_status":"closed","template":"","meta":{"footnotes":""},"class_list":["post-2570","page","type-page","status-publish","hentry"],"jetpack_sharing_enabled":true,"_links":{"self":[{"href":"https:\/\/szabo.pl\/index.php\/wp-json\/wp\/v2\/pages\/2570","targetHints":{"allow":["GET"]}}],"collection":[{"href":"https:\/\/szabo.pl\/index.php\/wp-json\/wp\/v2\/pages"}],"about":[{"href":"https:\/\/szabo.pl\/index.php\/wp-json\/wp\/v2\/types\/page"}],"author":[{"embeddable":true,"href":"https:\/\/szabo.pl\/index.php\/wp-json\/wp\/v2\/users\/1"}],"replies":[{"embeddable":true,"href":"https:\/\/szabo.pl\/index.php\/wp-json\/wp\/v2\/comments?post=2570"}],"version-history":[{"count":4,"href":"https:\/\/szabo.pl\/index.php\/wp-json\/wp\/v2\/pages\/2570\/revisions"}],"predecessor-version":[{"id":2943,"href":"https:\/\/szabo.pl\/index.php\/wp-json\/wp\/v2\/pages\/2570\/revisions\/2943"}],"wp:attachment":[{"href":"https:\/\/szabo.pl\/index.php\/wp-json\/wp\/v2\/media?parent=2570"}],"curies":[{"name":"wp","href":"https:\/\/api.w.org\/{rel}","templated":true}]}}