{"id":2571,"date":"2025-11-04T13:33:59","date_gmt":"2025-11-04T12:33:59","guid":{"rendered":"https:\/\/szabo.pl\/?page_id=2571"},"modified":"2025-11-04T13:34:01","modified_gmt":"2025-11-04T12:34:01","slug":"pakiet-corpo-point","status":"publish","type":"page","link":"https:\/\/szabo.pl\/index.php\/pl\/pakiet-corpo-point\/","title":{"rendered":"Pakiet CORPO Point"},"content":{"rendered":"\n<p><strong>Pakiet zawiera nast\u0119puj\u0105ce us\u0142ugi<\/strong><\/p>\n\n\n\n<figure class=\"wp-block-table is-style-stripes\"><table><tbody><tr><td><\/td><td class=\"has-text-align-center\" data-align=\"center\"><strong>Pakiet CORPO Point<\/strong><\/td><\/tr><tr><td>Miesi\u0119czna cena pakietu<\/td><td class=\"has-text-align-center\" data-align=\"center\">490,- z\u0142<br><img decoding=\"async\" src=\"https:\/\/szabo.pl\/wp-content\/uploads\/2025\/10\/gotoarrow50.png\" alt=\"Zam\u00f3w\"><\/td><\/tr><tr><td>Prowadzenie ksi\u0105g rachunkowych lub Prowadzenie ewidencji ksi\u0119gowych <img decoding=\"async\" src=\"https:\/\/szabo.pl\/wp-content\/uploads\/2025\/10\/Ikon_Info20.png\" alt=\"Opis us\u0142ugi\"> <\/td><td class=\"has-text-align-center\" data-align=\"center\">do 50 dekret\u00f3w;<br>powy\u017cej limitu 6,80 z\u0142 \/dekret<\/td><\/tr><tr><td>Prowadzenie ewidencja VAT sprzeda\u017cy <img decoding=\"async\" src=\"https:\/\/szabo.pl\/wp-content\/uploads\/2025\/10\/Ikon_Info20.png\" alt=\"Opis us\u0142ugi\"><\/td><td class=\"has-text-align-center\" data-align=\"center\"><img decoding=\"async\" src=\"https:\/\/szabo.pl\/wp-content\/uploads\/2025\/10\/TAK_tick.png\" alt=\"TAK\"><\/td><\/tr><tr><td>Prowadzenie ewidencja VAT zakup\u00f3w <img decoding=\"async\" src=\"https:\/\/szabo.pl\/wp-content\/uploads\/2025\/10\/Ikon_Info20.png\" alt=\"Opis us\u0142ugi\"><\/td><td class=\"has-text-align-center\" data-align=\"center\"><img decoding=\"async\" src=\"https:\/\/szabo.pl\/wp-content\/uploads\/2025\/10\/TAK_tick.png\" alt=\"TAK\"><\/td><\/tr><tr><td>Obliczenie i raport zaliczki podatku od dochod\u00f3w os\u00f3b prawnych (CIT) <img decoding=\"async\" src=\"https:\/\/szabo.pl\/wp-content\/uploads\/2025\/10\/Ikon_Info20.png\" alt=\"Opis us\u0142ugi\"><\/td><td class=\"has-text-align-center\" data-align=\"center\"><img decoding=\"async\" src=\"https:\/\/szabo.pl\/wp-content\/uploads\/2025\/10\/TAK_tick.png\" alt=\"TAK\"><\/td><\/tr><tr><td>Przygotowanie i sk\u0142adanie elektronicznego pliku JPK_V7M lub JPK_V7K <img decoding=\"async\" src=\"https:\/\/szabo.pl\/wp-content\/uploads\/2025\/10\/Ikon_Info20.png\" alt=\"Opis us\u0142ugi\"><\/td><td class=\"has-text-align-center\" data-align=\"center\"><img decoding=\"async\" src=\"https:\/\/szabo.pl\/wp-content\/uploads\/2025\/10\/TAK_tick.png\" alt=\"TAK\"><\/td><\/tr><tr><td>Prowadzenie ewidencji \u015brodk\u00f3w trwa\u0142ych (je\u015bli Klient posiada \u015brodki trwale amortyzowane w danym miesi\u0105cu <img decoding=\"async\" src=\"https:\/\/szabo.pl\/wp-content\/uploads\/2025\/10\/Ikon_Info20.png\" alt=\"Opis us\u0142ugi\"><\/td><td class=\"has-text-align-center\" data-align=\"center\">40 z\u0142 \/<br>miesi\u0119cznie<\/td><\/tr><tr><td>Zapisy OT do ewidencji \u015brodk\u00f3w trwa\u0142ych <img decoding=\"async\" src=\"https:\/\/szabo.pl\/wp-content\/uploads\/2025\/10\/Ikon_Info20.png\" alt=\"Opis us\u0142ugi\"><\/td><td class=\"has-text-align-center\" data-align=\"center\"> 9,60 z\u0142 \/pozycja<\/td><\/tr><tr><td>Miesi\u0119czne naliczenie amortyzacji \u015brodk\u00f3w trwa\u0142ych <img decoding=\"async\" src=\"https:\/\/szabo.pl\/wp-content\/uploads\/2025\/10\/Ikon_Info20.png\" alt=\"Opis us\u0142ugi\"><\/td><td class=\"has-text-align-center\" data-align=\"center\">9,60 z\u0142 \/pozycja<\/td><\/tr><tr><td>Pozosta\u0142e zapisy dot. \u015arodk\u00f3w trwa\u0142ych <img decoding=\"async\" src=\"https:\/\/szabo.pl\/wp-content\/uploads\/2025\/10\/Ikon_Info20.png\" alt=\"Opis us\u0142ugi\"><\/td><td class=\"has-text-align-center\" data-align=\"center\">9,60 z\u0142 \/pozycja<\/td><\/tr><tr><td>Ewidencja rozlicze\u0144 mi\u0119dzyokresowych <img decoding=\"async\" src=\"https:\/\/szabo.pl\/wp-content\/uploads\/2025\/10\/Ikon_Info20.png\" alt=\"Opis us\u0142ugi\"><\/td><td class=\"has-text-align-center\" data-align=\"center\">60 z\u0142 \/ miesi\u0105c prowadzenia<\/td><\/tr><tr><td>Przygotowanie dowod\u00f3w wewn\u0119trznych <img decoding=\"async\" src=\"https:\/\/szabo.pl\/wp-content\/uploads\/2025\/10\/Ikon_Info20.png\" alt=\"Opis us\u0142ugi\"><\/td><td class=\"has-text-align-center\" data-align=\"center\">6,40 z\u0142 \/pozycja<\/td><\/tr><tr><td>Przygotowanie polece\u0144 ksi\u0119gowania <img decoding=\"async\" src=\"https:\/\/szabo.pl\/wp-content\/uploads\/2025\/10\/Ikon_Info20.png\" alt=\"Opis us\u0142ugi\"><\/td><td class=\"has-text-align-center\" data-align=\"center\">6,40 z\u0142 \/pozycj\u0119<\/td><\/tr><tr><td>Prowadzenie ewidencji przejazd\u00f3w samochodem i wydatk\u00f3w powi\u0105zanych <img decoding=\"async\" src=\"https:\/\/szabo.pl\/wp-content\/uploads\/2025\/10\/Ikon_Info20.png\" alt=\"Opis us\u0142ugi\"><\/td><td class=\"has-text-align-center\" data-align=\"center\">20,00 z\u0142 \/miesi\u0105c \/samoch\u00f3d<\/td><\/tr><tr><td>&#8211; Rejestracja dodatkowych przejazd\u00f3w <img decoding=\"async\" src=\"https:\/\/szabo.pl\/wp-content\/uploads\/2025\/10\/Ikon_Info20.png\" alt=\"Opis us\u0142ugi\"><\/td><td class=\"has-text-align-center\" data-align=\"center\">6,40 z\u0142 \/pozycja<\/td><\/tr><tr><td>&#8211; Rejestracja dodatkowych koszt\u00f3w <img decoding=\"async\" src=\"https:\/\/szabo.pl\/wp-content\/uploads\/2025\/10\/Ikon_Info20.png\" alt=\"Opis us\u0142ugi\"><\/td><td class=\"has-text-align-center\" data-align=\"center\">6,40 z\u0142 \/pozycja<\/td><\/tr><tr><td>Wprowadzenie operacji bankowych <img decoding=\"async\" src=\"https:\/\/szabo.pl\/wp-content\/uploads\/2025\/10\/Ikon_Info20.png\" alt=\"Opis us\u0142ugi\"><\/td><td class=\"has-text-align-center\" data-align=\"center\">do 15 operacji uznania lub obci\u0105\u017cenia\/ powy\u017cej limitu 7,20 z\u0142 \/operacj\u0119<\/td><\/tr><tr><td>&#8211; Import wyci\u0105g\u00f3w bankowych z formatu MT940 od bank\u00f3w z siedzib\u0105 w Polsce <img decoding=\"async\" src=\"https:\/\/szabo.pl\/wp-content\/uploads\/2025\/10\/Ikon_Info20.png\" alt=\"Opis us\u0142ugi\"><\/td><td class=\"has-text-align-center\" data-align=\"center\"><img decoding=\"async\" src=\"https:\/\/szabo.pl\/wp-content\/uploads\/2025\/10\/TAK_tick.png\" alt=\"TAK\"><br>bez limitu<\/td><\/tr><tr><td>&#8211; Import wyci\u0105g\u00f3w bankowych z formatu csv, xls za pomoc\u0105 klucza struktury danych <img decoding=\"async\" src=\"https:\/\/szabo.pl\/wp-content\/uploads\/2025\/10\/Ikon_Info20.png\" alt=\"Opis us\u0142ugi\"><\/td><td class=\"has-text-align-center\" data-align=\"center\"><img decoding=\"async\" src=\"https:\/\/szabo.pl\/wp-content\/uploads\/2025\/10\/TAK_tick.png\" alt=\"TAK\"><br>bez limitu<\/td><\/tr><tr><td>Przygotowanie \/ wprowadzenie dokumentu kasowego (KP, KW)  <img decoding=\"async\" src=\"https:\/\/szabo.pl\/wp-content\/uploads\/2025\/10\/Ikon_Info20.png\" alt=\"Opis us\u0142ugi\"><\/td><td class=\"has-text-align-center\" data-align=\"center\">do 5 operacji uznania lub obci\u0105\u017cenia \/ powy\u017cej limitu 4,90 z\u0142 \/operacj\u0119<\/td><\/tr><tr><td>Ksi\u0119gowanie faktur sprzeda\u017cowych i zakupowych <img decoding=\"async\" src=\"https:\/\/szabo.pl\/wp-content\/uploads\/2025\/10\/Ikon_Info20.png\" alt=\"Opis us\u0142ugi\"><\/td><td class=\"has-text-align-center\" data-align=\"center\"><img decoding=\"async\" src=\"https:\/\/szabo.pl\/wp-content\/uploads\/2025\/10\/TAK_tick.png\" alt=\"TAK\"><br>w ilo\u015bci dekret\u00f3w<\/td><\/tr><tr><td>Przygotowanie dokument\u00f3w magazynowych (PZ, WZ) <img decoding=\"async\" src=\"https:\/\/szabo.pl\/wp-content\/uploads\/2025\/10\/Ikon_Info20.png\" alt=\"Opis us\u0142ugi\"><\/td><td class=\"has-text-align-center\" data-align=\"center\">4,90 z\u0142 \/operacj\u0119<\/td><\/tr><tr><td>Rabat warunkowy* z rocznego rozliczenia podatku dochodowego od os\u00f3b prawnych CIT-8 lub CIT-8E <img decoding=\"async\" src=\"https:\/\/szabo.pl\/wp-content\/uploads\/2025\/10\/Ikon_Info20.png\" alt=\"Opis us\u0142ugi\"><br><\/td><td class=\"has-text-align-center\" data-align=\"center\">-25% z ceny regularnej<\/td><\/tr><tr><td>Roczny plik<br>JPK_KR_PD<\/td><td class=\"has-text-align-center\" data-align=\"center\"><img decoding=\"async\" src=\"https:\/\/szabo.pl\/wp-content\/uploads\/2025\/10\/TAK_tick.png\" alt=\"TAK\"><\/td><\/tr><tr><td>Roczny plik<br>JPK_ST<\/td><td class=\"has-text-align-center\" data-align=\"center\"><img decoding=\"async\" src=\"https:\/\/szabo.pl\/wp-content\/uploads\/2025\/10\/TAK_tick.png\" alt=\"TAK\"><\/td><\/tr><tr><td>Rabat warunkowy* z rocznego rozliczenia zaliczek na podatek dochodowy od pracownik\u00f3w PIT-4R <img decoding=\"async\" src=\"https:\/\/szabo.pl\/wp-content\/uploads\/2025\/10\/Ikon_Info20.png\" alt=\"Opis us\u0142ugi\"><\/td><td class=\"has-text-align-center\" data-align=\"center\">-25% z ceny regularnej<\/td><\/tr><tr><td>Rabat warunkowy* z formularzy CIT-8SP lub  CIT-8ST<\/td><td class=\"has-text-align-center\" data-align=\"center\">25% z ceny regularnej<\/td><\/tr><tr><td>Dost\u0119p do cyfrowego segregatora w SCANYE<\/td><td class=\"has-text-align-center\" data-align=\"center\"><img decoding=\"async\" src=\"https:\/\/szabo.pl\/wp-content\/uploads\/2025\/10\/TAK_tick.png\" alt=\"TAK\"><\/td><\/tr><tr><td>Mo\u017cliwo\u015b\u0107 wystawiania faktur KSeF w SCANYE<\/td><td class=\"has-text-align-center\" data-align=\"center\"><img decoding=\"async\" src=\"https:\/\/szabo.pl\/wp-content\/uploads\/2025\/10\/TAK_tick.png\" alt=\"TAK\"><\/td><\/tr><tr><td>Mo\u017cliwo\u015b\u0107 wystawiania faktur KSeF w programie Subiekt123<\/td><td class=\"has-text-align-center\" data-align=\"center\"><img decoding=\"async\" src=\"https:\/\/szabo.pl\/wp-content\/uploads\/2025\/10\/TAK_tick.png\" alt=\"TAK\"><\/td><\/tr><tr><td>Deklaracja sk\u0142adek ubezpiecze\u0144 ZUS (DRA) sp\u00f3\u0142ki <img decoding=\"async\" src=\"https:\/\/szabo.pl\/wp-content\/uploads\/2025\/10\/Ikon_Info20.png\" alt=\"Opis us\u0142ugi\"><\/td><td class=\"has-text-align-center\" data-align=\"center\"><img decoding=\"async\" src=\"https:\/\/szabo.pl\/wp-content\/uploads\/2025\/10\/TAK_tick.png\" alt=\"TAK\"><\/td><\/tr><tr><td>Deklaracja RCA sk\u0142adek wsp\u00f3lnik\u00f3w <img decoding=\"async\" src=\"https:\/\/szabo.pl\/wp-content\/uploads\/2025\/10\/Ikon_Info20.png\" alt=\"Opis us\u0142ugi\"><\/td><td class=\"has-text-align-center\" data-align=\"center\"><img decoding=\"async\" src=\"https:\/\/szabo.pl\/wp-content\/uploads\/2025\/10\/TAK_tick.png\" alt=\"TAK\"><br>do 2 wsp\u00f3lnik\u00f3w<\/td><\/tr><tr><td>Sporz\u0105dzenie sprawozdania finansowego (Ksi\u0119gi Handlowe) <img decoding=\"async\" src=\"https:\/\/szabo.pl\/wp-content\/uploads\/2025\/10\/Ikon_Info20.png\" alt=\"Opis us\u0142ugi\"><\/td><td class=\"has-text-align-center\" data-align=\"center\">\u015arednia kwoty netto faktur miesi\u0119cznych wystawionych przez<br> Biuro za okres sprawozdawczy<\/td><\/tr><\/tbody><\/table><\/figure>\n\n\n\n<p>*Rabat warunkowy&nbsp;\u2013 Warunkiem udzielenie rabatu jest wa\u017cna umowa o \u015bwiadczenie us\u0142ug lub umowa abonamentowa przez co najmniej 6 miesi\u0119cy przed wykonaniem us\u0142ugi)<\/p>\n","protected":false},"excerpt":{"rendered":"<p>Pakiet zawiera nast\u0119puj\u0105ce us\u0142ugi Pakiet CORPO Point Miesi\u0119czna cena pakietu 490,- z\u0142 Prowadzenie ksi\u0105g rachunkowych<\/p>\n<div class=\"continue-reading-blog\"><a href=\"https:\/\/szabo.pl\/index.php\/pl\/pakiet-corpo-point\/\" class=\"more-link\">Continue Reading<i class=\"fa fa-long-arrow-right\"><\/i><span class=\"screen-reader-text\">Pakiet CORPO Point<\/span><\/a><\/div>\n","protected":false},"author":41,"featured_media":0,"parent":0,"menu_order":0,"comment_status":"closed","ping_status":"closed","template":"","meta":{"footnotes":""},"class_list":["post-2571","page","type-page","status-publish","hentry"],"jetpack_sharing_enabled":true,"_links":{"self":[{"href":"https:\/\/szabo.pl\/index.php\/wp-json\/wp\/v2\/pages\/2571","targetHints":{"allow":["GET"]}}],"collection":[{"href":"https:\/\/szabo.pl\/index.php\/wp-json\/wp\/v2\/pages"}],"about":[{"href":"https:\/\/szabo.pl\/index.php\/wp-json\/wp\/v2\/types\/page"}],"author":[{"embeddable":true,"href":"https:\/\/szabo.pl\/index.php\/wp-json\/wp\/v2\/users\/41"}],"replies":[{"embeddable":true,"href":"https:\/\/szabo.pl\/index.php\/wp-json\/wp\/v2\/comments?post=2571"}],"version-history":[{"count":3,"href":"https:\/\/szabo.pl\/index.php\/wp-json\/wp\/v2\/pages\/2571\/revisions"}],"predecessor-version":[{"id":2681,"href":"https:\/\/szabo.pl\/index.php\/wp-json\/wp\/v2\/pages\/2571\/revisions\/2681"}],"wp:attachment":[{"href":"https:\/\/szabo.pl\/index.php\/wp-json\/wp\/v2\/media?parent=2571"}],"curies":[{"name":"wp","href":"https:\/\/api.w.org\/{rel}","templated":true}]}}