{"id":2661,"date":"2025-11-04T13:06:40","date_gmt":"2025-11-04T12:06:40","guid":{"rendered":"https:\/\/szabo.pl\/?page_id=2661"},"modified":"2025-11-04T13:06:41","modified_gmt":"2025-11-04T12:06:41","slug":"altalanos-szerodesi-feltetelek","status":"publish","type":"page","link":"https:\/\/szabo.pl\/index.php\/altalanos-szerodesi-feltetelek\/","title":{"rendered":"\u00c1ltal\u00e1nos Szer\u0151d\u00e9si Felt\u00e9telek"},"content":{"rendered":"\n<p>\u00c9rv\u00e9nyes 2025 december 1-\u00e9t\u0151l<\/p>\n\n\n\n<p>Let\u00f6lthet\u0151 PDF form\u00e1tumban lengyel \u00e9s magyar nyelven.<\/p>\n\n\n\n<div data-wp-interactive=\"core\/file\" class=\"wp-block-file\"><object data-wp-bind--hidden=\"!state.hasPdfPreview\" hidden class=\"wp-block-file__embed\" data=\"https:\/\/szabo.pl\/wp-content\/uploads\/2025\/11\/Altalanos-Szerzodesi-Feltetelek_v2.0..20251201docx.pdf\" type=\"application\/pdf\" style=\"width:100%;height:600px\" aria-label=\"Embed of Altalanos-Szerzodesi-Feltetelek_v2.0..20251201docx. be\u00e1gyaz\u00e1sa\"><\/object><a id=\"wp-block-file--media-a20dc771-01ec-4fb8-8640-4c4f608b95c6\" href=\"https:\/\/szabo.pl\/wp-content\/uploads\/2025\/11\/Altalanos-Szerzodesi-Feltetelek_v2.0..20251201docx.pdf\">Altalanos-Szerzodesi-Feltetelek_v2.0..20251201docx<\/a><a href=\"https:\/\/szabo.pl\/wp-content\/uploads\/2025\/11\/Altalanos-Szerzodesi-Feltetelek_v2.0..20251201docx.pdf\" class=\"wp-block-file__button\" download aria-describedby=\"wp-block-file--media-a20dc771-01ec-4fb8-8640-4c4f608b95c6\">Download<\/a><\/div>\n\n\n\n<p><\/p>\n\n\n\n<p><\/p>\n","protected":false},"excerpt":{"rendered":"<p>\u00c9rv\u00e9nyes 2025 december 1-\u00e9t\u0151l Let\u00f6lthet\u0151 PDF form\u00e1tumban lengyel \u00e9s magyar nyelven.<\/p>\n","protected":false},"author":1,"featured_media":0,"parent":0,"menu_order":0,"comment_status":"closed","ping_status":"closed","template":"","meta":{"footnotes":""},"class_list":["post-2661","page","type-page","status-publish","hentry"],"jetpack_sharing_enabled":true,"_links":{"self":[{"href":"https:\/\/szabo.pl\/index.php\/wp-json\/wp\/v2\/pages\/2661","targetHints":{"allow":["GET"]}}],"collection":[{"href":"https:\/\/szabo.pl\/index.php\/wp-json\/wp\/v2\/pages"}],"about":[{"href":"https:\/\/szabo.pl\/index.php\/wp-json\/wp\/v2\/types\/page"}],"author":[{"embeddable":true,"href":"https:\/\/szabo.pl\/index.php\/wp-json\/wp\/v2\/users\/1"}],"replies":[{"embeddable":true,"href":"https:\/\/szabo.pl\/index.php\/wp-json\/wp\/v2\/comments?post=2661"}],"version-history":[{"count":1,"href":"https:\/\/szabo.pl\/index.php\/wp-json\/wp\/v2\/pages\/2661\/revisions"}],"predecessor-version":[{"id":2664,"href":"https:\/\/szabo.pl\/index.php\/wp-json\/wp\/v2\/pages\/2661\/revisions\/2664"}],"wp:attachment":[{"href":"https:\/\/szabo.pl\/index.php\/wp-json\/wp\/v2\/media?parent=2661"}],"curies":[{"name":"wp","href":"https:\/\/api.w.org\/{rel}","templated":true}]}}