{"id":2665,"date":"2025-11-04T13:09:35","date_gmt":"2025-11-04T12:09:35","guid":{"rendered":"https:\/\/szabo.pl\/?page_id=2665"},"modified":"2025-11-04T13:09:37","modified_gmt":"2025-11-04T12:09:37","slug":"ogolne-warunki-umowy","status":"publish","type":"page","link":"https:\/\/szabo.pl\/index.php\/pl\/ogolne-warunki-umowy\/","title":{"rendered":"Og\u00f3lne Warunki Umowy"},"content":{"rendered":"\n<p>Obowi\u0105zuje od 01 grudnia 2025<\/p>\n\n\n\n<p>Mo\u017cliwo\u015b\u0107 zapisania pliku w formacie PDF poni\u017cej<\/p>\n\n\n\n<div data-wp-interactive=\"core\/file\" class=\"wp-block-file\"><object data-wp-bind--hidden=\"!state.hasPdfPreview\" hidden class=\"wp-block-file__embed\" data=\"https:\/\/szabo.pl\/wp-content\/uploads\/2025\/11\/Ogolne-Warunki-Umowy_v2.0.20251201.pdf\" type=\"application\/pdf\" style=\"width:100%;height:600px\" aria-label=\"Embed of Ogolne-Warunki-Umowy_v2.0.20251201. be\u00e1gyaz\u00e1sa\"><\/object><a id=\"wp-block-file--media-142a8d48-08c6-4e4f-9f16-0e8505f3716f\" href=\"https:\/\/szabo.pl\/wp-content\/uploads\/2025\/11\/Ogolne-Warunki-Umowy_v2.0.20251201.pdf\">Ogolne-Warunki-Umowy_v2.0.20251201<\/a><a href=\"https:\/\/szabo.pl\/wp-content\/uploads\/2025\/11\/Ogolne-Warunki-Umowy_v2.0.20251201.pdf\" class=\"wp-block-file__button\" download aria-describedby=\"wp-block-file--media-142a8d48-08c6-4e4f-9f16-0e8505f3716f\">Download<\/a><\/div>\n","protected":false},"excerpt":{"rendered":"<p>Obowi\u0105zuje od 01 grudnia 2025 Mo\u017cliwo\u015b\u0107 zapisania pliku w formacie PDF poni\u017cej<\/p>\n","protected":false},"author":1,"featured_media":0,"parent":0,"menu_order":0,"comment_status":"closed","ping_status":"closed","template":"","meta":{"footnotes":""},"class_list":["post-2665","page","type-page","status-publish","hentry"],"jetpack_sharing_enabled":true,"_links":{"self":[{"href":"https:\/\/szabo.pl\/index.php\/wp-json\/wp\/v2\/pages\/2665","targetHints":{"allow":["GET"]}}],"collection":[{"href":"https:\/\/szabo.pl\/index.php\/wp-json\/wp\/v2\/pages"}],"about":[{"href":"https:\/\/szabo.pl\/index.php\/wp-json\/wp\/v2\/types\/page"}],"author":[{"embeddable":true,"href":"https:\/\/szabo.pl\/index.php\/wp-json\/wp\/v2\/users\/1"}],"replies":[{"embeddable":true,"href":"https:\/\/szabo.pl\/index.php\/wp-json\/wp\/v2\/comments?post=2665"}],"version-history":[{"count":1,"href":"https:\/\/szabo.pl\/index.php\/wp-json\/wp\/v2\/pages\/2665\/revisions"}],"predecessor-version":[{"id":2667,"href":"https:\/\/szabo.pl\/index.php\/wp-json\/wp\/v2\/pages\/2665\/revisions\/2667"}],"wp:attachment":[{"href":"https:\/\/szabo.pl\/index.php\/wp-json\/wp\/v2\/media?parent=2665"}],"curies":[{"name":"wp","href":"https:\/\/api.w.org\/{rel}","templated":true}]}}