{"id":2686,"date":"2025-11-04T13:42:58","date_gmt":"2025-11-04T12:42:58","guid":{"rendered":"https:\/\/szabo.pl\/?page_id=2686"},"modified":"2025-11-05T13:03:15","modified_gmt":"2025-11-05T12:03:15","slug":"ksef-biztonsagi-eljaras","status":"publish","type":"page","link":"https:\/\/szabo.pl\/index.php\/ksef-biztonsagi-eljaras\/","title":{"rendered":"Az Orsz\u00e1gos e-Sz\u00e1mla Rendszerb\u0151l (KSeF) sz\u00e1rmaz\u00f3 sz\u00e1ml\u00e1k k\u00f6nyvel\u00e9s\u00e9re vonatkoz\u00f3 biztons\u00e1gi elj\u00e1r\u00e1s"},"content":{"rendered":"\n<p>\u00c9rv\u00e9nyes 2025 november 1-t\u0151l.<\/p>\n\n\n\n<div data-wp-interactive=\"core\/file\" class=\"wp-block-file\"><object data-wp-bind--hidden=\"!state.hasPdfPreview\" hidden class=\"wp-block-file__embed\" data=\"https:\/\/szabo.pl\/wp-content\/uploads\/2025\/11\/Procedura-Bezpieczenstwa-ksiegowaniea-z-KSeF-20251101-HU.pdf\" type=\"application\/pdf\" style=\"width:100%;height:800px\" aria-label=\"Embed of KSeF-biztons\u00e1gi-elj\u00e1r\u00e1s-20251101-HU. be\u00e1gyaz\u00e1sa\"><\/object><a id=\"wp-block-file--media-5b87a72a-64d5-47fe-9f1a-05ce908941c8\" href=\"https:\/\/szabo.pl\/wp-content\/uploads\/2025\/11\/Procedura-Bezpieczenstwa-ksiegowaniea-z-KSeF-20251101-HU.pdf\">KSeF-biztons\u00e1gi-elj\u00e1r\u00e1s-20251101-HU<\/a><a href=\"https:\/\/szabo.pl\/wp-content\/uploads\/2025\/11\/Procedura-Bezpieczenstwa-ksiegowaniea-z-KSeF-20251101-HU.pdf\" class=\"wp-block-file__button\" download aria-describedby=\"wp-block-file--media-5b87a72a-64d5-47fe-9f1a-05ce908941c8\">Download<\/a><\/div>\n\n\n\n<p><\/p>\n\n\n\n<p><\/p>\n","protected":false},"excerpt":{"rendered":"<p>\u00c9rv\u00e9nyes 2025 november 1-t\u0151l.<\/p>\n","protected":false},"author":1,"featured_media":0,"parent":0,"menu_order":0,"comment_status":"closed","ping_status":"closed","template":"","meta":{"footnotes":""},"class_list":["post-2686","page","type-page","status-publish","hentry"],"jetpack_sharing_enabled":true,"_links":{"self":[{"href":"https:\/\/szabo.pl\/index.php\/wp-json\/wp\/v2\/pages\/2686","targetHints":{"allow":["GET"]}}],"collection":[{"href":"https:\/\/szabo.pl\/index.php\/wp-json\/wp\/v2\/pages"}],"about":[{"href":"https:\/\/szabo.pl\/index.php\/wp-json\/wp\/v2\/types\/page"}],"author":[{"embeddable":true,"href":"https:\/\/szabo.pl\/index.php\/wp-json\/wp\/v2\/users\/1"}],"replies":[{"embeddable":true,"href":"https:\/\/szabo.pl\/index.php\/wp-json\/wp\/v2\/comments?post=2686"}],"version-history":[{"count":1,"href":"https:\/\/szabo.pl\/index.php\/wp-json\/wp\/v2\/pages\/2686\/revisions"}],"predecessor-version":[{"id":2688,"href":"https:\/\/szabo.pl\/index.php\/wp-json\/wp\/v2\/pages\/2686\/revisions\/2688"}],"wp:attachment":[{"href":"https:\/\/szabo.pl\/index.php\/wp-json\/wp\/v2\/media?parent=2686"}],"curies":[{"name":"wp","href":"https:\/\/api.w.org\/{rel}","templated":true}]}}