{"id":2689,"date":"2025-11-04T13:44:43","date_gmt":"2025-11-04T12:44:43","guid":{"rendered":"https:\/\/szabo.pl\/?page_id=2689"},"modified":"2025-11-05T11:19:11","modified_gmt":"2025-11-05T10:19:11","slug":"procedura-bezpieczenstwa-ksef","status":"publish","type":"page","link":"https:\/\/szabo.pl\/index.php\/pl\/procedura-bezpieczenstwa-ksef\/","title":{"rendered":"Procedura bezpiecze\u0144stwa ksi\u0119gowania faktur pochodz\u0105cych z Krajowego Systemu e-Faktur"},"content":{"rendered":"\n<p>Obowi\u0105zuje od 01 listopada 2025 roku<\/p>\n\n\n\n<div data-wp-interactive=\"core\/file\" class=\"wp-block-file\"><object data-wp-bind--hidden=\"!state.hasPdfPreview\" hidden class=\"wp-block-file__embed\" data=\"https:\/\/szabo.pl\/wp-content\/uploads\/2025\/11\/Procedura-Bezpieczenstwa-ksiegowaniea-z-KSeF-20251101.pdf\" type=\"application\/pdf\" style=\"width:100%;height:600px\" aria-label=\"Embed of Procedura-Bezpieczenstwa-KSeF-20251101. be\u00e1gyaz\u00e1sa\"><\/object><a id=\"wp-block-file--media-5411637b-5c31-49c7-bbfe-6f4346664509\" href=\"https:\/\/szabo.pl\/wp-content\/uploads\/2025\/11\/Procedura-Bezpieczenstwa-ksiegowaniea-z-KSeF-20251101.pdf\">Procedura-Bezpieczenstwa-KSeF-20251101<\/a><a href=\"https:\/\/szabo.pl\/wp-content\/uploads\/2025\/11\/Procedura-Bezpieczenstwa-ksiegowaniea-z-KSeF-20251101.pdf\" class=\"wp-block-file__button\" download aria-describedby=\"wp-block-file--media-5411637b-5c31-49c7-bbfe-6f4346664509\">Download<\/a><\/div>\n","protected":false},"excerpt":{"rendered":"<p>Obowi\u0105zuje od 01 listopada 2025 roku<\/p>\n","protected":false},"author":1,"featured_media":0,"parent":0,"menu_order":0,"comment_status":"closed","ping_status":"closed","template":"","meta":{"footnotes":""},"class_list":["post-2689","page","type-page","status-publish","hentry"],"jetpack_sharing_enabled":true,"_links":{"self":[{"href":"https:\/\/szabo.pl\/index.php\/wp-json\/wp\/v2\/pages\/2689","targetHints":{"allow":["GET"]}}],"collection":[{"href":"https:\/\/szabo.pl\/index.php\/wp-json\/wp\/v2\/pages"}],"about":[{"href":"https:\/\/szabo.pl\/index.php\/wp-json\/wp\/v2\/types\/page"}],"author":[{"embeddable":true,"href":"https:\/\/szabo.pl\/index.php\/wp-json\/wp\/v2\/users\/1"}],"replies":[{"embeddable":true,"href":"https:\/\/szabo.pl\/index.php\/wp-json\/wp\/v2\/comments?post=2689"}],"version-history":[{"count":1,"href":"https:\/\/szabo.pl\/index.php\/wp-json\/wp\/v2\/pages\/2689\/revisions"}],"predecessor-version":[{"id":2691,"href":"https:\/\/szabo.pl\/index.php\/wp-json\/wp\/v2\/pages\/2689\/revisions\/2691"}],"wp:attachment":[{"href":"https:\/\/szabo.pl\/index.php\/wp-json\/wp\/v2\/media?parent=2689"}],"curies":[{"name":"wp","href":"https:\/\/api.w.org\/{rel}","templated":true}]}}