{"id":2811,"date":"2025-11-20T13:54:27","date_gmt":"2025-11-20T12:54:27","guid":{"rendered":"https:\/\/szabo.pl\/?page_id=2811"},"modified":"2025-11-29T11:25:13","modified_gmt":"2025-11-29T10:25:13","slug":"pakiet-compenso-point","status":"publish","type":"page","link":"https:\/\/szabo.pl\/index.php\/pl\/pakiet-compenso-point\/","title":{"rendered":"Pakiet COMPENSO Point"},"content":{"rendered":"\n<p><strong>Pakiet zawiera nast\u0119puj\u0105ce us\u0142ugi<\/strong><\/p>\n\n\n\n<figure class=\"wp-block-table is-style-regular\"><table><tbody><tr><td><\/td><td class=\"has-text-align-center\" data-align=\"center\"><strong>Pakiet COMPENSO Point<\/strong><\/td><\/tr><tr><td>Miesi\u0119czna cena pakietu<\/td><td class=\"has-text-align-center\" data-align=\"center\">240,- z\u0142<a href=\"https:\/\/szabo.pl\/index.php\/pl\/pakiet-solo-point\/\" data-type=\"page\" data-id=\"2249\"><br><img decoding=\"async\" src=\"https:\/\/szabo.pl\/wp-content\/uploads\/2025\/10\/gotoarrow50.png\" alt=\"Zam\u00f3w\"><\/a><\/td><\/tr><tr><td><a href=\"https:\/\/szabo.pl\/index.php\/pl\/2025\/10\/30\/rozliczenie-listy-plac\/\" data-type=\"post\" data-id=\"2283\">Rozliczenie listy p\u0142ac<\/a><\/td><td class=\"has-text-align-center\" data-align=\"center\">do 3 os\u00f3b \/umowa \/miesi\u0105c<\/td><\/tr><tr><td><\/td><td class=\"has-text-align-center\" data-align=\"center\">Powy\u017cej limitu: <br>80,- z\u0142 z\u0142\/os.\/umowa\/okres<\/td><\/tr><tr><td><a href=\"https:\/\/szabo.pl\/index.php\/pl\/2025\/10\/30\/przygotowanie-deklaracji-zus-dla-przedsiebiorcy-dra-2\/\" data-type=\"post\" data-id=\"2148\">Przygotowanie deklaracji ZUS dla przedsi\u0119biorcy (DRA)<\/a><\/td><td class=\"has-text-align-center\" data-align=\"center\"><img decoding=\"async\" src=\"https:\/\/szabo.pl\/wp-content\/uploads\/2025\/10\/TAK_tick.png\" alt=\"TAK\"><\/td><\/tr><tr><td>Przygotowanie deklaracji ZUS pracownik\u00f3w i przedsi\u0119biorcy (DRA, RCA, RZA)<\/td><td class=\"has-text-align-center\" data-align=\"center\"><img decoding=\"async\" src=\"https:\/\/szabo.pl\/wp-content\/uploads\/2025\/10\/TAK_tick.png\" alt=\"TAK\"><\/td><\/tr><tr><td>Zg\u0142oszenie rejestracyjne ZUS (ZZA, ZUA, ZCNA, ZWUA, ZFA, ZPA, ZWFA, ZWPA)<\/td><td class=\"has-text-align-center\" data-align=\"center\">do 2 dokument\u00f3w w miesi\u0105cu<\/td><\/tr><tr><td><a href=\"https:\/\/szabo.pl\/index.php\/pl\/2025\/10\/30\/wypelnianie-deklaracji-pit-11\/\" data-type=\"post\" data-id=\"2124\">Roczna deklaracja PIT-11<\/a><\/td><td class=\"has-text-align-center\" data-align=\"center\">do 3 deklaracji<\/td><\/tr><\/tbody><\/table><\/figure>\n\n\n\n<p>*Rabat warunkowy &#8211; Warunkiem udzielenie rabatu jest wa\u017cna umowa o \u015bwiadczenie us\u0142ug lub umowa abonamentowa przez co najmniej 6 miesi\u0119cy przed wykonaniem us\u0142ugi)<\/p>\n\n\n\n<p><\/p>\n","protected":false},"excerpt":{"rendered":"<p>Pakiet zawiera nast\u0119puj\u0105ce us\u0142ugi Pakiet COMPENSO Point Miesi\u0119czna cena pakietu 240,- z\u0142 Rozliczenie listy p\u0142ac<\/p>\n<div class=\"continue-reading-blog\"><a href=\"https:\/\/szabo.pl\/index.php\/pl\/pakiet-compenso-point\/\" class=\"more-link\">Continue Reading<i class=\"fa fa-long-arrow-right\"><\/i><span class=\"screen-reader-text\">Pakiet COMPENSO Point<\/span><\/a><\/div>\n","protected":false},"author":41,"featured_media":0,"parent":0,"menu_order":0,"comment_status":"closed","ping_status":"closed","template":"","meta":{"footnotes":""},"class_list":["post-2811","page","type-page","status-publish","hentry"],"jetpack_sharing_enabled":true,"_links":{"self":[{"href":"https:\/\/szabo.pl\/index.php\/wp-json\/wp\/v2\/pages\/2811","targetHints":{"allow":["GET"]}}],"collection":[{"href":"https:\/\/szabo.pl\/index.php\/wp-json\/wp\/v2\/pages"}],"about":[{"href":"https:\/\/szabo.pl\/index.php\/wp-json\/wp\/v2\/types\/page"}],"author":[{"embeddable":true,"href":"https:\/\/szabo.pl\/index.php\/wp-json\/wp\/v2\/users\/41"}],"replies":[{"embeddable":true,"href":"https:\/\/szabo.pl\/index.php\/wp-json\/wp\/v2\/comments?post=2811"}],"version-history":[{"count":4,"href":"https:\/\/szabo.pl\/index.php\/wp-json\/wp\/v2\/pages\/2811\/revisions"}],"predecessor-version":[{"id":3003,"href":"https:\/\/szabo.pl\/index.php\/wp-json\/wp\/v2\/pages\/2811\/revisions\/3003"}],"wp:attachment":[{"href":"https:\/\/szabo.pl\/index.php\/wp-json\/wp\/v2\/media?parent=2811"}],"curies":[{"name":"wp","href":"https:\/\/api.w.org\/{rel}","templated":true}]}}