{"id":2818,"date":"2025-11-20T13:54:27","date_gmt":"2025-11-20T12:54:27","guid":{"rendered":"https:\/\/szabo.pl\/?page_id=2818"},"modified":"2025-11-29T11:37:42","modified_gmt":"2025-11-29T10:37:42","slug":"pakiet-compenso-cluster","status":"publish","type":"page","link":"https:\/\/szabo.pl\/index.php\/pl\/pakiet-compenso-cluster\/","title":{"rendered":"Pakiet COMPENSO Cluster"},"content":{"rendered":"\n<p><strong>Pakiet zawiera nast\u0119puj\u0105ce us\u0142ugi<\/strong><\/p>\n\n\n\n<figure class=\"wp-block-table is-style-regular\"><table><tbody><tr><td><\/td><td class=\"has-text-align-center\" data-align=\"center\"><strong>Pakiet <strong>COMPENSO<\/strong><\/strong> <strong> Matrix<\/strong><\/td><td class=\"has-text-align-center\" data-align=\"center\"><strong>Pakiet <strong>COMPENSO<\/strong> Cluster<\/strong><\/td><td class=\"has-text-align-center\" data-align=\"center\"><strong>R\u00f3\u017cnica<\/strong><\/td><\/tr><tr><td>Miesi\u0119czna cena pakietu<\/td><td class=\"has-text-align-center\" data-align=\"center\">1390,- z\u0142<br><img decoding=\"async\" src=\"https:\/\/szabo.pl\/wp-content\/uploads\/2025\/10\/gotoarrow50.png\" alt=\"Zam\u00f3w\"><\/td><td class=\"has-text-align-center\" data-align=\"center\">Zadzwo\u0144 po wycen\u0119<br><img decoding=\"async\" src=\"https:\/\/szabo.pl\/wp-content\/uploads\/2025\/10\/gotoarrow50.png\" alt=\"Zam\u00f3w\"><\/td><td class=\"has-text-align-center\" data-align=\"center\"><img decoding=\"async\" src=\"https:\/\/szabo.pl\/wp-content\/uploads\/2025\/10\/TAK_tick.png\" alt=\"TAK\"><\/td><\/tr><tr><td><a href=\"https:\/\/szabo.pl\/index.php\/pl\/2025\/10\/30\/rozliczenie-listy-plac\/\" data-type=\"post\" data-id=\"2283\">Rozliczenie listy p\u0142ac<\/a><\/td><td class=\"has-text-align-center\" data-align=\"center\">do 20 os\u00f3b \/umowa \/miesi\u0105c<\/td><td class=\"has-text-align-center\" data-align=\"center\">powy\u017cej 20 os\u00f3b \/umowa \/miesi\u0105c<\/td><td class=\"has-text-align-center\" data-align=\"center\"><img decoding=\"async\" src=\"https:\/\/szabo.pl\/wp-content\/uploads\/2025\/10\/TAK_tick.png\" alt=\"TAK\"><\/td><\/tr><tr><td><\/td><td class=\"has-text-align-center\" data-align=\"center\">Powy\u017cej limitu: <br>70,- z\u0142 z\u0142\/os.\/umowa\/okres<\/td><td class=\"has-text-align-center\" data-align=\"center\">Powy\u017cej limitu: <br>wg. wyceny indywidualnej<\/td><td class=\"has-text-align-center\" data-align=\"center\"><img decoding=\"async\" src=\"https:\/\/szabo.pl\/wp-content\/uploads\/2025\/10\/TAK_tick.png\" alt=\"TAK\"><\/td><\/tr><tr><td><a href=\"https:\/\/szabo.pl\/index.php\/pl\/2025\/10\/30\/przygotowanie-deklaracji-zus-dla-przedsiebiorcy-dra-2\/\" data-type=\"post\" data-id=\"2148\">Przygotowanie deklaracji ZUS dla przedsi\u0119biorcy (DRA)<\/a><\/td><td class=\"has-text-align-center\" data-align=\"center\"><img decoding=\"async\" src=\"https:\/\/szabo.pl\/wp-content\/uploads\/2025\/10\/TAK_tick.png\" alt=\"TAK\"><\/td><td class=\"has-text-align-center\" data-align=\"center\"><img decoding=\"async\" src=\"https:\/\/szabo.pl\/wp-content\/uploads\/2025\/10\/TAK_tick.png\" alt=\"TAK\"><\/td><td class=\"has-text-align-center\" data-align=\"center\"><\/td><\/tr><tr><td>Przygotowanie deklaracji ZUS pracownik\u00f3w i przedsi\u0119biorcy (DRA, RCA, RZA)<\/td><td class=\"has-text-align-center\" data-align=\"center\"><img decoding=\"async\" src=\"https:\/\/szabo.pl\/wp-content\/uploads\/2025\/10\/TAK_tick.png\" alt=\"TAK\"><\/td><td class=\"has-text-align-center\" data-align=\"center\"><img decoding=\"async\" src=\"https:\/\/szabo.pl\/wp-content\/uploads\/2025\/10\/TAK_tick.png\" alt=\"TAK\"><\/td><td class=\"has-text-align-center\" data-align=\"center\"><\/td><\/tr><tr><td>Zg\u0142oszenie rejestracyjne ZUS (ZZA, ZUA, ZCNA, ZWUA, ZFA, ZPA, ZWFA, ZWPA)<\/td><td class=\"has-text-align-center\" data-align=\"center\"><img decoding=\"async\" src=\"https:\/\/szabo.pl\/wp-content\/uploads\/2025\/10\/TAK_tick.png\" alt=\"TAK\"><\/td><td class=\"has-text-align-center\" data-align=\"center\"><img decoding=\"async\" src=\"https:\/\/szabo.pl\/wp-content\/uploads\/2025\/10\/TAK_tick.png\" alt=\"TAK\"><\/td><td class=\"has-text-align-center\" data-align=\"center\"><\/td><\/tr><tr><td><a href=\"https:\/\/szabo.pl\/index.php\/pl\/2025\/10\/30\/raport-urlopowy\/\" data-type=\"post\" data-id=\"2288\">Raport urlopowy<\/a><\/td><td class=\"has-text-align-center\" data-align=\"center\">do 6 raport\u00f3w w roku<\/td><td class=\"has-text-align-center\" data-align=\"center\"><img decoding=\"async\" src=\"https:\/\/szabo.pl\/wp-content\/uploads\/2025\/10\/TAK_tick.png\" alt=\"TAK\"><\/td><td class=\"has-text-align-center\" data-align=\"center\"><img decoding=\"async\" src=\"https:\/\/szabo.pl\/wp-content\/uploads\/2025\/10\/TAK_tick.png\" alt=\"TAK\"><\/td><\/tr><tr><td><a href=\"https:\/\/szabo.pl\/index.php\/pl\/2025\/10\/30\/sporzadzanie-umowy-dla-pracownika\/\" data-type=\"post\" data-id=\"2152\">Sporz\u0105dzanie umowy o prac\u0119, o dzie\u0142o, zlecenie na podstawie wzorca<\/a><\/td><td class=\"has-text-align-center\" data-align=\"center\">25% rabatu z cennika<\/td><td class=\"has-text-align-center\" data-align=\"center\">wed\u0142ug wyceny indywidualnej<\/td><td class=\"has-text-align-center\" data-align=\"center\"><img decoding=\"async\" src=\"https:\/\/szabo.pl\/wp-content\/uploads\/2025\/10\/TAK_tick.png\" alt=\"TAK\"><\/td><\/tr><tr><td><a href=\"https:\/\/szabo.pl\/index.php\/pl\/2025\/10\/30\/wniosek-zus-z-15a-z-3-z-3a-z-3b\/\" data-type=\"post\" data-id=\"2403\">Wniosek ZUS Z-15A, Z-3, Z-3a, Z-3b<\/a><\/td><td class=\"has-text-align-center\" data-align=\"center\">1 wniosek\/miesi\u0105c<\/td><td class=\"has-text-align-center\" data-align=\"center\">wed\u0142ug wyceny indywidualnej<\/td><td class=\"has-text-align-center\" data-align=\"center\"><img decoding=\"async\" src=\"https:\/\/szabo.pl\/wp-content\/uploads\/2025\/10\/TAK_tick.png\" alt=\"TAK\"><\/td><\/tr><tr><td><a href=\"https:\/\/szabo.pl\/index.php\/pl\/2025\/10\/30\/wypelnianie-deklaracji-pit-4r\/\" data-type=\"post\" data-id=\"2120\">Roczna deklaracja PIT-4R<\/a><\/td><td class=\"has-text-align-center\" data-align=\"center\">50% rabat warunkowy*<\/td><td class=\"has-text-align-center\" data-align=\"center\"><img decoding=\"async\" src=\"https:\/\/szabo.pl\/wp-content\/uploads\/2025\/10\/TAK_tick.png\" alt=\"TAK\"><\/td><td class=\"has-text-align-center\" data-align=\"center\"><img decoding=\"async\" src=\"https:\/\/szabo.pl\/wp-content\/uploads\/2025\/10\/TAK_tick.png\" alt=\"TAK\"><\/td><\/tr><tr><td><a href=\"https:\/\/szabo.pl\/index.php\/pl\/2025\/10\/30\/wypelnianie-deklaracji-pit-11\/\" data-type=\"post\" data-id=\"2124\">Roczna deklaracja PIT-11<\/a><\/td><td class=\"has-text-align-center\" data-align=\"center\">do 20 deklaracji<\/td><td class=\"has-text-align-center\" data-align=\"center\">wed\u0142ug wyceny indywidualnej<\/td><td class=\"has-text-align-center\" data-align=\"center\"><img decoding=\"async\" src=\"https:\/\/szabo.pl\/wp-content\/uploads\/2025\/10\/TAK_tick.png\" alt=\"TAK\"><\/td><\/tr><\/tbody><\/table><\/figure>\n\n\n\n<p>*Rabat warunkowy &#8211; Warunkiem udzielenie rabatu jest wa\u017cna umowa o \u015bwiadczenie us\u0142ug lub umowa abonamentowa przez co najmniej 6 miesi\u0119cy przed wykonaniem us\u0142ugi)<\/p>\n\n\n\n<p><\/p>\n","protected":false},"excerpt":{"rendered":"<p>Pakiet zawiera nast\u0119puj\u0105ce us\u0142ugi Pakiet COMPENSO Matrix Pakiet COMPENSO Cluster R\u00f3\u017cnica Miesi\u0119czna cena pakietu 1390,-<\/p>\n<div class=\"continue-reading-blog\"><a href=\"https:\/\/szabo.pl\/index.php\/pl\/pakiet-compenso-cluster\/\" class=\"more-link\">Continue Reading<i class=\"fa fa-long-arrow-right\"><\/i><span class=\"screen-reader-text\">Pakiet COMPENSO Cluster<\/span><\/a><\/div>\n","protected":false},"author":41,"featured_media":0,"parent":0,"menu_order":0,"comment_status":"closed","ping_status":"closed","template":"","meta":{"footnotes":""},"class_list":["post-2818","page","type-page","status-publish","hentry"],"jetpack_sharing_enabled":true,"_links":{"self":[{"href":"https:\/\/szabo.pl\/index.php\/wp-json\/wp\/v2\/pages\/2818","targetHints":{"allow":["GET"]}}],"collection":[{"href":"https:\/\/szabo.pl\/index.php\/wp-json\/wp\/v2\/pages"}],"about":[{"href":"https:\/\/szabo.pl\/index.php\/wp-json\/wp\/v2\/types\/page"}],"author":[{"embeddable":true,"href":"https:\/\/szabo.pl\/index.php\/wp-json\/wp\/v2\/users\/41"}],"replies":[{"embeddable":true,"href":"https:\/\/szabo.pl\/index.php\/wp-json\/wp\/v2\/comments?post=2818"}],"version-history":[{"count":5,"href":"https:\/\/szabo.pl\/index.php\/wp-json\/wp\/v2\/pages\/2818\/revisions"}],"predecessor-version":[{"id":3007,"href":"https:\/\/szabo.pl\/index.php\/wp-json\/wp\/v2\/pages\/2818\/revisions\/3007"}],"wp:attachment":[{"href":"https:\/\/szabo.pl\/index.php\/wp-json\/wp\/v2\/media?parent=2818"}],"curies":[{"name":"wp","href":"https:\/\/api.w.org\/{rel}","templated":true}]}}