{"id":2821,"date":"2025-11-20T13:54:27","date_gmt":"2025-11-20T12:54:27","guid":{"rendered":"https:\/\/szabo.pl\/?page_id=2821"},"modified":"2025-11-22T15:49:14","modified_gmt":"2025-11-22T14:49:14","slug":"compenso-elofizetesi-csomagok","status":"publish","type":"page","link":"https:\/\/szabo.pl\/index.php\/compenso-elofizetesi-csomagok\/","title":{"rendered":"COMPENSO El\u0151fizet\u00e9si Csomagok"},"content":{"rendered":"\n<figure class=\"wp-block-table is-style-regular\"><table><tbody><tr><td><\/td><td class=\"has-text-align-center\" data-align=\"center\"><strong>COMPENSO Point<\/strong> <strong>Csomag<\/strong><\/td><td class=\"has-text-align-center\" data-align=\"center\"><strong><strong>COMPENSO<\/strong><\/strong> <strong>Grid<\/strong> <strong>Csomag<\/strong><\/td><td class=\"has-text-align-center\" data-align=\"center\"><strong><strong>COMPENSO<\/strong><\/strong> <strong> Matrix<\/strong> <strong>Csomag<\/strong><\/td><td class=\"has-text-align-center\" data-align=\"center\"><strong><strong>COMPENSO<\/strong> Cluster<\/strong> <strong>Csomag<\/strong><\/td><\/tr><tr><td>Csomag havid\u00edja<\/td><td class=\"has-text-align-center\" data-align=\"center\">240,- z\u0142<a href=\"https:\/\/szabo.pl\/index.php\/pl\/pakiet-solo-point\/\" data-type=\"page\" data-id=\"2249\"><br><img decoding=\"async\" src=\"https:\/\/szabo.pl\/wp-content\/uploads\/2025\/10\/gotoarrow50.png\" alt=\"Zam\u00f3w\"><\/a><\/td><td class=\"has-text-align-center\" data-align=\"center\">560,- z\u0142<br><img decoding=\"async\" src=\"https:\/\/szabo.pl\/wp-content\/uploads\/2025\/10\/gotoarrow50.png\" alt=\"Zam\u00f3w\"><\/td><td class=\"has-text-align-center\" data-align=\"center\">1390,- z\u0142<br><img decoding=\"async\" src=\"https:\/\/szabo.pl\/wp-content\/uploads\/2025\/10\/gotoarrow50.png\" alt=\"Zam\u00f3w\"><\/td><td class=\"has-text-align-center\" data-align=\"center\"><strong>H\u00edvj \u00e1raj\u00e1nlat\u00e9rt!<\/strong><br><img decoding=\"async\" src=\"https:\/\/szabo.pl\/wp-content\/uploads\/2025\/10\/gotoarrow50.png\" alt=\"Zam\u00f3w\"><\/td><\/tr><tr><td><\/td><td class=\"has-text-align-center\" data-align=\"center\"><\/td><td class=\"has-text-align-center\" data-align=\"center\"><\/td><td class=\"has-text-align-center\" data-align=\"center\"><\/td><td class=\"has-text-align-center\" data-align=\"center\"><\/td><\/tr><tr><td>Munkab\u00e9r lista elk\u00e9sz\u00edt\u00e9se<\/td><td class=\"has-text-align-center\" data-align=\"center\">3 f\u0151 \/szerz\u0151d\u00e9s \/h\u00f3napig<\/td><td class=\"has-text-align-center\" data-align=\"center\">8 f\u0151 \/szerz\u0151d\u00e9s \/h\u00f3napig<\/td><td class=\"has-text-align-center\" data-align=\"center\">20 f\u0151 \/szerz\u0151d\u00e9s \/h\u00f3napig<\/td><td class=\"has-text-align-center\" data-align=\"center\">havonta t\u00f6bb mint 20 f\u0151 \/ szerz\u0151d\u00e9s; Egy\u00e9ni \u00e1raj\u00e1nlat szerrint<\/td><\/tr><tr><td>T\u00e1rsadalombiztos\u00edt\u00e1si deklar\u00e1ci\u00f3 elk\u00e9sz\u00edt\u00e9se v\u00e1llalkoz\u00f3 r\u00e9sz\u00e9re (DRA)<\/td><td class=\"has-text-align-center\" data-align=\"center\"><img decoding=\"async\" src=\"https:\/\/szabo.pl\/wp-content\/uploads\/2025\/10\/TAK_tick.png\" alt=\"TAK\"><\/td><td class=\"has-text-align-center\" data-align=\"center\"><img decoding=\"async\" src=\"https:\/\/szabo.pl\/wp-content\/uploads\/2025\/10\/TAK_tick.png\" alt=\"TAK\"><\/td><td class=\"has-text-align-center\" data-align=\"center\"><img decoding=\"async\" src=\"https:\/\/szabo.pl\/wp-content\/uploads\/2025\/10\/TAK_tick.png\" alt=\"TAK\"><\/td><td class=\"has-text-align-center\" data-align=\"center\"><img decoding=\"async\" src=\"https:\/\/szabo.pl\/wp-content\/uploads\/2025\/10\/TAK_tick.png\" alt=\"TAK\"><\/td><\/tr><tr><td>T\u00e1rsadalombiztos\u00edt\u00e1si deklar\u00e1ci\u00f3 elk\u00e9sz\u00edt\u00e9se v\u00e1llalkoz\u00f3 \u00e9s a munkav\u00e1llal\u00f3k r\u00e9sz\u00e9re (DRA, RCA, RZA, RSA)<\/td><td class=\"has-text-align-center\" data-align=\"center\"><img decoding=\"async\" src=\"https:\/\/szabo.pl\/wp-content\/uploads\/2025\/10\/TAK_tick.png\" alt=\"TAK\"><\/td><td class=\"has-text-align-center\" data-align=\"center\"><img decoding=\"async\" src=\"https:\/\/szabo.pl\/wp-content\/uploads\/2025\/10\/TAK_tick.png\" alt=\"TAK\"><\/td><td class=\"has-text-align-center\" data-align=\"center\"><img decoding=\"async\" src=\"https:\/\/szabo.pl\/wp-content\/uploads\/2025\/10\/TAK_tick.png\" alt=\"TAK\"><\/td><td class=\"has-text-align-center\" data-align=\"center\"><img decoding=\"async\" src=\"https:\/\/szabo.pl\/wp-content\/uploads\/2025\/10\/TAK_tick.png\" alt=\"TAK\"><\/td><\/tr><tr><td>T\u00e1rsadalombiztos\u00edt\u00e1si bejelent\u00e9s (ZZA, ZUA, ZCNA, ZWUA, ZFA, ZPA, ZWFA, ZWPA)&nbsp;<\/td><td class=\"has-text-align-center\" data-align=\"center\">havi 2 dokumentumig<\/td><td class=\"has-text-align-center\" data-align=\"center\">havi 4 dokumentumig<\/td><td class=\"has-text-align-center\" data-align=\"center\"><img decoding=\"async\" src=\"https:\/\/szabo.pl\/wp-content\/uploads\/2025\/10\/TAK_tick.png\" alt=\"TAK\"><\/td><td class=\"has-text-align-center\" data-align=\"center\"><img decoding=\"async\" src=\"https:\/\/szabo.pl\/wp-content\/uploads\/2025\/10\/TAK_tick.png\" alt=\"TAK\"><\/td><\/tr><tr><td>Szabads\u00e1g kimutat\u00e1s<\/td><td class=\"has-text-align-center\" data-align=\"center\">\u00e1rlista szerint<\/td><td class=\"has-text-align-center\" data-align=\"center\">\u00e9vente legfeljebb 3 jelent\u00e9s<\/td><td class=\"has-text-align-center\" data-align=\"center\">\u00e9vente legfeljebb 6 jelent\u00e9s<\/td><td class=\"has-text-align-center\" data-align=\"center\"><img decoding=\"async\" src=\"https:\/\/szabo.pl\/wp-content\/uploads\/2025\/10\/TAK_tick.png\" alt=\"TAK\"><\/td><\/tr><tr><td>Munkaszerz\u0151d\u00e9s,  megb\u00edz\u00e1si szerz\u0151d\u00e9s k\u00e9sz\u00edt\u00e9se szablon alapj\u00e1n.<\/td><td class=\"has-text-align-center\" data-align=\"center\">\u00e1rlista szerint<\/td><td class=\"has-text-align-center\" data-align=\"center\">-25% a lista\u00e1rb\u00f3l<\/td><td class=\"has-text-align-center\" data-align=\"center\">-25% a lista\u00e1rb\u00f3l<\/td><td class=\"has-text-align-center\" data-align=\"center\">egyedi \u00e1raj\u00e1nlat alapj\u00e1n<\/td><\/tr><tr><td>ZUS Z-15A, Z-3, Z-3a, Z-3b beadv\u00e1nyok<\/td><td class=\"has-text-align-center\" data-align=\"center\">\u00e1rlista szerint<\/td><td class=\"has-text-align-center\" data-align=\"center\">1 k\u00e9relem \/ h\u00f3nap<\/td><td class=\"has-text-align-center\" data-align=\"center\">1 k\u00e9relem \/ h\u00f3nap<\/td><td class=\"has-text-align-center\" data-align=\"center\">egyedi \u00e1raj\u00e1nlat alapj\u00e1n<\/td><\/tr><tr><td>PIT-4R bevall\u00e1s elk\u00e9sz\u00edt\u00e9se<\/td><td class=\"has-text-align-center\" data-align=\"center\">\u00e1rlista szerint<\/td><td class=\"has-text-align-center\" data-align=\"center\">-25% a lista\u00e1rb\u00f3l<\/td><td class=\"has-text-align-center\" data-align=\"center\">-50% a lista\u00e1rb\u00f3l<\/td><td class=\"has-text-align-center\" data-align=\"center\"><img decoding=\"async\" src=\"https:\/\/szabo.pl\/wp-content\/uploads\/2025\/10\/TAK_tick.png\" alt=\"TAK\"><\/td><\/tr><tr><td>PIT-11 igazol\u00e1s elk\u00e9sz\u00edt\u00e9se<\/td><td class=\"has-text-align-center\" data-align=\"center\">legfeljebb 3 igazol\u00e1s <\/td><td class=\"has-text-align-center\" data-align=\"center\">legfeljebb 8 igazol\u00e1s <\/td><td class=\"has-text-align-center\" data-align=\"center\">legfeljebb 20 igazol\u00e1s <\/td><td class=\"has-text-align-center\" data-align=\"center\">egyedi \u00e1raj\u00e1nlat alapj\u00e1n<\/td><\/tr><\/tbody><\/table><\/figure>\n\n\n\n<p><span style=\"text-decoration: underline;\">*Felt\u00e9teles kedvezm\u00e9ny<\/span> &#8211; A kedvezm\u00e9ny megad\u00e1s\u00e1nak felt\u00e9tele egy, a szolg\u00e1ltat\u00e1s ny\u00fajt\u00e1s el\u0151tt legal\u00e1bb 6 h\u00f3napja \u00e9rv\u00e9nyes folyamatos szolg\u00e1ltat\u00e1si szerz\u0151d\u00e9s vagy el\u0151fizet\u00e9si szerz\u0151d\u00e9s megl\u00e9te.<\/p>\n\n\n\n<p><\/p>\n","protected":false},"excerpt":{"rendered":"<p>COMPENSO Point Csomag COMPENSO Grid Csomag COMPENSO Matrix Csomag COMPENSO Cluster Csomag Csomag havid\u00edja 240,-<\/p>\n<div class=\"continue-reading-blog\"><a href=\"https:\/\/szabo.pl\/index.php\/compenso-elofizetesi-csomagok\/\" class=\"more-link\">Continue Reading<i class=\"fa fa-long-arrow-right\"><\/i><span class=\"screen-reader-text\">COMPENSO El\u0151fizet\u00e9si Csomagok<\/span><\/a><\/div>\n","protected":false},"author":41,"featured_media":0,"parent":0,"menu_order":0,"comment_status":"closed","ping_status":"closed","template":"","meta":{"footnotes":""},"class_list":["post-2821","page","type-page","status-publish","hentry"],"jetpack_sharing_enabled":true,"_links":{"self":[{"href":"https:\/\/szabo.pl\/index.php\/wp-json\/wp\/v2\/pages\/2821","targetHints":{"allow":["GET"]}}],"collection":[{"href":"https:\/\/szabo.pl\/index.php\/wp-json\/wp\/v2\/pages"}],"about":[{"href":"https:\/\/szabo.pl\/index.php\/wp-json\/wp\/v2\/types\/page"}],"author":[{"embeddable":true,"href":"https:\/\/szabo.pl\/index.php\/wp-json\/wp\/v2\/users\/41"}],"replies":[{"embeddable":true,"href":"https:\/\/szabo.pl\/index.php\/wp-json\/wp\/v2\/comments?post=2821"}],"version-history":[{"count":8,"href":"https:\/\/szabo.pl\/index.php\/wp-json\/wp\/v2\/pages\/2821\/revisions"}],"predecessor-version":[{"id":2869,"href":"https:\/\/szabo.pl\/index.php\/wp-json\/wp\/v2\/pages\/2821\/revisions\/2869"}],"wp:attachment":[{"href":"https:\/\/szabo.pl\/index.php\/wp-json\/wp\/v2\/media?parent=2821"}],"curies":[{"name":"wp","href":"https:\/\/api.w.org\/{rel}","templated":true}]}}