{"id":2823,"date":"2025-11-20T13:20:32","date_gmt":"2025-11-20T12:20:32","guid":{"rendered":"https:\/\/szabo.pl\/?page_id=2823"},"modified":"2025-11-20T14:33:21","modified_gmt":"2025-11-20T13:33:21","slug":"pakiet-ceidg","status":"publish","type":"page","link":"https:\/\/szabo.pl\/index.php\/pl\/pakiet-ceidg\/","title":{"rendered":"Pakiet CEIDG +"},"content":{"rendered":"\n<p><strong><a href=\"https:\/\/szabo.pl\/index.php\/pl\/pakiety-abonamentowe-solo\/\" data-type=\"page\" data-id=\"2216\">Dost\u0119pny do pakiet\u00f3w SOLO<\/a><\/strong><\/p>\n\n\n\n<p>Zawiera us\u0142ugi pe\u0142nomocnika do CEIDG na nast\u0119puj\u0105ce czynno\u015bci:<\/p>\n\n\n\n<ul class=\"wp-block-list\">\n<li>dokonanie zmian w wpisie<\/li>\n\n\n\n<li>zawieszenie dzia\u0142alno\u015bci<\/li>\n\n\n\n<li>wznowienie dzia\u0142alno\u015bci<\/li>\n\n\n\n<li>wykre\u015blenie dzia\u0142alno\u015bci<\/li>\n\n\n\n<li>prowadzenie spraw za po\u015brednictwem punktu kontaktowego<\/li>\n<\/ul>\n\n\n\n<p><strong>Cennik pakietu dodatkowego<\/strong><\/p>\n\n\n\n<figure class=\"wp-block-table\"><table class=\"has-fixed-layout\"><tbody><tr><td><strong>Do  abonamentu<\/strong><\/td><td><strong>cena<\/strong><\/td><td><strong>j.m.<\/strong><\/td><\/tr><tr><td><a href=\"https:\/\/szabo.pl\/index.php\/pl\/pakiet-solo-point\/\" data-type=\"page\" data-id=\"2249\">SOLO Point<\/a><\/td><td>50 z\u0142<\/td><td>\/miesi\u0105c<\/td><\/tr><tr><td><a href=\"https:\/\/szabo.pl\/index.php\/pl\/pakiet-solo-grid-backup\/\" data-type=\"page\" data-id=\"2280\">SOLO Grid<\/a><\/td><td>40 z\u0142<\/td><td>\/miesi\u0105c<\/td><\/tr><tr><td><a href=\"https:\/\/szabo.pl\/index.php\/pl\/pakiet-solo-matrix\/\" data-type=\"page\" data-id=\"2256\">SOLO Matrix<\/a><\/td><td>10 z\u0142<\/td><td>\/miesi\u0105c<\/td><\/tr><\/tbody><\/table><\/figure>\n","protected":false},"excerpt":{"rendered":"<p>Dost\u0119pny do pakiet\u00f3w SOLO Zawiera us\u0142ugi pe\u0142nomocnika do CEIDG na nast\u0119puj\u0105ce czynno\u015bci: Cennik pakietu dodatkowego<\/p>\n<div class=\"continue-reading-blog\"><a href=\"https:\/\/szabo.pl\/index.php\/pl\/pakiet-ceidg\/\" class=\"more-link\">Continue Reading<i class=\"fa fa-long-arrow-right\"><\/i><span class=\"screen-reader-text\">Pakiet CEIDG +<\/span><\/a><\/div>\n","protected":false},"author":1,"featured_media":0,"parent":0,"menu_order":0,"comment_status":"closed","ping_status":"closed","template":"","meta":{"footnotes":""},"class_list":["post-2823","page","type-page","status-publish","hentry"],"jetpack_sharing_enabled":true,"_links":{"self":[{"href":"https:\/\/szabo.pl\/index.php\/wp-json\/wp\/v2\/pages\/2823","targetHints":{"allow":["GET"]}}],"collection":[{"href":"https:\/\/szabo.pl\/index.php\/wp-json\/wp\/v2\/pages"}],"about":[{"href":"https:\/\/szabo.pl\/index.php\/wp-json\/wp\/v2\/types\/page"}],"author":[{"embeddable":true,"href":"https:\/\/szabo.pl\/index.php\/wp-json\/wp\/v2\/users\/1"}],"replies":[{"embeddable":true,"href":"https:\/\/szabo.pl\/index.php\/wp-json\/wp\/v2\/comments?post=2823"}],"version-history":[{"count":5,"href":"https:\/\/szabo.pl\/index.php\/wp-json\/wp\/v2\/pages\/2823\/revisions"}],"predecessor-version":[{"id":2912,"href":"https:\/\/szabo.pl\/index.php\/wp-json\/wp\/v2\/pages\/2823\/revisions\/2912"}],"wp:attachment":[{"href":"https:\/\/szabo.pl\/index.php\/wp-json\/wp\/v2\/media?parent=2823"}],"curies":[{"name":"wp","href":"https:\/\/api.w.org\/{rel}","templated":true}]}}