{"id":2833,"date":"2025-11-20T13:20:32","date_gmt":"2025-11-20T12:20:32","guid":{"rendered":"https:\/\/szabo.pl\/?page_id=2833"},"modified":"2025-11-20T14:34:54","modified_gmt":"2025-11-20T13:34:54","slug":"ceidg-kiegeszito-csomag","status":"publish","type":"page","link":"https:\/\/szabo.pl\/index.php\/ceidg-kiegeszito-csomag\/","title":{"rendered":"CEIDG + kieg\u00e9sz\u00edt\u0151 csomag"},"content":{"rendered":"\n<p><strong><a href=\"https:\/\/szabo.pl\/index.php\/solo-elofizetesi-csomagok\/\" data-type=\"page\" data-id=\"2557\">SOLO csomagokhoz el\u00e9rhet\u0151<\/a><\/strong><\/p>\n\n\n\n<p>A k\u00f6vetkez\u0151 tev\u00e9kenys\u00e9gekhez kapcsol\u00f3d\u00f3 CEIDG meghatalmazotti szolg\u00e1ltat\u00e1sokat tartalmazza:<\/p>\n\n\n\n<ul class=\"wp-block-list\">\n<li>a bejegyz\u00e9s v\u00e1ltoztat\u00e1s\u00e1ra<\/li>\n\n\n\n<li>a tev\u00e9kenys\u00e9g felf\u00fcggeszt\u00e9s\u00e9re<\/li>\n\n\n\n<li>a tev\u00e9kenys\u00e9g meg\u00faj\u00edt\u00e1s\u00e1ra<\/li>\n\n\n\n<li>a tev\u00e9kenys\u00e9g megsz\u00fcntet\u00e9s\u00e9re<\/li>\n\n\n\n<li>kapcsolati ponton kereszt\u00fcli \u00fcgyint\u00e9z\u00e9sre<\/li>\n<\/ul>\n\n\n\n<p><strong>Kieg\u00e9sz\u00edt\u0151 csomagok \u00e1rlist\u00e1ja<\/strong><\/p>\n\n\n\n<figure class=\"wp-block-table\"><table class=\"has-fixed-layout\"><tbody><tr><td><strong>El\u0151fizet\u00e9s<\/strong><\/td><td><strong>\u00e1r<\/strong><\/td><td>egys\u00e9g<\/td><\/tr><tr><td><a href=\"https:\/\/szabo.pl\/index.php\/solo-point-csomag\/\" data-type=\"page\" data-id=\"2559\">SOLO Point<\/a><\/td><td>50 z\u0142<\/td><td>\/h\u00f3nap<\/td><\/tr><tr><td><a href=\"https:\/\/szabo.pl\/index.php\/solo-grid-csomag\/\" data-type=\"page\" data-id=\"2564\">SOLO Grid<\/a><\/td><td>40 z\u0142<\/td><td>\/h\u00f3nap<\/td><\/tr><tr><td><a href=\"https:\/\/szabo.pl\/index.php\/solo-matrix-csomag\/\" data-type=\"page\" data-id=\"2561\">SOLO Matrix<\/a><\/td><td>10 z\u0142<\/td><td>\/h\u00f3nap<\/td><\/tr><\/tbody><\/table><\/figure>\n","protected":false},"excerpt":{"rendered":"<p>SOLO csomagokhoz el\u00e9rhet\u0151 A k\u00f6vetkez\u0151 tev\u00e9kenys\u00e9gekhez kapcsol\u00f3d\u00f3 CEIDG meghatalmazotti szolg\u00e1ltat\u00e1sokat tartalmazza: Kieg\u00e9sz\u00edt\u0151 csomagok \u00e1rlist\u00e1ja El\u0151fizet\u00e9s<\/p>\n<div class=\"continue-reading-blog\"><a href=\"https:\/\/szabo.pl\/index.php\/ceidg-kiegeszito-csomag\/\" class=\"more-link\">Continue Reading<i class=\"fa fa-long-arrow-right\"><\/i><span class=\"screen-reader-text\">CEIDG + kieg\u00e9sz\u00edt\u0151 csomag<\/span><\/a><\/div>\n","protected":false},"author":1,"featured_media":0,"parent":0,"menu_order":0,"comment_status":"closed","ping_status":"closed","template":"","meta":{"footnotes":""},"class_list":["post-2833","page","type-page","status-publish","hentry"],"jetpack_sharing_enabled":true,"_links":{"self":[{"href":"https:\/\/szabo.pl\/index.php\/wp-json\/wp\/v2\/pages\/2833","targetHints":{"allow":["GET"]}}],"collection":[{"href":"https:\/\/szabo.pl\/index.php\/wp-json\/wp\/v2\/pages"}],"about":[{"href":"https:\/\/szabo.pl\/index.php\/wp-json\/wp\/v2\/types\/page"}],"author":[{"embeddable":true,"href":"https:\/\/szabo.pl\/index.php\/wp-json\/wp\/v2\/users\/1"}],"replies":[{"embeddable":true,"href":"https:\/\/szabo.pl\/index.php\/wp-json\/wp\/v2\/comments?post=2833"}],"version-history":[{"count":2,"href":"https:\/\/szabo.pl\/index.php\/wp-json\/wp\/v2\/pages\/2833\/revisions"}],"predecessor-version":[{"id":2915,"href":"https:\/\/szabo.pl\/index.php\/wp-json\/wp\/v2\/pages\/2833\/revisions\/2915"}],"wp:attachment":[{"href":"https:\/\/szabo.pl\/index.php\/wp-json\/wp\/v2\/media?parent=2833"}],"curies":[{"name":"wp","href":"https:\/\/api.w.org\/{rel}","templated":true}]}}