{"id":2855,"date":"2025-11-20T13:30:35","date_gmt":"2025-11-20T12:30:35","guid":{"rendered":"https:\/\/szabo.pl\/?page_id=2855"},"modified":"2025-11-20T17:13:31","modified_gmt":"2025-11-20T16:13:31","slug":"pakiet-e-us","status":"publish","type":"page","link":"https:\/\/szabo.pl\/index.php\/pl\/pakiet-e-us\/","title":{"rendered":"Pakiet e-US"},"content":{"rendered":"\n<p>Obs\u0142uga profilu w e-Urz\u0119dzie Skarbowym<\/p>\n\n\n\n<p>Dost\u0119pny do pakiet\u00f3w <a href=\"https:\/\/szabo.pl\/index.php\/pl\/pakiety-abonamentowe-solo\/\" data-type=\"page\" data-id=\"2216\">SOLO <\/a>i <a href=\"https:\/\/szabo.pl\/index.php\/pl\/pakiety-abonamentowe-corpo\/\" data-type=\"page\" data-id=\"2238\">CORPO<\/a><\/p>\n\n\n\n<p><strong>Cennik pakietu do abonament\u00f3w<\/strong><\/p>\n\n\n\n<figure class=\"wp-block-table\"><table class=\"has-fixed-layout\"><tbody><tr><td><strong>Abonament<\/strong><\/td><td><strong>cena<\/strong><\/td><td>j.m.<\/td><\/tr><tr><td><a href=\"https:\/\/szabo.pl\/index.php\/pl\/pakiet-solo-point\/\" data-type=\"page\" data-id=\"2249\">SOLO Point<\/a><\/td><td>40 z\u0142<\/td><td>\/miesi\u0105c<\/td><\/tr><tr><td><a href=\"https:\/\/szabo.pl\/index.php\/pl\/pakiet-solo-grid-backup\/\" data-type=\"page\" data-id=\"2280\">SOLO Grid<\/a><\/td><td>40 z\u0142<\/td><td>\/miesi\u0105c<\/td><\/tr><tr><td><a href=\"https:\/\/szabo.pl\/index.php\/pl\/pakiet-solo-matrix\/\" data-type=\"page\" data-id=\"2256\">SOLO Matrix<\/a><\/td><td>10 z\u0142<\/td><td>\/miesi\u0105c<\/td><\/tr><tr><td><a href=\"https:\/\/szabo.pl\/index.php\/pl\/pakiet-corpo-point\/\" data-type=\"page\" data-id=\"2571\">CORPO Point<\/a><\/td><td>40 z\u0142<\/td><td>\/miesi\u0105c<\/td><\/tr><tr><td><a href=\"https:\/\/szabo.pl\/index.php\/pl\/pakiet-corpo-grid\/\" data-type=\"page\" data-id=\"2573\">CORPO Grid<\/a><\/td><td>40 z\u0142<\/td><td>\/miesi\u0105c<\/td><\/tr><tr><td><a href=\"https:\/\/szabo.pl\/index.php\/pl\/pakiet-corpo-matrix\/\" data-type=\"page\" data-id=\"2576\">CORPO Matrix<\/a><\/td><td>10 z\u0142<\/td><td>\/miesi\u0105c<\/td><\/tr><\/tbody><\/table><\/figure>\n","protected":false},"excerpt":{"rendered":"<p>Obs\u0142uga profilu w e-Urz\u0119dzie Skarbowym Dost\u0119pny do pakiet\u00f3w SOLO i CORPO Cennik pakietu do abonament\u00f3w<\/p>\n<div class=\"continue-reading-blog\"><a href=\"https:\/\/szabo.pl\/index.php\/pl\/pakiet-e-us\/\" class=\"more-link\">Continue Reading<i class=\"fa fa-long-arrow-right\"><\/i><span class=\"screen-reader-text\">Pakiet e-US<\/span><\/a><\/div>\n","protected":false},"author":1,"featured_media":0,"parent":0,"menu_order":0,"comment_status":"closed","ping_status":"closed","template":"","meta":{"footnotes":""},"class_list":["post-2855","page","type-page","status-publish","hentry"],"jetpack_sharing_enabled":true,"_links":{"self":[{"href":"https:\/\/szabo.pl\/index.php\/wp-json\/wp\/v2\/pages\/2855","targetHints":{"allow":["GET"]}}],"collection":[{"href":"https:\/\/szabo.pl\/index.php\/wp-json\/wp\/v2\/pages"}],"about":[{"href":"https:\/\/szabo.pl\/index.php\/wp-json\/wp\/v2\/types\/page"}],"author":[{"embeddable":true,"href":"https:\/\/szabo.pl\/index.php\/wp-json\/wp\/v2\/users\/1"}],"replies":[{"embeddable":true,"href":"https:\/\/szabo.pl\/index.php\/wp-json\/wp\/v2\/comments?post=2855"}],"version-history":[{"count":3,"href":"https:\/\/szabo.pl\/index.php\/wp-json\/wp\/v2\/pages\/2855\/revisions"}],"predecessor-version":[{"id":2982,"href":"https:\/\/szabo.pl\/index.php\/wp-json\/wp\/v2\/pages\/2855\/revisions\/2982"}],"wp:attachment":[{"href":"https:\/\/szabo.pl\/index.php\/wp-json\/wp\/v2\/media?parent=2855"}],"curies":[{"name":"wp","href":"https:\/\/api.w.org\/{rel}","templated":true}]}}