{"id":2862,"date":"2025-11-20T13:30:35","date_gmt":"2025-11-20T12:30:35","guid":{"rendered":"https:\/\/szabo.pl\/?page_id=2862"},"modified":"2025-11-20T17:11:05","modified_gmt":"2025-11-20T16:11:05","slug":"e-us-kiegeszito-csomag","status":"publish","type":"page","link":"https:\/\/szabo.pl\/index.php\/e-us-kiegeszito-csomag\/","title":{"rendered":"e-US + kieg\u00e9sz\u00edt\u0151 csomag"},"content":{"rendered":"\n<p>Meghatalmaz\u00e1s a v\u00e1llalkoz\u00f3 profilj\u00e1nak kezel\u00e9s\u00e9re az e-Urz\u0119dzie Skarbowy (e-Ad\u00f3hivatal) platformon.<\/p>\n\n\n\n<p>El\u00e9rhet\u0151 a <a href=\"https:\/\/szabo.pl\/index.php\/solo-elofizetesi-csomagok\/\" data-type=\"page\" data-id=\"2557\">SOLO <\/a>\u00e9s <a href=\"https:\/\/szabo.pl\/index.php\/corpo-elofizetesi-csomagok\/\" data-type=\"page\" data-id=\"2723\">CORPO <\/a>el\u0151fizet\u00e9sekhez.<\/p>\n\n\n\n<p><strong>Kieg\u00e9sz\u00edt\u0151 csomag \u00e1rlist\u00e1ja<\/strong><\/p>\n\n\n\n<figure class=\"wp-block-table\"><table class=\"has-fixed-layout\"><tbody><tr><td><strong>El\u0151fizet\u00e9s<\/strong><\/td><td><strong>\u00e1r<\/strong><\/td><td>egys\u00e9g<\/td><\/tr><tr><td><a href=\"https:\/\/szabo.pl\/index.php\/solo-point-csomag\/\" data-type=\"page\" data-id=\"2559\">SOLO Point<\/a><\/td><td>40 z\u0142<\/td><td>\/h\u00f3nap<\/td><\/tr><tr><td><a href=\"https:\/\/szabo.pl\/index.php\/solo-grid-csomag\/\" data-type=\"page\" data-id=\"2564\">SOLO Grid<\/a><\/td><td>40 z\u0142<\/td><td>\/h\u00f3nap<\/td><\/tr><tr><td><a href=\"https:\/\/szabo.pl\/index.php\/solo-matrix-csomag\/\" data-type=\"page\" data-id=\"2561\">SOLO Matrix<\/a><\/td><td>10 z\u0142<\/td><td>\/h\u00f3nap<\/td><\/tr><tr><td><a href=\"https:\/\/szabo.pl\/index.php\/corpo-point-csomag\/\" data-type=\"page\" data-id=\"2782\">CORPO Point<\/a><\/td><td>40 z\u0142<\/td><td>\/h\u00f3nap<\/td><\/tr><tr><td><a href=\"https:\/\/szabo.pl\/index.php\/corpo-grid-csomag\/\" data-type=\"page\" data-id=\"2778\">CORPO Grid<\/a><\/td><td>40 z\u0142<\/td><td>\/h\u00f3nap<\/td><\/tr><tr><td><a href=\"https:\/\/szabo.pl\/index.php\/corpo-matrix-csomag\/\" data-type=\"page\" data-id=\"2780\">CORPO Matrix<\/a><\/td><td>10 z\u0142<\/td><td>\/h\u00f3nap<\/td><\/tr><\/tbody><\/table><\/figure>\n\n\n\n<p><\/p>\n","protected":false},"excerpt":{"rendered":"<p>Meghatalmaz\u00e1s a v\u00e1llalkoz\u00f3 profilj\u00e1nak kezel\u00e9s\u00e9re az e-Urz\u0119dzie Skarbowy (e-Ad\u00f3hivatal) platformon. El\u00e9rhet\u0151 a SOLO \u00e9s CORPO<\/p>\n<div class=\"continue-reading-blog\"><a href=\"https:\/\/szabo.pl\/index.php\/e-us-kiegeszito-csomag\/\" class=\"more-link\">Continue Reading<i class=\"fa fa-long-arrow-right\"><\/i><span class=\"screen-reader-text\">e-US + kieg\u00e9sz\u00edt\u0151 csomag<\/span><\/a><\/div>\n","protected":false},"author":1,"featured_media":0,"parent":0,"menu_order":0,"comment_status":"closed","ping_status":"closed","template":"","meta":{"footnotes":""},"class_list":["post-2862","page","type-page","status-publish","hentry"],"jetpack_sharing_enabled":true,"_links":{"self":[{"href":"https:\/\/szabo.pl\/index.php\/wp-json\/wp\/v2\/pages\/2862","targetHints":{"allow":["GET"]}}],"collection":[{"href":"https:\/\/szabo.pl\/index.php\/wp-json\/wp\/v2\/pages"}],"about":[{"href":"https:\/\/szabo.pl\/index.php\/wp-json\/wp\/v2\/types\/page"}],"author":[{"embeddable":true,"href":"https:\/\/szabo.pl\/index.php\/wp-json\/wp\/v2\/users\/1"}],"replies":[{"embeddable":true,"href":"https:\/\/szabo.pl\/index.php\/wp-json\/wp\/v2\/comments?post=2862"}],"version-history":[{"count":3,"href":"https:\/\/szabo.pl\/index.php\/wp-json\/wp\/v2\/pages\/2862\/revisions"}],"predecessor-version":[{"id":2978,"href":"https:\/\/szabo.pl\/index.php\/wp-json\/wp\/v2\/pages\/2862\/revisions\/2978"}],"wp:attachment":[{"href":"https:\/\/szabo.pl\/index.php\/wp-json\/wp\/v2\/media?parent=2862"}],"curies":[{"name":"wp","href":"https:\/\/api.w.org\/{rel}","templated":true}]}}