{"id":2864,"date":"2025-11-20T13:30:35","date_gmt":"2025-11-20T12:30:35","guid":{"rendered":"https:\/\/szabo.pl\/?page_id=2864"},"modified":"2025-11-20T17:07:59","modified_gmt":"2025-11-20T16:07:59","slug":"e-us-additional-package","status":"publish","type":"page","link":"https:\/\/szabo.pl\/index.php\/en\/e-us-additional-package\/","title":{"rendered":"e-US + additional package"},"content":{"rendered":"\n<p>Authorization to manage the entrepreneur&#8217;s profile on the e-Urz\u0105d Skarbowy (e-Tax Office) platform.<\/p>\n\n\n\n<p>Available in SOLO and CORPO subscription packages.<\/p>\n\n\n\n<p><strong>Kieg\u00e9sz\u00edt\u0151 csomag \u00e1rlist\u00e1ja<\/strong><\/p>\n\n\n\n<figure class=\"wp-block-table\"><table class=\"has-fixed-layout\"><tbody><tr><td><strong>Subscription<\/strong><\/td><td>price<\/td><td>unit<\/td><\/tr><tr><td><a href=\"https:\/\/szabo.pl\/index.php\/en\/solo-point-subscription-package\/\" data-type=\"page\" data-id=\"2736\">SOLO Point<\/a><\/td><td>40 z\u0142<\/td><td>\/month<\/td><\/tr><tr><td><a href=\"https:\/\/szabo.pl\/index.php\/en\/solo-grid-subscription-package\/\" data-type=\"page\" data-id=\"2739\">SOLO Grid<\/a><\/td><td>40 z\u0142<\/td><td>\/month<\/td><\/tr><tr><td><a href=\"https:\/\/szabo.pl\/index.php\/en\/solo-matrix-subscription-package\/\" data-type=\"page\" data-id=\"2742\">SOLO Matrix<\/a><\/td><td>10 z\u0142<\/td><td>\/month<\/td><\/tr><tr><td><a href=\"https:\/\/szabo.pl\/index.php\/en\/corpo-point-subscription-package\/\" data-type=\"page\" data-id=\"2756\">CORPO Point<\/a><\/td><td>40 z\u0142<\/td><td>\/month<\/td><\/tr><tr><td><a href=\"https:\/\/szabo.pl\/index.php\/en\/corpo-grid-subscription-package\/\" data-type=\"page\" data-id=\"2762\">CORPO Grid<\/a><\/td><td>40 z\u0142<\/td><td>\/month<\/td><\/tr><tr><td><a href=\"https:\/\/szabo.pl\/index.php\/en\/corpo-matrix-subscription-package\/\" data-type=\"page\" data-id=\"2758\">CORPO Matrix<\/a><\/td><td>10 z\u0142<\/td><td>\/month<\/td><\/tr><\/tbody><\/table><\/figure>\n","protected":false},"excerpt":{"rendered":"<p>Authorization to manage the entrepreneur&#8217;s profile on the e-Urz\u0105d Skarbowy (e-Tax Office) platform. Available in<\/p>\n<div class=\"continue-reading-blog\"><a href=\"https:\/\/szabo.pl\/index.php\/en\/e-us-additional-package\/\" class=\"more-link\">Continue Reading<i class=\"fa fa-long-arrow-right\"><\/i><span class=\"screen-reader-text\">e-US + additional package<\/span><\/a><\/div>\n","protected":false},"author":1,"featured_media":0,"parent":0,"menu_order":0,"comment_status":"closed","ping_status":"closed","template":"","meta":{"footnotes":""},"class_list":["post-2864","page","type-page","status-publish","hentry"],"jetpack_sharing_enabled":true,"_links":{"self":[{"href":"https:\/\/szabo.pl\/index.php\/wp-json\/wp\/v2\/pages\/2864","targetHints":{"allow":["GET"]}}],"collection":[{"href":"https:\/\/szabo.pl\/index.php\/wp-json\/wp\/v2\/pages"}],"about":[{"href":"https:\/\/szabo.pl\/index.php\/wp-json\/wp\/v2\/types\/page"}],"author":[{"embeddable":true,"href":"https:\/\/szabo.pl\/index.php\/wp-json\/wp\/v2\/users\/1"}],"replies":[{"embeddable":true,"href":"https:\/\/szabo.pl\/index.php\/wp-json\/wp\/v2\/comments?post=2864"}],"version-history":[{"count":3,"href":"https:\/\/szabo.pl\/index.php\/wp-json\/wp\/v2\/pages\/2864\/revisions"}],"predecessor-version":[{"id":2976,"href":"https:\/\/szabo.pl\/index.php\/wp-json\/wp\/v2\/pages\/2864\/revisions\/2976"}],"wp:attachment":[{"href":"https:\/\/szabo.pl\/index.php\/wp-json\/wp\/v2\/media?parent=2864"}],"curies":[{"name":"wp","href":"https:\/\/api.w.org\/{rel}","templated":true}]}}