{"id":2873,"date":"2025-11-20T13:54:27","date_gmt":"2025-11-20T12:54:27","guid":{"rendered":"https:\/\/szabo.pl\/?page_id=2873"},"modified":"2025-11-20T13:54:27","modified_gmt":"2025-11-20T12:54:27","slug":"compenso-point-csomag","status":"publish","type":"page","link":"https:\/\/szabo.pl\/index.php\/compenso-point-csomag\/","title":{"rendered":"COMPENSO Point csomag"},"content":{"rendered":"\n<p><strong>A csomag a k\u00f6vetkez\u0151 szolg\u00e1ltat\u00e1sokat tartalmazza:<\/strong><\/p>\n\n\n\n<figure class=\"wp-block-table is-style-regular\"><table><tbody><tr><td><\/td><td class=\"has-text-align-center\" data-align=\"center\"><strong>COMPENSO Point<\/strong> <strong>Csomag<\/strong><\/td><\/tr><tr><td>Csomag havid\u00edja<\/td><td class=\"has-text-align-center\" data-align=\"center\">240,- z\u0142<a href=\"https:\/\/szabo.pl\/index.php\/pl\/pakiet-solo-point\/\" data-type=\"page\" data-id=\"2249\"><br><img decoding=\"async\" src=\"https:\/\/szabo.pl\/wp-content\/uploads\/2025\/10\/gotoarrow50.png\" alt=\"Zam\u00f3w\"><\/a><\/td><\/tr><tr><td><\/td><td class=\"has-text-align-center\" data-align=\"center\"><\/td><\/tr><tr><td>Munkab\u00e9r lista elk\u00e9sz\u00edt\u00e9se<\/td><td class=\"has-text-align-center\" data-align=\"center\">3 f\u0151 \/szerz\u0151d\u00e9s \/h\u00f3napig<\/td><\/tr><tr><td>T\u00e1rsadalombiztos\u00edt\u00e1si deklar\u00e1ci\u00f3 elk\u00e9sz\u00edt\u00e9se v\u00e1llalkoz\u00f3 r\u00e9sz\u00e9re (DRA)<\/td><td class=\"has-text-align-center\" data-align=\"center\"><img decoding=\"async\" src=\"https:\/\/szabo.pl\/wp-content\/uploads\/2025\/10\/TAK_tick.png\" alt=\"TAK\"><\/td><\/tr><tr><td>T\u00e1rsadalombiztos\u00edt\u00e1si deklar\u00e1ci\u00f3 elk\u00e9sz\u00edt\u00e9se v\u00e1llalkoz\u00f3 \u00e9s a munkav\u00e1llal\u00f3k r\u00e9sz\u00e9re (DRA, RCA, RZA, RSA)<\/td><td class=\"has-text-align-center\" data-align=\"center\"><img decoding=\"async\" src=\"https:\/\/szabo.pl\/wp-content\/uploads\/2025\/10\/TAK_tick.png\" alt=\"TAK\"><\/td><\/tr><tr><td>T\u00e1rsadalombiztos\u00edt\u00e1si bejelent\u00e9s (ZZA, ZUA, ZCNA, ZWUA, ZFA, ZPA, ZWFA, ZWPA)&nbsp;<\/td><td class=\"has-text-align-center\" data-align=\"center\">havi 2 dokumentumig<\/td><\/tr><tr><td>PIT-11 igazol\u00e1s elk\u00e9sz\u00edt\u00e9se<\/td><td class=\"has-text-align-center\" data-align=\"center\">legfeljebb 3 igazol\u00e1s <\/td><\/tr><\/tbody><\/table><\/figure>\n\n\n\n<p><span style=\"text-decoration: underline;\">*Felt\u00e9teles kedvezm\u00e9ny<\/span> &#8211; A kedvezm\u00e9ny megad\u00e1s\u00e1nak felt\u00e9tele egy, a szolg\u00e1ltat\u00e1s ny\u00fajt\u00e1s el\u0151tt legal\u00e1bb 6 h\u00f3napja \u00e9rv\u00e9nyes folyamatos szolg\u00e1ltat\u00e1si szerz\u0151d\u00e9s vagy el\u0151fizet\u00e9si szerz\u0151d\u00e9s megl\u00e9te.<\/p>\n\n\n\n<p><\/p>\n","protected":false},"excerpt":{"rendered":"<p>A csomag a k\u00f6vetkez\u0151 szolg\u00e1ltat\u00e1sokat tartalmazza: COMPENSO Point Csomag Csomag havid\u00edja 240,- z\u0142 Munkab\u00e9r lista<\/p>\n<div class=\"continue-reading-blog\"><a href=\"https:\/\/szabo.pl\/index.php\/compenso-point-csomag\/\" class=\"more-link\">Continue Reading<i class=\"fa fa-long-arrow-right\"><\/i><span class=\"screen-reader-text\">COMPENSO Point csomag<\/span><\/a><\/div>\n","protected":false},"author":41,"featured_media":0,"parent":0,"menu_order":0,"comment_status":"closed","ping_status":"closed","template":"","meta":{"footnotes":""},"class_list":["post-2873","page","type-page","status-publish","hentry"],"jetpack_sharing_enabled":true,"_links":{"self":[{"href":"https:\/\/szabo.pl\/index.php\/wp-json\/wp\/v2\/pages\/2873","targetHints":{"allow":["GET"]}}],"collection":[{"href":"https:\/\/szabo.pl\/index.php\/wp-json\/wp\/v2\/pages"}],"about":[{"href":"https:\/\/szabo.pl\/index.php\/wp-json\/wp\/v2\/types\/page"}],"author":[{"embeddable":true,"href":"https:\/\/szabo.pl\/index.php\/wp-json\/wp\/v2\/users\/41"}],"replies":[{"embeddable":true,"href":"https:\/\/szabo.pl\/index.php\/wp-json\/wp\/v2\/comments?post=2873"}],"version-history":[{"count":1,"href":"https:\/\/szabo.pl\/index.php\/wp-json\/wp\/v2\/pages\/2873\/revisions"}],"predecessor-version":[{"id":2876,"href":"https:\/\/szabo.pl\/index.php\/wp-json\/wp\/v2\/pages\/2873\/revisions\/2876"}],"wp:attachment":[{"href":"https:\/\/szabo.pl\/index.php\/wp-json\/wp\/v2\/media?parent=2873"}],"curies":[{"name":"wp","href":"https:\/\/api.w.org\/{rel}","templated":true}]}}