{"id":2902,"date":"2025-11-20T13:38:23","date_gmt":"2025-11-20T12:38:23","guid":{"rendered":"https:\/\/szabo.pl\/?page_id=2902"},"modified":"2025-11-20T15:46:55","modified_gmt":"2025-11-20T14:46:55","slug":"pakiety-dodatkowe","status":"publish","type":"page","link":"https:\/\/szabo.pl\/index.php\/pl\/pakiety-dodatkowe\/","title":{"rendered":"Pakiety dodatkowe"},"content":{"rendered":"\n<h2 class=\"wp-block-heading\"><a href=\"https:\/\/szabo.pl\/index.php\/pl\/pakiet-ceidg\/\" data-type=\"page\" data-id=\"2823\">CEIDG +<\/a><\/h2>\n\n\n\n<p>Dost\u0119pny do pakiet\u00f3w SOLO<\/p>\n\n\n\n<p>Zawiera us\u0142ugi pe\u0142nomocnika do CEIDG na nast\u0119pne czynno\u015bci:<\/p>\n\n\n\n<ul class=\"wp-block-list\">\n<li>dokonanie zmian w wpisie<\/li>\n\n\n\n<li>zawieszenie dzia\u0142alno\u015bci<\/li>\n\n\n\n<li>wznowienie dzia\u0142alno\u015bci<\/li>\n\n\n\n<li>wykre\u015blenie dzia\u0142alno\u015bci<\/li>\n\n\n\n<li>prowadzenie spraw za po\u015brednictwem punktu kontaktowego<\/li>\n<\/ul>\n\n\n\n<h2 class=\"wp-block-heading\"><a href=\"https:\/\/szabo.pl\/index.php\/pl\/2025\/11\/20\/e-dor\/\" data-type=\"post\" data-id=\"2842\">e-DOR +<\/a><\/h2>\n\n\n\n<p>Obs\u0142uga skrzynki e-dor\u0119czenia przez pe\u0142nomocnika<\/p>\n\n\n\n<p>Dost\u0119pny do pakiet\u00f3w SOLO i CORPO<\/p>\n\n\n\n<h2 class=\"wp-block-heading\"><a href=\"https:\/\/szabo.pl\/index.php\/pl\/pakiet-e-us\/\" data-type=\"page\" data-id=\"2855\">e-US +<\/a><\/h2>\n\n\n\n<p>Obs\u0142uga profilu w e-Urz\u0119dzie skarbowym<\/p>\n\n\n\n<p>Dost\u0119pny do pakiet\u00f3w SOLO i CORPO<\/p>\n\n\n\n<p><\/p>\n\n\n\n<h2 class=\"wp-block-heading\"><a href=\"https:\/\/szabo.pl\/index.php\/pl\/2025\/11\/20\/pakiet-ppo\/\" data-type=\"post\" data-id=\"2866\">PPO +<\/a><\/h2>\n\n\n\n<p>Us\u0142uga pe\u0142nomocnika do spraw podatkowych<\/p>\n","protected":false},"excerpt":{"rendered":"<p>CEIDG + Dost\u0119pny do pakiet\u00f3w SOLO Zawiera us\u0142ugi pe\u0142nomocnika do CEIDG na nast\u0119pne czynno\u015bci: e-DOR<\/p>\n<div class=\"continue-reading-blog\"><a href=\"https:\/\/szabo.pl\/index.php\/pl\/pakiety-dodatkowe\/\" class=\"more-link\">Continue Reading<i class=\"fa fa-long-arrow-right\"><\/i><span class=\"screen-reader-text\">Pakiety dodatkowe<\/span><\/a><\/div>\n","protected":false},"author":1,"featured_media":0,"parent":0,"menu_order":0,"comment_status":"closed","ping_status":"closed","template":"","meta":{"footnotes":""},"class_list":["post-2902","page","type-page","status-publish","hentry"],"jetpack_sharing_enabled":true,"_links":{"self":[{"href":"https:\/\/szabo.pl\/index.php\/wp-json\/wp\/v2\/pages\/2902","targetHints":{"allow":["GET"]}}],"collection":[{"href":"https:\/\/szabo.pl\/index.php\/wp-json\/wp\/v2\/pages"}],"about":[{"href":"https:\/\/szabo.pl\/index.php\/wp-json\/wp\/v2\/types\/page"}],"author":[{"embeddable":true,"href":"https:\/\/szabo.pl\/index.php\/wp-json\/wp\/v2\/users\/1"}],"replies":[{"embeddable":true,"href":"https:\/\/szabo.pl\/index.php\/wp-json\/wp\/v2\/comments?post=2902"}],"version-history":[{"count":2,"href":"https:\/\/szabo.pl\/index.php\/wp-json\/wp\/v2\/pages\/2902\/revisions"}],"predecessor-version":[{"id":2950,"href":"https:\/\/szabo.pl\/index.php\/wp-json\/wp\/v2\/pages\/2902\/revisions\/2950"}],"wp:attachment":[{"href":"https:\/\/szabo.pl\/index.php\/wp-json\/wp\/v2\/media?parent=2902"}],"curies":[{"name":"wp","href":"https:\/\/api.w.org\/{rel}","templated":true}]}}