{"id":2906,"date":"2025-11-20T13:37:02","date_gmt":"2025-11-20T12:37:02","guid":{"rendered":"https:\/\/szabo.pl\/?page_id=2906"},"modified":"2025-11-20T15:42:32","modified_gmt":"2025-11-20T14:42:32","slug":"additional-packages","status":"publish","type":"page","link":"https:\/\/szabo.pl\/index.php\/en\/additional-packages\/","title":{"rendered":"Additional packages"},"content":{"rendered":"\n<h2 class=\"wp-block-heading\"><a href=\"https:\/\/szabo.pl\/index.php\/en\/ceidg-additional-package\/\" data-type=\"page\" data-id=\"2834\">CEIDG +<\/a><\/h2>\n\n\n\n<p>Available to the <a href=\"https:\/\/szabo.pl\/index.php\/en\/solo-subscription-packages\/\" data-type=\"page\" data-id=\"2716\">SOLO subscriptions<\/a><\/p>\n\n\n\n<p>Zawiera us\u0142ugi pe\u0142nomocnika do CEIDG na nast\u0119pne czynno\u015bci:<\/p>\n\n\n\n<ul class=\"wp-block-list\">\n<li>dokonanie zmian w wpisie<\/li>\n\n\n\n<li>zawieszenie dzia\u0142alno\u015bci<\/li>\n\n\n\n<li>wznowienie dzia\u0142alno\u015bci<\/li>\n\n\n\n<li>wykre\u015blenie dzia\u0142alno\u015bci<\/li>\n\n\n\n<li>prowadzenie spraw za po\u015brednictwem punktu kontaktowego<\/li>\n<\/ul>\n\n\n\n<h2 class=\"wp-block-heading\"><a href=\"https:\/\/szabo.pl\/index.php\/en\/2025\/11\/20\/e-dor-additional-package\/\" data-type=\"post\" data-id=\"2848\">e-DOR +<\/a><\/h2>\n\n\n\n<p>To manage the e-dor\u0119czenia (e-delivery) account by an attorney.<\/p>\n\n\n\n<p>Available to the <a href=\"https:\/\/szabo.pl\/index.php\/en\/solo-subscription-packages\/\" data-type=\"page\" data-id=\"2716\">SOLO <\/a>and <a href=\"https:\/\/szabo.pl\/index.php\/en\/corpo-subscription-packages\/\" data-type=\"page\" data-id=\"2722\">CORPO <\/a>subscriptions<\/p>\n\n\n\n<h2 class=\"wp-block-heading\"><a href=\"https:\/\/szabo.pl\/index.php\/en\/e-us-additional-package\/\" data-type=\"page\" data-id=\"2864\">e-US +<\/a><\/h2>\n\n\n\n<p>Obs\u0142uga profilu w e-Urz\u0119dzie skarbowym<\/p>\n\n\n\n<p>Available to the <a href=\"https:\/\/szabo.pl\/index.php\/en\/solo-subscription-packages\/\" data-type=\"page\" data-id=\"2716\">SOLO <\/a>and <a href=\"https:\/\/szabo.pl\/index.php\/en\/corpo-subscription-packages\/\" data-type=\"page\" data-id=\"2722\">CORPO<\/a> subscriptions<\/p>\n\n\n\n<h2 class=\"wp-block-heading\"><a href=\"https:\/\/szabo.pl\/index.php\/en\/2025\/11\/20\/ppo-additional-package\/\" data-type=\"post\" data-id=\"2867\">PPO +<\/a><\/h2>\n\n\n\n<p>General representative service for tax matters<\/p>\n\n\n\n<p><\/p>\n","protected":false},"excerpt":{"rendered":"<p>CEIDG + Available to the SOLO subscriptions Zawiera us\u0142ugi pe\u0142nomocnika do CEIDG na nast\u0119pne czynno\u015bci:<\/p>\n<div class=\"continue-reading-blog\"><a href=\"https:\/\/szabo.pl\/index.php\/en\/additional-packages\/\" class=\"more-link\">Continue Reading<i class=\"fa fa-long-arrow-right\"><\/i><span class=\"screen-reader-text\">Additional packages<\/span><\/a><\/div>\n","protected":false},"author":1,"featured_media":0,"parent":0,"menu_order":0,"comment_status":"closed","ping_status":"closed","template":"","meta":{"footnotes":""},"class_list":["post-2906","page","type-page","status-publish","hentry"],"jetpack_sharing_enabled":true,"_links":{"self":[{"href":"https:\/\/szabo.pl\/index.php\/wp-json\/wp\/v2\/pages\/2906","targetHints":{"allow":["GET"]}}],"collection":[{"href":"https:\/\/szabo.pl\/index.php\/wp-json\/wp\/v2\/pages"}],"about":[{"href":"https:\/\/szabo.pl\/index.php\/wp-json\/wp\/v2\/types\/page"}],"author":[{"embeddable":true,"href":"https:\/\/szabo.pl\/index.php\/wp-json\/wp\/v2\/users\/1"}],"replies":[{"embeddable":true,"href":"https:\/\/szabo.pl\/index.php\/wp-json\/wp\/v2\/comments?post=2906"}],"version-history":[{"count":2,"href":"https:\/\/szabo.pl\/index.php\/wp-json\/wp\/v2\/pages\/2906\/revisions"}],"predecessor-version":[{"id":2945,"href":"https:\/\/szabo.pl\/index.php\/wp-json\/wp\/v2\/pages\/2906\/revisions\/2945"}],"wp:attachment":[{"href":"https:\/\/szabo.pl\/index.php\/wp-json\/wp\/v2\/media?parent=2906"}],"curies":[{"name":"wp","href":"https:\/\/api.w.org\/{rel}","templated":true}]}}