{"id":440,"date":"2021-02-07T11:53:44","date_gmt":"2021-02-07T10:53:44","guid":{"rendered":"http:\/\/szabo.pl\/?page_id=440"},"modified":"2022-04-25T18:46:34","modified_gmt":"2022-04-25T16:46:34","slug":"szja-bevallas-2021","status":"publish","type":"page","link":"https:\/\/szabo.pl\/index.php\/szja-bevallas-2021\/","title":{"rendered":"SZJA Bevall\u00e1s 2021"},"content":{"rendered":"\n<div class=\"wp-block-image\"><figure class=\"aligncenter size-large is-resized\"><img loading=\"lazy\" decoding=\"async\" src=\"https:\/\/szabo.pl\/wp-content\/uploads\/2022\/01\/PIT_2021-1024x346.png\" alt=\"\" class=\"wp-image-692\" width=\"503\" height=\"168\"\/><\/figure><\/div>\n\n\n\n<p>V\u00e1laszolj az al\u00e1bbi k\u00e9rd\u00e9sekre! Az \u0171rlap elk\u00fcld\u00e9s\u00e9t k\u00f6vet\u0151en kapsz egy email \u00fczenetet a bevall\u00e1sod elk\u00e9sz\u00edt\u00e9s\u00e9hez sz\u00fcks\u00e9ges adatokr\u00f3l \u00e9s dokumentumokr\u00f3l. A szolg\u00e1ltat\u00e1s \u00e1ra a sz\u00fcks\u00e9ges dokumentumokkal \u00e9s inform\u00e1ci\u00f3kkal k\u00fcld\u00f6tt v\u00e1lasz email napja alapj\u00e1n ker\u00fcl meg\u00e1llap\u00edt\u00e1sra.<\/p>\n\n\n\n<p class=\"has-larger-font-size\"><a href=\"https:\/\/szabo.pl\/index.php\/2022\/01\/02\/adokedvezmenyek-es-szemelyi-jovedelemadobol-levonhato-tetele\/\" data-type=\"post\" data-id=\"636\">A 2021 ut\u00e1n alkalmazhat\u00f3 ad\u00f3kedvezm\u00e9nyekr\u0151l ebben a cikkben tal\u00e1lsz inform\u00e1ci\u00f3t.<\/a><\/p>\n\n\n\n<p class=\"has-huge-font-size\"><a href=\"https:\/\/szabo.pl\/index.php\/2022\/01\/19\/szemelyi-jovedelemado-bevallas-2021\/\" data-type=\"URL\" data-id=\"https:\/\/szabo.pl\/index.php\/2022\/01\/19\/szemelyi-jovedelemado-bevallas-2021\/\" target=\"_blank\" rel=\"noreferrer noopener\">A 2021-es SZJA bevall\u00e1sok \u00e1rlist\u00e1j\u00e1t itt tal\u00e1lod. Min\u00e9l kor\u00e1bban megrendeled, ann\u00e1l jobb \u00e1rat kaphatsz!<\/a><\/p>\n\n\n\n<h2 class=\"has-text-align-center has-text-color\" style=\"color:#ff0004\">Figyelem!<br>2022 \u00e1prilis 27-\u00e9n 11:00:00 (CEST) ut\u00e1n be\u00e9rkez\u0151 megrendel\u00e9seket m\u00e1r nem dolgozzuk fel.<\/h2>\n\n\n<div role=\"form\" class=\"wpcf7\" id=\"wpcf7-f439-o1\" lang=\"en-US\" dir=\"ltr\">\n<div class=\"screen-reader-response\"><p role=\"status\" aria-live=\"polite\" aria-atomic=\"true\"><\/p> <ul><\/ul><\/div>\n<form action=\"\/index.php\/wp-json\/wp\/v2\/pages\/440#wpcf7-f439-o1\" method=\"post\" class=\"wpcf7-form init\" novalidate=\"novalidate\" data-status=\"init\">\n<div style=\"display: none;\">\n<input type=\"hidden\" name=\"_wpcf7\" value=\"439\" \/>\n<input type=\"hidden\" name=\"_wpcf7_version\" value=\"5.5.6\" \/>\n<input type=\"hidden\" name=\"_wpcf7_locale\" value=\"en_US\" \/>\n<input type=\"hidden\" name=\"_wpcf7_unit_tag\" value=\"wpcf7-f439-o1\" \/>\n<input type=\"hidden\" name=\"_wpcf7_container_post\" value=\"0\" \/>\n<input type=\"hidden\" name=\"_wpcf7_posted_data_hash\" value=\"\" \/>\n<input type=\"hidden\" name=\"_wpcf7_recaptcha_response\" value=\"\" \/>\n<\/div>\n<table>\n<tr>\n<td>\n<label><b> Vezet\u00e9kn\u00e9v*<\/b><\/td>\n<td>\n    <span class=\"wpcf7-form-control-wrap surname\"><input type=\"text\" name=\"surname\" value=\"\" size=\"40\" class=\"wpcf7-form-control wpcf7-text wpcf7-validates-as-required\" aria-required=\"true\" aria-invalid=\"false\" \/><\/span> <\/label><\/td>\n<\/tr>\n<tr>\n<td>\n<label><b> Keresztn\u00e9v*<\/b><\/td>\n<td>\n    <span class=\"wpcf7-form-control-wrap firstname\"><input type=\"text\" name=\"firstname\" value=\"\" size=\"40\" class=\"wpcf7-form-control wpcf7-text wpcf7-validates-as-required\" aria-required=\"true\" aria-invalid=\"false\" \/><\/span> <\/label><\/td>\n<\/tr>\n<tr>\n<td>\n<label><b>Email c\u00edmed*<\/b><\/td>\n<td>\n    <span class=\"wpcf7-form-control-wrap clientemail\"><input type=\"email\" name=\"clientemail\" value=\"\" size=\"40\" class=\"wpcf7-form-control wpcf7-text wpcf7-email wpcf7-validates-as-required wpcf7-validates-as-email\" aria-required=\"true\" aria-invalid=\"false\" \/><\/span> <\/label><\/td>\n<\/tr>\n<tr>\n<td>\n<label><b>Telefonsz\u00e1mod*<\/b><\/td>\n<td>\n    <span class=\"wpcf7-form-control-wrap phonenr\"><input type=\"tel\" name=\"phonenr\" value=\"\" size=\"40\" class=\"wpcf7-form-control wpcf7-text wpcf7-tel wpcf7-validates-as-required wpcf7-validates-as-tel\" aria-required=\"true\" aria-invalid=\"false\" \/><\/span> <\/label><\/td>\n<\/tr>\n<tr>\n<td>\n<label><b>Munkaviszonyb\u00f3l sz\u00e1rmaz\u00f3 j\u00f6vedelmez vallasz be?<\/b><\/td>\n<td>\n<span class=\"wpcf7-form-control-wrap employment\"><select name=\"employment\" class=\"wpcf7-form-control wpcf7-select wpcf7-validates-as-required\" aria-required=\"true\" aria-invalid=\"false\"><option value=\"\">---<\/option><option value=\"IGEN\">IGEN<\/option><option value=\"NEM\">NEM<\/option><\/select><\/span><\/label><\/td>\n<\/tr>\n<tr>\n<td>\n<label><b>Volt Lengyelorsz\u00e1gon k\u00edv\u00fclr\u0151l sz\u00e1rmaz\u00f3 j\u00f6vedelmed?<\/b><\/td>\n<td>\n<span class=\"wpcf7-form-control-wrap abroad\"><select name=\"abroad\" class=\"wpcf7-form-control wpcf7-select wpcf7-validates-as-required\" aria-required=\"true\" aria-invalid=\"false\"><option value=\"\">---<\/option><option value=\"IGEN\">IGEN<\/option><option value=\"NEM\">NEM<\/option><\/select><\/span><\/label><\/td>\n<\/tr>\n<tr>\n<td>\n<label><b>Volt egy\u00e9b forr\u00e1s(ok)b\u00f3l sz\u00e1rmaz\u00f3 j\u00f6vedelmed?<\/b><\/td>\n<td>\n<span class=\"wpcf7-form-control-wrap other\"><select name=\"other\" class=\"wpcf7-form-control wpcf7-select wpcf7-validates-as-required\" aria-required=\"true\" aria-invalid=\"false\"><option value=\"\">---<\/option><option value=\"IGEN\">IGEN<\/option><option value=\"NEM\">NEM<\/option><\/select><\/span><\/label><\/td>\n<\/tr>\n<tr>\n<td>\n<label><b>Egy\u00e9nileg adod le a bevall\u00e1sod vagy h\u00e1zast\u00e1rsaddal k\u00f6z\u00f6sen?<\/b><\/td>\n<td>\n<span class=\"wpcf7-form-control-wrap alone\"><select name=\"alone\" class=\"wpcf7-form-control wpcf7-select wpcf7-validates-as-required\" aria-required=\"true\" aria-invalid=\"false\"><option value=\"\">---<\/option><option value=\"Egy\u00e9nileg\">Egy\u00e9nileg<\/option><option value=\"H\u00e1zast\u00e1rsammal\">H\u00e1zast\u00e1rsammal<\/option><option value=\"Egyed\u00fcl\u00e1ll\u00f3 sz\u00fcl\u0151k\u00e9nt\">Egyed\u00fcl\u00e1ll\u00f3 sz\u00fcl\u0151k\u00e9nt<\/option><\/select><\/span><\/label><\/td>\n<\/tr>\n<tr>\n<td>\n<label><b>Van eltartott gyermeked?<\/b><\/td>\n<td>\n<span class=\"wpcf7-form-control-wrap kids\"><select name=\"kids\" class=\"wpcf7-form-control wpcf7-select wpcf7-validates-as-required\" aria-required=\"true\" aria-invalid=\"false\"><option value=\"\">---<\/option><option value=\"IGEN\">IGEN<\/option><option value=\"NEM\">NEM<\/option><\/select><\/span><\/label><\/td>\n<\/tr>\n<tr>\n<td>\n<label><b>Haszn\u00e1ltad m\u00e1r az ad\u00f3kedvezm\u00e9nyt Internet el\u0151fizet\u00e9sre?<\/b><\/td>\n<td>\n<span class=\"wpcf7-form-control-wrap internet\"><select name=\"internet\" class=\"wpcf7-form-control wpcf7-select wpcf7-validates-as-required\" aria-required=\"true\" aria-invalid=\"false\"><option value=\"\">---<\/option><option value=\"IGEN, 2020-ban\">IGEN, 2020-ban<\/option><option value=\"IGEN, 2019-ben \u00e9s\/vagy kor\u00e1bban\">IGEN, 2019-ben \u00e9s\/vagy kor\u00e1bban<\/option><option value=\"M\u00e9g nem\">M\u00e9g nem<\/option><\/select><\/span><\/label><\/td>\n<\/tr>\n<tr>\n<td>\n<label><b>Olyan lak\u00f3\u00e9p\u00fclet tulajdonosa vagy, amelyik energetikai korszer\u0171s\u00edt\u00e9s alatt \u00e1ll?<\/b><\/td>\n<td>\n<span class=\"wpcf7-form-control-wrap thermo\"><select name=\"thermo\" class=\"wpcf7-form-control wpcf7-select wpcf7-validates-as-required\" aria-required=\"true\" aria-invalid=\"false\"><option value=\"\">---<\/option><option value=\"IGEN\">IGEN<\/option><option value=\"NEM\">NEM<\/option><\/select><\/span><\/label><\/td>\n<\/tr>\n<tr>\n<td>\n<label><b>Fizett\u00e9l j\u00e1rul\u00e9kot \u00f6nk\u00e9ntes, p\u00e9nzint\u00e9zetben vezetett Egy\u00e9ni Nyugd\u00edjbiztos\u00edt\u00e1si sz\u00e1ml\u00e1ra (IKZE) ?<\/b><\/td>\n<td>\n<span class=\"wpcf7-form-control-wrap ikze\"><select name=\"ikze\" class=\"wpcf7-form-control wpcf7-select wpcf7-validates-as-required\" aria-required=\"true\" aria-invalid=\"false\"><option value=\"\">---<\/option><option value=\"IGEN\">IGEN<\/option><option value=\"NEM\">NEM<\/option><\/select><\/span><\/label><\/td>\n<\/tr>\n<tr>\n<td>\n<label><b>Van neked vagy eltartottadnak els\u0151-, m\u00e1sod- vagy haradfok\u00fa fogyat\u00e9koss\u00e1gr\u00f3l ki\u00e1ll\u00edtott hat\u00e1rozata?<\/b><\/td>\n<td>\n<span class=\"wpcf7-form-control-wrap disability\"><select name=\"disability\" class=\"wpcf7-form-control wpcf7-select wpcf7-validates-as-required\" aria-required=\"true\" aria-invalid=\"false\"><option value=\"\">---<\/option><option value=\"IGEN\">IGEN<\/option><option value=\"NEM\">NEM<\/option><\/select><\/span><\/label><\/td>\n<\/tr>\n<tr>\n<td>\n<label><b>Adt\u00e1l-e dokument\u00e1lt adom\u00e1nyokat k\u00f6zhaszn\u00fa szervezet vagy egyh\u00e1z jav\u00e1ra?<\/b><\/td>\n<td>\n<span class=\"wpcf7-form-control-wrap donation\"><select name=\"donation\" class=\"wpcf7-form-control wpcf7-select wpcf7-validates-as-required\" aria-required=\"true\" aria-invalid=\"false\"><option value=\"\">---<\/option><option value=\"IGEN\">IGEN<\/option><option value=\"NEM\">NEM<\/option><\/select><\/span><\/label><\/td>\n<\/tr>\n<tr>\n<td>\n<label><b>Volt\u00e1l-e \u00f6nk\u00e9ntes v\u00e9r vagy plazma donor?<\/b><\/td>\n<td>\n<span class=\"wpcf7-form-control-wrap blood\"><select name=\"blood\" class=\"wpcf7-form-control wpcf7-select wpcf7-validates-as-required\" aria-required=\"true\" aria-invalid=\"false\"><option value=\"\">---<\/option><option value=\"IGEN\">IGEN<\/option><option value=\"NEM\">NEM<\/option><\/select><\/span><\/label><\/td>\n<\/tr>\n<tr>\n<td>\n<label><b>Adt\u00e1l-e adom\u00e1nyokat a COVID-19 elleni k\u00fczdelem c\u00e9ljaira?<\/b><\/td>\n<td>\n<span class=\"wpcf7-form-control-wrap covid\"><select name=\"covid\" class=\"wpcf7-form-control wpcf7-select wpcf7-validates-as-required\" aria-required=\"true\" aria-invalid=\"false\"><option value=\"\">---<\/option><option value=\"IGEN\">IGEN<\/option><option value=\"NEM\">NEM<\/option><\/select><\/span><\/label><\/td>\n<\/tr>\n<tr>\n<td>\n<label><b>Adom\u00e1nyozt\u00e1l-e sz\u00e1m\u00edt\u00f3g\u00e9pet, tabletet k\u00f6zoktat\u00e1si int\u00e9zm\u00e9nyeknek?<\/b><\/td>\n<td>\n<span class=\"wpcf7-form-control-wrap tablet\"><select name=\"tablet\" class=\"wpcf7-form-control wpcf7-select wpcf7-validates-as-required\" aria-required=\"true\" aria-invalid=\"false\"><option value=\"\">---<\/option><option value=\"IGEN\">IGEN<\/option><option value=\"NEM\">NEM<\/option><\/select><\/span><\/label><\/td>\n<\/tr>\n<tr>\n<td colspan=2>\n<p><label> Egy\u00e9b inform\u00e1ci\u00f3, amit megosztan\u00e1l:<br \/>\n    <span class=\"wpcf7-form-control-wrap your-message\"><textarea name=\"your-message\" cols=\"40\" rows=\"10\" class=\"wpcf7-form-control wpcf7-textarea\" aria-invalid=\"false\"><\/textarea><\/span> <\/label><\/td>\n<\/tr>\n<tr>\n<td>\n<label><span class=\"wpcf7-form-control-wrap gdpr\"><span class=\"wpcf7-form-control wpcf7-acceptance\"><span class=\"wpcf7-list-item\"><label><input type=\"checkbox\" name=\"gdpr\" value=\"1\" aria-invalid=\"false\" \/><span class=\"wpcf7-list-item-label\">IGEN, egyet\u00e9rtek.<\/span><\/label><\/span><\/span><\/span><\/label> <b> Itt kifejezed, hogy egyet\u00e9rtesz az adatv\u00e9delmi ir\u00e1nyelvekkel \u00e9s hozz\u00e1j\u00e1rulsz a szem\u00e9lyes adataid kezel\u00e9s\u00e9hez. Ezek r\u00e9szleteit l\u00e1st lejjebb.<\/b><\/td>\n<td>\n\n<p><input type=\"submit\" value=\"K\u00fcldd el!\" class=\"wpcf7-form-control has-spinner wpcf7-submit\" \/><\/td>\n<\/tr>\n<\/table>\n<div class=\"wpcf7-response-output\" aria-hidden=\"true\"><\/div><\/form><\/div>\n\n\n\n<p><strong>Egyet\u00e9rtesz az <a rel=\"noreferrer noopener\" href=\"https:\/\/szabo.pl\/index.php\/adatvedelmi_iranyelvek\/\" target=\"_blank\">Adatv\u00e9delmi Ir\u00e1nyelvekkel<\/a> <strong>\u00e9s hozz\u00e1j\u00e1rulsz-e a szem\u00e9lyes adataid kezel\u00e9s\u00e9hez? Amennyiben igen, az<\/strong> <a href=\"https:\/\/szabo.pl\/index.php\/2022\/01\/19\/szemelyi-jovedelemado-bevallas-2021\/\" data-type=\"post\" data-id=\"664\" target=\"_blank\" rel=\"noreferrer noopener\">itt tal\u00e1lhat\u00f3 hozz\u00e1j\u00e1rul\u00e1si nyilatkozatot<\/a> fogadod el.<\/strong> <\/p>\n\n\n\n<p>Egy szem\u00e9lyes email \u00fczenetet fogsz kapni, ami tartalmazza a szolg\u00e1ltat\u00e1s ny\u00fajt\u00e1s\u00e1hoz sz\u00fcks\u00e9ges adatok \u00e9s dokumentumok list\u00e1j\u00e1t.<\/p>\n","protected":false},"excerpt":{"rendered":"<p>V\u00e1laszolj az al\u00e1bbi k\u00e9rd\u00e9sekre! Az \u0171rlap elk\u00fcld\u00e9s\u00e9t k\u00f6vet\u0151en kapsz egy email \u00fczenetet a bevall\u00e1sod elk\u00e9sz\u00edt\u00e9s\u00e9hez<\/p>\n<div class=\"continue-reading-blog\"><a href=\"https:\/\/szabo.pl\/index.php\/szja-bevallas-2021\/\" class=\"more-link\">Continue Reading<i class=\"fa fa-long-arrow-right\"><\/i><span class=\"screen-reader-text\">SZJA Bevall\u00e1s 2021<\/span><\/a><\/div>\n","protected":false},"author":1,"featured_media":0,"parent":0,"menu_order":0,"comment_status":"closed","ping_status":"closed","template":"","meta":{"footnotes":""},"class_list":["post-440","page","type-page","status-publish","hentry"],"jetpack_sharing_enabled":true,"_links":{"self":[{"href":"https:\/\/szabo.pl\/index.php\/wp-json\/wp\/v2\/pages\/440","targetHints":{"allow":["GET"]}}],"collection":[{"href":"https:\/\/szabo.pl\/index.php\/wp-json\/wp\/v2\/pages"}],"about":[{"href":"https:\/\/szabo.pl\/index.php\/wp-json\/wp\/v2\/types\/page"}],"author":[{"embeddable":true,"href":"https:\/\/szabo.pl\/index.php\/wp-json\/wp\/v2\/users\/1"}],"replies":[{"embeddable":true,"href":"https:\/\/szabo.pl\/index.php\/wp-json\/wp\/v2\/comments?post=440"}],"version-history":[{"count":9,"href":"https:\/\/szabo.pl\/index.php\/wp-json\/wp\/v2\/pages\/440\/revisions"}],"predecessor-version":[{"id":876,"href":"https:\/\/szabo.pl\/index.php\/wp-json\/wp\/v2\/pages\/440\/revisions\/876"}],"wp:attachment":[{"href":"https:\/\/szabo.pl\/index.php\/wp-json\/wp\/v2\/media?parent=440"}],"curies":[{"name":"wp","href":"https:\/\/api.w.org\/{rel}","templated":true}]}}