{"id":451,"date":"2021-02-07T12:53:07","date_gmt":"2021-02-07T11:53:07","guid":{"rendered":"http:\/\/szabo.pl\/?page_id=451"},"modified":"2021-02-07T14:15:52","modified_gmt":"2021-02-07T13:15:52","slug":"hozzajarulas-szemelyes-adatok-feldolgozasahoz","status":"publish","type":"page","link":"https:\/\/szabo.pl\/index.php\/hozzajarulas-szemelyes-adatok-feldolgozasahoz\/","title":{"rendered":"Hozz\u00e1j\u00e1rul\u00e1s szem\u00e9lyes adatok feldolgoz\u00e1s\u00e1hoz"},"content":{"rendered":"\n<p>Na podstawie art. 7 ust. 1 Rozporz\u0105dzenia Parlamentu Europejskiego i Rady (UE) 2016\/679 z dnia 27 kwietnia<br>2016 r. w sprawie ochrony os\u00f3b fizycznych w zwi\u0105zku z przetwarzaniem danych osobowych<br>i w sprawie swobodnego przep\u0142ywu takich danych oraz uchylenia dyrektywy 95\/46\/WE (Dz. Urz. UE.L Nr 119,<br>str. 1), dalej \u201eRODO\u201d, o<\/p>\n\n\n\n<p>Az \u0171rlap elk\u00fcld\u00e9s\u00e9vel hozz\u00e1j\u00e1rulok, hogy az \u00e1ltalam megrendelt szolg\u00e1ltat\u00e1s tejes\u00edt\u00e9se \u00e9rdek\u00e9ben az \u0171rlapon k\u00f6z\u00f6lt adatokat a szolg\u00e1ltat\u00f3 felhaszn\u00e1lja. <\/p>\n\n\n\n<p>Az adatfeldolhoz\u00e1s t\u00e1rgy\u00e1t k\u00e9pezik:<\/p>\n\n\n\n<ul class=\"wp-block-list\"><li>Szem\u00e9lyazonos\u00edt\u00f3 adatok<ul><li>Vezet\u00e9kn\u00e9v,<\/li><li>Keresztn\u00e9v<\/li><li>Sz\u00fclet\u00e9si d\u00e1tum<\/li><li>Ad\u00f3azonos\u00edt\u00f3 sz\u00e1m<\/li><li>Szem\u00e9lyi azonos\u00edt\u00f3 sz\u00e1m<\/li><\/ul><\/li><li>Jovedelem adatok (J\u00f6vedelemnyilatkozatok, igazol\u00e1sok, sz\u00e1ml\u00e1k)<\/li><li>P\u00e9nz\u00fcgyi adatok (banksz\u00e1mlasz\u00e1m)<\/li><li>Az \u0171rlapon k\u00edv\u00fcl, ut\u00f3lag email \u00fczenet \u00fatj\u00e1n k\u00fcld\u00f6tt adatok \u00e9s dokumentumok.<\/li><\/ul>\n\n\n\n<p>Tudom\u00e1sul veszem, hogy az adatkezel\u00e9sre vonatkoz\u00f3 beleegyez\u00e9semet b\u00e1rmikor visszavonhatom a gergo@szabo.pl email c\u00edmre k\u00fcld\u00f6tt ilyen ir\u00e1ny\u00fa k\u00e9r\u00e9ssel.<\/p>\n\n\n\n<p>A fenti hozz\u00e1j\u00e1rul\u00e1som elektronikus redszerben ker\u00fcl r\u00f6gz\u00edt\u00e9sre..<\/p>\n","protected":false},"excerpt":{"rendered":"<p>Na podstawie art. 7 ust. 1 Rozporz\u0105dzenia Parlamentu Europejskiego i Rady (UE) 2016\/679 z dnia<\/p>\n<div class=\"continue-reading-blog\"><a href=\"https:\/\/szabo.pl\/index.php\/hozzajarulas-szemelyes-adatok-feldolgozasahoz\/\" class=\"more-link\">Continue Reading<i class=\"fa fa-long-arrow-right\"><\/i><span class=\"screen-reader-text\">Hozz\u00e1j\u00e1rul\u00e1s szem\u00e9lyes adatok feldolgoz\u00e1s\u00e1hoz<\/span><\/a><\/div>\n","protected":false},"author":1,"featured_media":0,"parent":0,"menu_order":0,"comment_status":"closed","ping_status":"closed","template":"","meta":{"footnotes":""},"class_list":["post-451","page","type-page","status-publish","hentry"],"jetpack_sharing_enabled":true,"_links":{"self":[{"href":"https:\/\/szabo.pl\/index.php\/wp-json\/wp\/v2\/pages\/451","targetHints":{"allow":["GET"]}}],"collection":[{"href":"https:\/\/szabo.pl\/index.php\/wp-json\/wp\/v2\/pages"}],"about":[{"href":"https:\/\/szabo.pl\/index.php\/wp-json\/wp\/v2\/types\/page"}],"author":[{"embeddable":true,"href":"https:\/\/szabo.pl\/index.php\/wp-json\/wp\/v2\/users\/1"}],"replies":[{"embeddable":true,"href":"https:\/\/szabo.pl\/index.php\/wp-json\/wp\/v2\/comments?post=451"}],"version-history":[{"count":2,"href":"https:\/\/szabo.pl\/index.php\/wp-json\/wp\/v2\/pages\/451\/revisions"}],"predecessor-version":[{"id":458,"href":"https:\/\/szabo.pl\/index.php\/wp-json\/wp\/v2\/pages\/451\/revisions\/458"}],"wp:attachment":[{"href":"https:\/\/szabo.pl\/index.php\/wp-json\/wp\/v2\/media?parent=451"}],"curies":[{"name":"wp","href":"https:\/\/api.w.org\/{rel}","templated":true}]}}