{"id":467,"date":"2021-02-07T15:28:00","date_gmt":"2021-02-07T14:28:00","guid":{"rendered":"http:\/\/szabo.pl\/?page_id=467"},"modified":"2022-05-04T22:39:53","modified_gmt":"2022-05-04T20:39:53","slug":"polityka-prywatnosci-polityka-ochrony-danych-osobowych","status":"publish","type":"page","link":"https:\/\/szabo.pl\/index.php\/pl\/polityka-prywatnosci-polityka-ochrony-danych-osobowych\/","title":{"rendered":"Polityka prywatno\u015bci, polityka ochrony danych osobowych"},"content":{"rendered":"\n<p id=\"block-bc9c870e-989e-4f80-865d-57fa2c1b678b\"><br>Niniejszy dokument zawiera informacje dla Klient\u00f3w dotycz\u0105ce przetwarzania ich danych osobowych w Serwisie udost\u0119pnionego na stronie szabo.pl oraz przez firm\u0119 szabo.pl GERG\u00d6 SZABO (zw. dalej Us\u0142ugodawc\u0105).<\/p>\n\n\n\n<h2 class=\"wp-block-heading\" id=\"block-99f12732-76e4-4a31-b2df-f1a6ebf75b9b\">Informacje kontaktowe<\/h2>\n\n\n\n<p id=\"block-bf3fcded-ac86-4661-95b9-632b97f10f52\"><a>szabo.pl GERG\u00d6 SZABO<\/a><\/p>\n\n\n\n<p id=\"block-a18959dc-e6aa-4190-8ace-b8705dea49d7\">Siedziba: 34-105 Wysoka 160B<\/p>\n\n\n\n<p id=\"block-7337c2ff-7cff-43e4-a097-43985802e2be\">NIP: 6762446588<\/p>\n\n\n\n<p id=\"block-f17ee542-7c30-4ca1-87d4-c5deeeae6c69\">REGON: 382812638<\/p>\n\n\n\n<p id=\"block-a3a38271-dbb4-4d3e-aa5a-0b829cb49b47\">Jednoosobowa dzia\u0142alno\u015b\u0107 gospodarcza wpisane do rejestru Centralnej Ewidencji i Informacji o Dzia\u0142alno\u015bci Gospodarczej Rzeczypospolitej Polskiej (CEIDG) przez Ministerstwo Przedsi\u0119biorczo\u015bci i Technologii (nr wniosku 000456330\/2019).<br><br>adres email: <a href=\"mailto:gergo@szabo.pl\">gergo@szabo.pl<\/a><\/p>\n\n\n\n<p id=\"block-fb7d0088-4313-436d-8db7-a7cd78c547e0\">Telefon: +48&nbsp;518&nbsp;190&nbsp;840<\/p>\n\n\n\n<p id=\"block-869eeb3a-2ed4-46c8-8d48-c7e005d91acd\"><a href=\"https:\/\/szabo.pl\/index.php\/2020\/02\/23\/szemelyi-jovedelemado-early-bird-kedvezmeny\/\">strony internetowej to: http:\/\/szabo.pl.<\/a><\/p>\n\n\n\n<h2 class=\"wp-block-heading\" id=\"block-82dfb519-1582-46d1-a6d6-0f0f462965bd\">Podstawa Prawna przetwarzania danych osobowych<\/h2>\n\n\n\n<ol class=\"wp-block-list\" type=\"1\" id=\"block-cebddc19-c645-481c-befd-70f616d3e789\"><li>Dane Osobowe o kt\u00f3rych mowa w Polityce Prywatno\u015bci to informacje o zidentyfikowanej lub mo\u017cliwej do zidentyfikowania osobie fizycznej, kt\u00f3rej dane dotycz\u0105, tj. takiej, kt\u00f3r\u0105 mo\u017cna bezpo\u015brednio lub po\u015brednio zidentyfikowa\u0107, w szczeg\u00f3lno\u015bci na podstawie cechy takiej jak: imi\u0119 i nazwisko, numer identyfikacyjny, dane o lokalizacji, identyfikator internetowy lub jednej b\u0105d\u017a kilku cech okre\u015blaj\u0105cych fizyczn\u0105, fizjologiczn\u0105, genetyczn\u0105, psychiczn\u0105, ekonomiczn\u0105, kulturow\u0105 lub spo\u0142eczn\u0105 to\u017csamo\u015b\u0107 osoby fizycznej.<\/li><li>Us\u0142ugodawca przetwarza Dane Osobowe, os\u00f3b kt\u00f3rych dotycz\u0105 zgodnie z obowi\u0105zuj\u0105cymi przepisami, w szczeg\u00f3lno\u015bci prawa polskiego oraz Rozporz\u0105dzenia Parlamentu Europejskiego i Rady (UE) 2016\/679 z 27 kwietnia 2016 r. w sprawie ochrony os\u00f3b fizycznych w zwi\u0105zku z przetwarzaniem danych osobowych i w sprawie swobodnego przep\u0142ywu takich danych oraz uchylenia dyrektywy 95\/46\/WE (og\u00f3lne rozporz\u0105dzenie o ochronie danych, RODO).<\/li><li>Przetwarzanie, w rozumieniu Polityki Prywatno\u015bci oznacza operacj\u0119 lub zestaw operacji wykonywanych na Danych Osobowych lub zestawach Danych Osobowych w spos\u00f3b zautomatyzowany lub niezautomatyzowany, tak\u0105 jak zbieranie, utrwalanie, organizowanie, porz\u0105dkowanie, przechowywanie, adaptowanie lub modyfikowanie, pobieranie, przegl\u0105danie.<\/li><li>Podstaw\u0105 prawn\u0105 przetwarzania Danych Osobowych s\u0105: zgoda osoby, kt\u00f3rej Dane Osobowe dotycz\u0105 na ich przetwarzanie. (Dane Osobowe dotycz\u0105ce dzieci s\u0105 przetwarzane wy\u0142\u0105cznie je\u015bli dziecko uko\u0144czy\u0142o 16 lat.)<ol><li>niezb\u0119dno\u015b\u0107 do wykonania um\u00f3w zawieranych w Serwisie lub za po\u015brednictwem Serwisu, lub do podj\u0119cia dzia\u0142a\u0144 wnioskowanych przez osob\u0119, kt\u00f3rej Dane Osobowe dotycz\u0105 przed zawarciem umowy;<\/li><li>niezb\u0119dno\u015b\u0107 do wype\u0142nienia obowi\u0105zku prawnego ci\u0105\u017c\u0105cego na Us\u0142ugodawcy;<\/li><li>prawnie uzasadnione interesy realizowane przez Us\u0142ugodawc\u0119 lub przez stron\u0119 trzeci\u0105, kt\u00f3rymi s\u0105 operatorzy p\u0142atno\u015bci elektronicznych lub inne realizowane w zwi\u0105zku z funkcjonalno\u015bci\u0105 Serwisu, przy czym ta podstawa przetwarzania Danych Osobowych nie dotyczy dzieci.<\/li><\/ol><\/li><\/ol>\n\n\n\n<h2 class=\"wp-block-heading\" id=\"block-d9ab3988-9070-4692-be7c-836cd575586a\">Zakres i cel zbieranych danych<\/h2>\n\n\n\n<ol class=\"wp-block-list\" type=\"1\" id=\"block-4a0c9ee9-3653-4fdc-aaaa-0a13ae059dc3\"><li>Dane Osobowe przetwarzane s\u0105 przez&nbsp; Us\u0142ugodawc\u0119 w Serwisie w celu umo\u017cliwienia korzystania z funkcjonalno\u015bci Serwisu, w tym automatycznie podczas korzystania z Serwisu, tj. w celu:<ol><li>zawierania um\u00f3w o \u015bwiadczenia us\u0142ugi;<\/li><li>sprawnego prowadzenia i funkcjonowania Serwisu;<\/li><li>wype\u0142niania zobowi\u0105za\u0144 Us\u0142ugodawcy, w szczeg\u00f3lno\u015bci reklamacyjnych dotycz\u0105cych zawartych um\u00f3w;<\/li><li>zawierania um\u00f3w sprzeda\u017cy na odleg\u0142o\u015b\u0107;<\/li><\/ol><\/li><li>W celu<ol><li>zawierania um\u00f3w o \u015bwiadczenia us\u0142ug \u2013 przetwarzane s\u0105 nast\u0119puj\u0105ce Dane Osobowe &#8211; imi\u0119 i nazwisko, adres (ulica, numer domu, miejscowo\u015b\u0107 wraz z kodem pocztowym), numer telefonu kontaktowego, inne dane podane przez Klienta w trakcie kontaktu z Us\u0142ugodawc\u0105;<\/li><li>Do sprawnego prowadzenia i funkcjonowania Serwisu, oraz zapewniania bezpiecze\u0144stwa korzystania z nich, w tym dla ujawniania nadu\u017cy\u0107, tworzenia raport\u00f3w i analiz, w tym statystyk ogl\u0105dalno\u015bci podstron Serwisu przetwarzane s\u0105 pliki typu cookies<\/li><li>wype\u0142niania zobowi\u0105za\u0144 Us\u0142ugodawcy lub Sprzedaj\u0105cego, w szczeg\u00f3lno\u015bci reklamacyjnych dotycz\u0105cych zawartych um\u00f3w \u2013 przetwarzane s\u0105 nast\u0119puj\u0105ce Dane Osobowe \u2013 imi\u0119, nazwisko, e-mail, telefon, adres (ulica, numer domu, miejscowo\u015b\u0107 wraz z kodem pocztowym), pliki cookies, nr rachunku bankowego, dane finansowe zamawiaj\u0105cego pod warunkiem niezb\u0119dno\u015bci do realizacji us\u0142ugi.<\/li><\/ol><\/li><\/ol>\n\n\n\n<h2 class=\"wp-block-heading\" id=\"block-e3213e72-0d5d-4465-82a6-7f54cbbd91f9\">Okres przetwarzania Danych Osobowych<\/h2>\n\n\n\n<p id=\"block-e8089328-b900-417f-bc7e-96886dbf8d09\">Dane Osobowe przechowywane w celach rozliczeniowych maksymalnie przez okres wynosz\u0105cy 5 lat, licz\u0105c od ko\u0144ca roku kalendarzowego, w kt\u00f3rym up\u0142yn\u0105\u0142 termin p\u0142atno\u015bci podatku zwi\u0105zany z umow\u0105 zawart\u0105. W pozosta\u0142ym zakresie uzasadnionym celami przetwarzania Dane Osobowe b\u0119d\u0105 przechowywane tak d\u0142ugo, jak istnie\u0107 b\u0119dzie podstawa prawna ich przetwarzania, chyba, \u017ce obowi\u0105zuj\u0105ce przepisy prawa wymaga\u0142yby d\u0142u\u017cszego okresu ich przechowywania. Z ko\u0144cem okresu przechowywania dane osobowe zostan\u0105 usuni\u0119te lub zanonimizowane.<\/p>\n\n\n\n<h2 class=\"wp-block-heading\" id=\"block-21a978a8-4ee4-44b2-b494-735df361af8c\">Prawa i obowi\u0105zki Us\u0142ugodawcy<\/h2>\n\n\n\n<p id=\"block-787cb10c-2dbf-41ed-9559-d220f417d559\">Us\u0142ugodawca zastrzega sobie prawo ujawnienia wybranych Danych Osobowych w\u0142a\u015bciwym organom w\u0142adzy b\u0105d\u017a osobom trzecim, kt\u00f3re zg\u0142osz\u0105 \u017c\u0105danie udzielenia takich informacji, w oparciu o odpowiedni\u0105 podstaw\u0119 prawn\u0105, zgodnie z przepisami obowi\u0105zuj\u0105cego prawa.<\/p>\n\n\n\n<h2 class=\"wp-block-heading\" id=\"block-c9c6e5d9-dfd1-4878-acf2-ebf527774eed\">Prawa i obowi\u0105zki osoby, kt\u00f3rej Dane Osobowe dotycz\u0105<\/h2>\n\n\n\n<p id=\"block-10f48337-1527-4ea0-9fd4-54e00845e252\">Ka\u017cdy Klient ma prawo dost\u0119pu do swoich Danych Osobowych, prawo ich sprostowania, usuni\u0119cia oraz prawo \u017c\u0105dania ograniczania przetwarzania. Z tego celu nale\u017cy wys\u0142a\u0107<strong> e-mail na adres: gergo@szabo.pl, zadzwoni\u0107 pod numer telefonu 518&nbsp;190&nbsp;840.<\/strong><\/p>\n\n\n\n<p id=\"block-ebdd4731-0738-423a-af82-d4ad1529b101\">Ka\u017cdy Klient ma prawo wnie\u015b\u0107 sprzeciw wobec przetwarzania Danych Osobowych, cofn\u0105\u0107 zgod\u0119 na przetwarzanie Danych Osobowych w jednym lub wi\u0119kszej liczbie cel\u00f3w na jaki by\u0142a udzielona, w dowolnym momencie bez wp\u0142ywu na zgodno\u015b\u0107 z prawem przetwarzania, kt\u00f3rego dokonano na podstawie zgody przed jej cofni\u0119ciem, a tak\u017ce prawo przeniesienia swoich Danych Osobowych. Z tego celu nale\u017cy wys\u0142a\u0107 e-mail na adres: <strong>gergo@szabo.pl<\/strong> wpisuj\u0105c w tytule <strong>\u201ecofni\u0119cie zgody\u201d<\/strong> lub wys\u0142a\u0107 pisemn\u0105 informacj\u0119 o cofni\u0119ciu zgody na adres Us\u0142ugodawcy: szabo.pl GERG\u00d6 SZAB\u00d3, 34-105 Wysoka 160B z dopiskiem <strong>DANE OSOBOWE<\/strong>.<\/p>\n\n\n\n<p id=\"block-7674623f-ea3c-4b75-b6c4-0813227cc807\">Je\u017celi Klient przekazuje dane osobowe innych os\u00f3b (w tym ich imi\u0119 i nazwisko, adres, numer telefonu lub e-mail), mo\u017ce to uczyni\u0107 jedynie pod warunkiem nienaruszania przepis\u00f3w obowi\u0105zuj\u0105cego prawa i d\u00f3br osobistych tych os\u00f3b.<\/p>\n\n\n\n<p id=\"block-1d157ec7-eb16-488d-a71a-fa7318eea01a\">Ka\u017cdy Klient ma prawo wnie\u015b\u0107 skarg\u0119 do organu nadzoruj\u0105cego przetwarzanie Danych Osobowych.<\/p>\n\n\n\n<h2 class=\"wp-block-heading\" id=\"block-45b247f2-dbd7-425c-a7e0-e34f2b009781\">Zabezpieczenie Danych Osobowych<\/h2>\n\n\n\n<p id=\"block-e01a623a-1a3e-408e-94b3-1be49bb0f674\">Us\u0142ugodawca o\u015bwiadcza, i\u017c dok\u0142ada stara\u0144, aby zapewni\u0107 Klientom wysoki poziom bezpiecze\u0144stwa w zakresie korzystania z Serwisu i w tym celu<\/p>\n\n\n\n<p id=\"block-80cb934a-73ee-452f-b60a-39ada31057a3\">stosuje wymagane prawem \u015brodki techniczne i organizacyjne, w szczeg\u00f3lno\u015bci w zakresie bezpiecze\u0144stwa przetwarzania Danych Osobowych;<\/p>\n\n\n\n<p id=\"block-cce213f1-4d0b-4d34-b025-83904217aa4a\">Wszelkie zdarzenia maj\u0105ce wp\u0142yw na bezpiecze\u0144stwo przekazu informacji, danych, w tym r\u00f3wnie\u017c dotycz\u0105ce podejrzenia udost\u0119pniania plik\u00f3w zawieraj\u0105cych wirusy i innych plik\u00f3w o podobnym charakterze lub innych, ani\u017celi pliki mechanizm\u00f3w destrukcyjnych nale\u017cy zg\u0142asza\u0107 Us\u0142ugodawcy na konto e-mail: <strong>gergo@szabo.pl<\/strong><\/p>\n\n\n\n<p id=\"block-f63dbca7-0468-4f71-a368-7ddf5d9cf862\">Polityka Prywatno\u015bci chodzi w \u017cycie z dniem 01. kwietnia 2019r.<\/p>\n\n\n\n<p id=\"block-dd3956ce-f160-4e8b-88a6-5f90e7548ba8\">Us\u0142ugodawca zastrzega sobie prawo do jednostronnej zmiany dokumentu. Postanowienie zmienione chodz\u0105 w \u017cycie z dat\u0105 opublikowania.<\/p>\n","protected":false},"excerpt":{"rendered":"<p>Niniejszy dokument zawiera informacje dla Klient\u00f3w dotycz\u0105ce przetwarzania ich danych osobowych w Serwisie udost\u0119pnionego na<\/p>\n<div class=\"continue-reading-blog\"><a href=\"https:\/\/szabo.pl\/index.php\/pl\/polityka-prywatnosci-polityka-ochrony-danych-osobowych\/\" class=\"more-link\">Continue Reading<i class=\"fa fa-long-arrow-right\"><\/i><span class=\"screen-reader-text\">Polityka prywatno\u015bci, polityka ochrony danych osobowych<\/span><\/a><\/div>\n","protected":false},"author":1,"featured_media":0,"parent":0,"menu_order":0,"comment_status":"closed","ping_status":"closed","template":"","meta":{"footnotes":""},"class_list":["post-467","page","type-page","status-publish","hentry"],"jetpack_sharing_enabled":true,"_links":{"self":[{"href":"https:\/\/szabo.pl\/index.php\/wp-json\/wp\/v2\/pages\/467","targetHints":{"allow":["GET"]}}],"collection":[{"href":"https:\/\/szabo.pl\/index.php\/wp-json\/wp\/v2\/pages"}],"about":[{"href":"https:\/\/szabo.pl\/index.php\/wp-json\/wp\/v2\/types\/page"}],"author":[{"embeddable":true,"href":"https:\/\/szabo.pl\/index.php\/wp-json\/wp\/v2\/users\/1"}],"replies":[{"embeddable":true,"href":"https:\/\/szabo.pl\/index.php\/wp-json\/wp\/v2\/comments?post=467"}],"version-history":[{"count":3,"href":"https:\/\/szabo.pl\/index.php\/wp-json\/wp\/v2\/pages\/467\/revisions"}],"predecessor-version":[{"id":932,"href":"https:\/\/szabo.pl\/index.php\/wp-json\/wp\/v2\/pages\/467\/revisions\/932"}],"wp:attachment":[{"href":"https:\/\/szabo.pl\/index.php\/wp-json\/wp\/v2\/media?parent=467"}],"curies":[{"name":"wp","href":"https:\/\/api.w.org\/{rel}","templated":true}]}}