{"id":502,"date":"2021-08-24T15:56:35","date_gmt":"2021-08-24T13:56:35","guid":{"rendered":"https:\/\/szabo.pl\/?page_id=502"},"modified":"2025-11-06T08:12:20","modified_gmt":"2025-11-06T07:12:20","slug":"dokumentumok","status":"publish","type":"page","link":"https:\/\/szabo.pl\/index.php\/dokumentumok\/","title":{"rendered":"Dokumentumok"},"content":{"rendered":"\n<h2 class=\"wp-block-heading\">Jelenleg \u00e9rv\u00e9nyben l\u00e9v\u0151 dokumentumok<\/h2>\n\n\n\n<p><a href=\"https:\/\/szabo.pl\/index.php\/altalanos-szerodesi-feltetelek\/\" data-type=\"page\" data-id=\"2661\">\u00c1ltal\u00e1nos Szerz\u0151d\u00e9si Felt\u00e9telek<\/a> (\u00e9rv\u00e9nyes 2025 december 1-t\u0151l)<\/p>\n\n\n\n<p><a href=\"https:\/\/szabo.pl\/index.php\/a-konyveloiroda-altalanos-dijszabasa\/\" data-type=\"page\" data-id=\"2287\">A K\u00f6nyvel\u0151iroda \u00c1ltal\u00e1nos D\u00edjszab\u00e1sa<\/a> (\u00e9rv\u00e9nyes 2025 december 1-t\u0151l)<\/p>\n\n\n\n<p><a href=\"https:\/\/szabo.pl\/index.php\/elofizetesi-csomagok\/\" data-type=\"page\" data-id=\"2207\">El\u0151fizet\u00e9si csomagok<\/a> (\u00e9rv\u00e9nyes 2025 december 1-t\u0151l) <\/p>\n\n\n\n<p><a href=\"https:\/\/szabo.pl\/index.php\/ksef-biztonsagi-eljaras\/\" data-type=\"page\" data-id=\"2686\">Az Orsz\u00e1gos e-Sz\u00e1mla Rendszerb\u0151l (KSeF) sz\u00e1rmaz\u00f3 sz\u00e1ml\u00e1k k\u00f6nyvel\u00e9s\u00e9re vonatkoz\u00f3 biztons\u00e1gi elj\u00e1r\u00e1s<\/a> (\u00e9rv\u00e9nyes 2025 november 1-t\u0151l) <\/p>\n\n\n\n<p><a href=\"https:\/\/szabo.pl\/index.php\/szolgaltatasok-leirasai\/\" data-type=\"page\" data-id=\"2276\">Szolg\u00e1ltat\u00e1sok le\u00edr\u00e1sai<\/a><\/p>\n\n\n\n<p><a href=\"https:\/\/szabo.pl\/index.php\/adatvedelmi_iranyelvek\/\" data-type=\"page\" data-id=\"3\">Adatv\u00e9delmi ir\u00e1nyelvek<\/a> (\u00e9rv\u00e9nyes 2021 augusztus 1-\u00e9t\u0151l)<\/p>\n\n\n\n<p><a href=\"https:\/\/szabo.pl\/index.php\/penzmosas-es-terrorizmus-finanszirozasa-elleni-tevekenyseg-proceduraja\/\" data-type=\"page\" data-id=\"625\">P\u00e9nzmos\u00e1s \u00e9s terrorizmus finansz\u00edroz\u00e1sa ellenes proced\u00fara<\/a> (\u00e9rv\u00e9nyes 2021 augusztus 1-\u00e9t\u0151l) <\/p>\n\n\n\n<h2 class=\"wp-block-heading\">Arch\u00edv dokumentumok<\/h2>\n\n\n\n<p><a href=\"https:\/\/szabo.pl\/index.php\/altalanos-szerzodesi-feltetelek\/\" data-type=\"page\" data-id=\"617\">\u00c1ltal\u00e1nos szerz\u0151d\u00e9si felt\u00e9telek<\/a>  (\u00e9rv\u00e9nyes 2021 augusztus 1-\u00e9t\u0151l 2025 november 30-ig) <\/p>\n\n\n\n<p><a href=\"https:\/\/szabo.pl\/index.php\/a-konyveloiroda-altalanos-dijszabasa\/\" data-type=\"URL\" data-id=\"https:\/\/szabo.pl\/index.php\/a-konyveloiroda-altalanos-dijszabasa\/\">A K\u00f6nyvel\u0151iroda \u00e1ltal\u00e1nos d\u00edjszab\u00e1sa<\/a>  (\u00e9rv\u00e9nyes 2024 janu\u00e1r 1-\u00e9t\u0151l 2025 november 30-ig) <\/p>\n\n\n\n<p><\/p>\n","protected":false},"excerpt":{"rendered":"<p>Jelenleg \u00e9rv\u00e9nyben l\u00e9v\u0151 dokumentumok \u00c1ltal\u00e1nos Szerz\u0151d\u00e9si Felt\u00e9telek (\u00e9rv\u00e9nyes 2025 december 1-t\u0151l) A K\u00f6nyvel\u0151iroda \u00c1ltal\u00e1nos D\u00edjszab\u00e1sa<\/p>\n<div class=\"continue-reading-blog\"><a href=\"https:\/\/szabo.pl\/index.php\/dokumentumok\/\" class=\"more-link\">Continue Reading<i class=\"fa fa-long-arrow-right\"><\/i><span class=\"screen-reader-text\">Dokumentumok<\/span><\/a><\/div>\n","protected":false},"author":1,"featured_media":0,"parent":0,"menu_order":0,"comment_status":"closed","ping_status":"closed","template":"","meta":{"footnotes":""},"class_list":["post-502","page","type-page","status-publish","hentry"],"jetpack_sharing_enabled":true,"_links":{"self":[{"href":"https:\/\/szabo.pl\/index.php\/wp-json\/wp\/v2\/pages\/502","targetHints":{"allow":["GET"]}}],"collection":[{"href":"https:\/\/szabo.pl\/index.php\/wp-json\/wp\/v2\/pages"}],"about":[{"href":"https:\/\/szabo.pl\/index.php\/wp-json\/wp\/v2\/types\/page"}],"author":[{"embeddable":true,"href":"https:\/\/szabo.pl\/index.php\/wp-json\/wp\/v2\/users\/1"}],"replies":[{"embeddable":true,"href":"https:\/\/szabo.pl\/index.php\/wp-json\/wp\/v2\/comments?post=502"}],"version-history":[{"count":7,"href":"https:\/\/szabo.pl\/index.php\/wp-json\/wp\/v2\/pages\/502\/revisions"}],"predecessor-version":[{"id":2721,"href":"https:\/\/szabo.pl\/index.php\/wp-json\/wp\/v2\/pages\/502\/revisions\/2721"}],"wp:attachment":[{"href":"https:\/\/szabo.pl\/index.php\/wp-json\/wp\/v2\/media?parent=502"}],"curies":[{"name":"wp","href":"https:\/\/api.w.org\/{rel}","templated":true}]}}