{"id":619,"date":"2022-01-01T11:53:58","date_gmt":"2022-01-01T10:53:58","guid":{"rendered":"https:\/\/szabo.pl\/?page_id=619"},"modified":"2025-11-04T12:59:40","modified_gmt":"2025-11-04T11:59:40","slug":"ogolne-warunki-umowy-do-30-listopada-2025r","status":"publish","type":"page","link":"https:\/\/szabo.pl\/index.php\/pl\/ogolne-warunki-umowy-do-30-listopada-2025r\/","title":{"rendered":"Og\u00f3lne Warunki Umowy do 30 listopada 2025r"},"content":{"rendered":"\n<p>Wersja: 1.0.20210731<br>Obowi\u0105zuje od 01 sierpnia 2021 roku.<br>Postanowienia niniejszego dokumentu obowi\u0105zuj\u0105 w relacji mi\u0119dzy Klientem i Biurem rachunkowym w trakcie trwania umowy.<\/p>\n\n\n\n<ol class=\"wp-block-list\"><li>S\u0142ownik u\u017cytych poj\u0119\u0107 i skr\u00f3t\u00f3w<br>1.1. Biuro rachunkowe \u2013 szabo.pl GERG\u00d6 SZAB\u00d3 z siedzib\u0105 w Wysokiej, kod pocztowy: 34-105 Wysoka 160B , NIP: 6762446588 , REGON: 382812638<br>1.2. Klient \u2013 osoba fizyczna, w tym osoba fizyczna prowadz\u0105ca dzia\u0142alno\u015b\u0107 gospodarcz\u0105, jednostka organizacyjna nieposiadaj\u0105ca osobowo\u015bci prawnej albo osoba prawna, kt\u00f3rej Biuro rachunkowe \u015bwiadczy Us\u0142ug\u0119,<br>1.3. Ustawa AML \u2013 ustawa z dnia 1 marca 2018 r. &#8211; o przeciwdzia\u0142aniu praniu pieni\u0119dzy oraz finansowaniu terroryzmu (Dz.U. z 2018 r. poz. 723 ze zm.),<br>1.4. Kodeks Cywilny Ustawa z dnia 23.04.1964 r. Kodeks cywilny<br>1.5. Ustawa o rachunkowo\u015bci &#8211; Ustawa z dnia 29.09.1994 r. o rachunkowo\u015bci<br>1.6. UPDOF &#8211; Ustawa z dnia 26.07.1991 r. o podatku dochodowym od os\u00f3b fizycznych<br>1.7. UPDOP &#8211; Ustawa z dnia 15.02.1992 r. o podatku dochodowym od os\u00f3b prawnych0<br>1.8. Ustawa o VAT &#8211; Ustawa z dnia 11.03.2004 r. o podatku od towar\u00f3w i us\u0142ug<br>1.9. RODO &#8211; Ustawa z dnia 10.05.2018 r. o ochronie danych osobowych<br>1.10. Ustawa o zrycza\u0142towanym podatku dochodowym<br>1.11. Procedura AML \u2013 Wewn\u0119trzna procedura ramowa wdro\u017cona przez Biuro Rachunkowe wed\u0142ug Art. 50 Ustawy AML.<br>1.12. Transakcja okazjonalna \u2013 czynno\u015b\u0107 prawna lub faktyczna pomi\u0119dzy Biurem rachunkowym a Klientem, kt\u00f3ra nie stanowi elementu Us\u0142ugi na kt\u00f3r\u0105 zawarta jest umowa.<br>1.13. Us\u0142uga \u2013 us\u0142uga \u015bwiadczona przez Biuro rachunkowe dla Klienta, kt\u00f3rej przedmiotem jest prowadzenie ksi\u0105g rachunkowych, podatkowej ksi\u0119gi przychod\u00f3w i rozchod\u00f3w, ewidencji przychod\u00f3w, ewidencji do cel\u00f3w podatku od towar\u00f3w i us\u0142ug lub innych podobnych ewidencji do cel\u00f3w podatkowych, obs\u0142uga kadrowo-p\u0142acowa lub sporz\u0105dzanie deklaracji i informacji podatkowych.<br>1.14. Cennik Og\u00f3lny Biura Rachunkowego \u2013 Dokument Publiczny, cennik Us\u0142ug kt\u00f3ry jest stosowane w przypadku gdy z Klientem w zwi\u0105zku z dan\u0105 us\u0142ug\u0105 nie stosuje si\u0119 ceny ustalonej indywidualnie na podstawie umowy. <\/li><\/ol>\n\n\n\n<p>1.15. Polityka prywatno\u015bci Biura Rachunkowego \u2013 Informacja dla Klienta o sposobie przetwarzania i o ochronie danych osobowych i danych finansowych. Dokument jest opublikowane na stronie Biura rachunkowego pod adresem https:\/\/szabo.pl\/index.php\/pl\/dokumenty\/<\/p>\n\n\n\n<ol class=\"wp-block-list\" start=\"2\"><li>Postanowienie og\u00f3lne<br>2.1. Klient zawiera z Biurem Rachunkowym umow\u0119 o \u015bwiadczeniu us\u0142ug rachunkowo-ksi\u0119gowych.<br>2.1.1. Us\u0142ugi rachunkowo-ksi\u0119gowe \u015bwiadczone przez Biuro Rachunkowe s\u0105<br>2.1.1.1. Us\u0142ugi prowadzenia ksi\u0105g rachunkowych<br>2.1.1.2. Us\u0142ugi prowadzenia podatkowej ksi\u0119gi przychod\u00f3w i rozchod\u00f3w<br>2.1.1.3. Us\u0142ugi prowadzenia ewidencji przychod\u00f3w na cele ustalenia podatku zrycza\u0142towanego.<br>2.1.1.4. Us\u0142ugi prowadzenia ewidencji VAT zakup\u00f3w oraz ewidencji VAT sprzeda\u017cy<br>2.1.1.5. Us\u0142ugi rozliczenia p\u0142ac<br>2.2. Przed zawarciem umowy o kt\u00f3rym mowa w pkt. 2.1 Klientowi nale\u017cy si\u0119 zapozna\u0107 z Polityk\u0105 prywatno\u015bci Biura Rachunkowego.<br>2.3. Przed zawarciem umowy o kt\u00f3rym mowa w pkt. 2.1. Klientowi nale\u017cy si\u0119 zapozna\u0107 z u\u017cywan\u0105 przez Biuro Rachunkowe procedur\u0105 dotycz\u0105c\u0105 przeciwdzia\u0142aniu praniu pieni\u0119dzy.<br>2.4. Z zawarciem umowy Klient zaakceptuj\u0119 procedury o kt\u00f3rym mowa w pkt. 2.2 i 2.3.<\/li><li>Obowi\u0105zki biura rachunkowego 3.1. W celu unikni\u0119cia w\u0105tpliwo\u015bci zwi\u0105zanych z okre\u015bleniem zakresu obowi\u0105zk\u00f3w Biura rachunkowego, strony umowy postanawiaj\u0105 \u017ce ogranicza si\u0119 on do prowadzenia nast\u0119pnych czynno\u015bci: 3.1.1. Prowadzenie ksi\u0105g rachunkowych i ewidencji z nale\u017cyt\u0105 staranno\u015bci\u0105 w spos\u00f3b zgodny z obowi\u0105zuj\u0105cymi przepisami prawa, a w szczeg\u00f3lno\u015bci 3.1.1.1. Ustawy o rachunkowo\u015bci 3.1.1.2. UPDOF 3.1.1.3. UPDOP 3.1.1.4. (Ustawa o VAT) na podstawie otrzymanych od Klienta dokument\u00f3w i informacji. 3.2. Us\u0142uga prowadzenia ksi\u0105g rachunkowych sk\u0142ada si\u0119 z poni\u017cszych element\u00f3w: 3.2.1. ewidencjonowanie w ksi\u0119dze rachunkowej operacji gospodarczych zgodnie z ich tre\u015bci\u0105 okre\u015blon\u0105 przez Klienta 3.2.2. sporz\u0105dzanie na podstawie zapis\u00f3w ksi\u0119gowych 3.2.3. inne czynno\u015bci wynikaj\u0105cych z odr\u0119bnych uregulowa\u0144. 3.2.4. ewidencjonowanie sprzeda\u017cy w rejestrze VAT 3.2.5. ewidencjonowanie zakup\u00f3w w rejestrze VAT<br>3.2.6. tworzenie zapis\u00f3w w ksi\u0119dze przychod\u00f3w i rozchod\u00f3w<br>3.2.7. tworzenie zapis\u00f3w w ewidencji przychod\u00f3w<br>3.2.8. sporz\u0105dzanie zezna\u0144 i deklaracji 3.3. Wsp\u00f3\u0142praca z Klientem, w tym z w\u0142a\u015bciwymi s\u0142u\u017cbami Klienta w zakresie niezb\u0119dnym dla w\u0142a\u015bciwej realizacji um\u00f3w. <\/li><\/ol>\n\n\n\n<p>3.4. W celu prawid\u0142owego wykonania umowy Biuro Rachunkowe zobowi\u0105zuje si\u0119: 3.4.1. Zachowa\u0107 przekazane przez Klienta informacje w tajemnicy, tre\u015b\u0107 tych informacji nie ujawnia osobom trzecim bez wyra\u017anego zezwolenia Klienta. 3.4.2. We w\u0142a\u015bciwym terminie przekazywa\u0107 informacje o wysoko\u015bci zobowi\u0105za\u0144 publicznoprawnych wynikaj\u0105cych ze sporz\u0105dzonych deklaracji i zezna\u0144 podatkowych. 3.5. Biuro rachunkowe jest zwolniony z zapisu 3.4.1. w przypadku wskazanym w art. 96 Ustawy AML. 3.6. Biuro rachunkowe zgodnie z art. 4. ust. 1 Ustawy o rachunkowo\u015bci zobowi\u0105zany jest do stosowania zasad rachunkowo\u015bci w spos\u00f3b prawid\u0142owy, zapewniaj\u0105c rzetelne i jasne przedstawienie sytuacji maj\u0105tkowej i finansowej, wyniku finansowego oraz rentowno\u015b\u0107 jednostki. 3.7. Us\u0142ugi prowadzone przez Biuro Rachunkowe nie obejmuj\u0105 us\u0142ug doradztwa podatkowego. Us\u0142uga doradztwo podatkowego jest \u015bwiadczona Klientowi na \u017c\u0105danie, przez po\u015brednictwo us\u0142ug doradcy podatkowego. 3.8. Us\u0142ugi prowadzone przez Biura rachunkowego nie obejmuj\u0105 us\u0142ug radcy prawnego. 3.9. Z zakresu obowi\u0105zk\u00f3w Biura rachunkowego s\u0105 wykluczone: 3.9.1. inwentaryzacja aktyw\u00f3w Klienta 3.9.2. prowadzenia rejestru pogotowia kasowego 3.9.3. Prowadzenie ewidencji i przygotowanie raport\u00f3w kasowych 3.9.4. prowadzenia rejestr\u00f3w inwentarza 3.9.5. prowadzenia ewidencji pobra\u0144<br>3.9.6. oraz wszelkie us\u0142ugi, kt\u00f3re wymagaj\u0105 fizyczn\u0105 obecno\u015b\u0107 przedstawiciela Biura Rachunkowego w sta\u0142ym lub tymczasowym miejscu prowadzenia dzia\u0142alno\u015bci Klienta.<\/p>\n\n\n\n<ol class=\"wp-block-list\" start=\"4\"><li>Obowi\u0105zki Klienta<br>4.1. Klient identyfikuje si\u0119 przed Biurem rachunkowym przed rozpocz\u0119ciem wsp\u00f3\u0142pracy.<br>4.1.1. Klient rozpoznaje si\u0119 z aktualnym wyci\u0105giem z Procedury AML Biura rachunkowego, kt\u00f3ry zawiera ustawowe obowi\u0105zki Biura Rachunkowego w dziedzinie przeciwdzia\u0142ania praniu pieni\u0119dzy i finansowania terroryzmu.<br>4.1.2. Klient przekazie dane przedsi\u0119biorcy<br>4.1.2.1. firmy osoby fizycznej, lub sp\u00f3\u0142ki os\u00f3b fizycznych<br>4.1.2.2. firmy osoby prawnej i dane os\u00f3b powo\u0142anych do reprezentacji firmy<br>4.1.2.3. jednostki organizacyjnej nieposiadaj\u0105cej osobowo\u015bci prawnej.<br>4.1.3. Klient sk\u0142ada o\u015bwiadczenia dotycz\u0105ce beneficjent\u00f3w rzeczywistych wykonywanej dzia\u0142alno\u015bci przed rozpocz\u0119ciem wsp\u00f3\u0142pracy i ka\u017cdym razem przed wykonywaniem Transakcji okazjonalnej lub na \u017c\u0105danie biura rachunkowego.<\/li><\/ol>\n\n\n\n<p>4.2. Klient przedstawia przedmiot wykonywanej dzia\u0142alno\u015bci Biurze Rachunkowemu przed rozpocz\u0119ciem wsp\u00f3\u0142pracy i ka\u017cdym razem przed wykonywaniem Transakcji okazjonalnej lub na \u017c\u0105danie biura rachunkowego. O ewentualnych zmianach opisanej dzia\u0142alno\u015bci Klient na bie\u017c\u0105co informuje Biuro. 4.3. W\u0142a\u015bciwego pod wzgl\u0119dem formalnym i rzetelnego pod wzgl\u0119dem merytorycznym dokumentowania operacji gospodarczych podlegaj\u0105cych ksi\u0119gowaniu w ksi\u0119dze rachunkowej. 4.4. Udzielania niezb\u0119dnych informacji w przypadku w\u0105tpliwo\u015bci dotycz\u0105cych dokument\u00f3w ksi\u0119gowych, zdarze\u0144 gospodarczych. 4.5. Klient obowi\u0105zuje si\u0119 do udost\u0119pnienie Biurze Rachunkowemu wszelkich informacji, danych i dokument\u00f3w, kt\u00f3rych znajomo\u015b\u0107 jest dla Biura rachunkowego niezb\u0119dna lub pomocna do prawid\u0142owego wykonania przedmiotu umowy i ewentualnych dodatkowych zlece\u0144. Klient zobowi\u0105zana jest r\u00f3wnie\u017c umo\u017cliwi\u0107 prowadz\u0105cemu ksi\u0119gi rachunkowe, Podatkowej ksi\u0119gi przychod\u00f3w i rozchod\u00f3w, ewidencj\u0119 na cele podatku zrycza\u0142towanego i innych ewidencji dost\u0119p do przegl\u0105dania wszelkich ksi\u0105g, dokument\u00f3w i ewidencji i powi\u0105zane przedmioty, maj\u0105cych po\u015bredni lub bezpo\u015bredni wp\u0142yw na prawid\u0142owe wykonanie Us\u0142ugi.<br>4.6. Klient obowi\u0105zuje si\u0119 do przekazania dokument\u00f3w ksi\u0119gowych najp\u00f3\u017aniej w 5 (pi\u0105tym) dniu roboczym nast\u0119pnego miesi\u0105ca, kt\u00f3rego dotycz\u0105<br>4.6.1. Dokumenty ksi\u0119gowe do przekazania s\u0105 okre\u015blone w poszczeg\u00f3lnych umowach zawartych z Klientem.<br>4.6.2. W przypadku, gdy Klient nie ma mo\u017cliwo\u015bci dostarczania dokument\u00f3w w terminie, jest on obowi\u0105zany powiadomi\u0107 o tym Biuro Rachunkowe najp\u00f3\u017aniej w 5 (pi\u0105tym) dniu roboczym nast\u0119pnego miesi\u0105ca, kt\u00f3rego dotycz\u0105.<br>4.6.3. W przypadku dostarczenia dokument\u00f3w ksi\u0119gowych po terminie, Biuro Rachunkowe nie ponosi odpowiedzialno\u015bci za konsekwencje op\u00f3\u017anionego sk\u0142adania deklaracji. 4.7. Klient obowi\u0105zuje si\u0119 do przekazywania Biurze Rachunkowemu wszelkich informacji o zmianach maj\u0105cych wp\u0142yw na rozliczenia Klienta.<br>4.8. Niedotrzymanie obowi\u0105zk\u00f3w Klienta wymienionych w niniejszym dokumencie mo\u017ce skutkowa\u0107 rozwi\u0105zanie umowy sposobem przewidzianym w punkcie 7.2.<\/p>\n\n\n\n<ol class=\"wp-block-list\" start=\"5\"><li>P\u0142atno\u015b\u0107<br>5.1. Za \u015bwiadczone us\u0142ugi Biurze Rachunkowemu przys\u0142uguje wynagrodzenie.<br>5.1.1. Podstaw\u0105 wynagrodzenia za poszczeg\u00f3lne us\u0142ugi zawiera Cennik Og\u00f3lny Biura Rachunkowego.<br>5.1.2. Biuro Rachunkowe zastrzega sobie prawo do zmiany Cennika Og\u00f3lnego jednostronnie. O zmianach Cennika Og\u00f3lnego Biuro Rachunkowe poinformuje Klienta.<br>5.1.3. Biuro Rachunkowe przyjmuje p\u0142atno\u015bci na rachunki rozliczeniowe przelewem bankowym, w walucie i w kwocie uprzednio udokumentowanym faktur\u0105, faktur\u0105 koryguj\u0105c\u0105 lub faktur\u0105 pro forma.<br>5.1.4. Dane rachunku bankowego kt\u00f3rym Biuro Rachunkowe przys\u0142uguje na cele rozliczenia s\u0105 nast\u0119pne:<\/li><\/ol>\n\n\n\n<p>BANK: ING Bank \u015al\u0105ski Sp\u00f3\u0142ka Akcyjna<br>ul. Lwowska 16<br>34-100 Wadowice<br>Kod banku: 1050 1100<br>Rachunek: 1000 0090 3216 8081<br>BIC: INGBPLPWXXX<br>Pe\u0142ny numer konta: 33 1050 1100 1000 0090 3216 8081<br>IBAN PL33 1050 1100 1000 0090 3216 8081<br>Waluta: PLN Posiadacz rachunku: szabp.pl GERGO SZABO Adres: 34-105 Wysoka 160B<br>5.1.5. W transakcjach przeprowadzonych w walucie innej ni\u017c z\u0142oty polski (PLN) inne rachunki Biura Rachunkowego s\u0105 stosowane, kt\u00f3re s\u0105 wymienione na dokumencie rozliczeniowej, fakturze, fakturze koryguj\u0105cej lub fakturze pro forma.<br>5.2. Termin p\u0142atno\u015bci za \u015bwiadczonych us\u0142ug jest ustalone indywidualnie. O ile warunki indywidualnej umowy z Klientem nie wskazuj\u0105 inaczej, termin p\u0142atno\u015bci jest okre\u015blone na fakturze, fakturze koryguj\u0105cej lub na fakturze pro forma.<br>5.3. Biuro Rachunkowe zastrzega sobie prawo do stosowania cennika indywidualnego w relacji z Klientem.<br>5.4. Biuro Rachunkowe zastrzega sobie prawo do udzielenie rabatu Klientowi na podstawie ofert promocyjnych, indywidualnych um\u00f3w lub bez podania przyczyny lub uzasadnienia<br>5.5. Biuro Rachunkowe zastrzega sobie prawo do naliczenia odsetek za zw\u0142ok\u0119 po p\u0142atno\u015bci po terminie.<br>5.6. Zaleganie z p\u0142atno\u015bciami przez Klienta mo\u017ce skutkowa\u0107 rozwi\u0105zanie umowy sposobem przewidzianym w punkcie 7.2.<\/p>\n\n\n\n<ol class=\"wp-block-list\" start=\"6\"><li>Odpowiedzialno\u015b\u0107 Biura Rachunkowego 6.1. Biuro Rachunkowe ponosi odpowiedzialno\u015b\u0107 za szkody wynik\u0142e z niewykonania lub nienale\u017cytego wykonania zobowi\u0105za\u0144 podj\u0119tych na podstawie niniejszej umowy (b\u0142\u0119dy rachunkowe i nieterminowe z\u0142o\u017cenie deklaracji), chyba \u017ce niewykonanie lub nienale\u017cyte wykonanie umowy wynik\u0142o mimo zachowania przez Biuro Rachunkowe nale\u017cytej staranno\u015bci. 6.2. Biuro Rachunkowe o\u015bwiadcza, \u017ce jest ubezpieczony od odpowiedzialno\u015bci cywilnej z tytu\u0142u ewentualnie pope\u0142nionych b\u0142\u0119d\u00f3w o kt\u00f3rym mowa w art. 76h ustawy o rachunkowo\u015bci. 6.3. Biuro rachunkowe nie ponosi odpowiedzialno\u015bci za nieprawid\u0142owe lub nieterminowe rozliczenie z organami podatkowymi a tak\u017ce za nieprawid\u0142owe prowadzenie ewidencji, sporz\u0105dzanie deklaracji i wykaz\u00f3w, prowadzenie dokumentacji kadrowej oraz za skutki us\u0142ug wymienionych w rozdzia\u0142ach 2 i 3, je\u017celi nieprawid\u0142owo\u015bci wynikaj\u0105 z winy Klienta (np. pomini\u0119cie dostarczenia dowod\u00f3w ksi\u0119gowych lub pomini\u0119cie przekazywania istotnych informacji).<\/li><li>Rozwi\u0105zanie um\u00f3w<br>7.1. Prawo do rozwi\u0105zania umowy przys\u0142uguje ka\u017cdej ze stron, zar\u00f3wno Klientowi jak i Biurze Rachunkowemu bez podania przyczyny, przy zachowaniu trzymiesi\u0119cznego okresu wypowiedzenia.<\/li><\/ol>\n\n\n\n<p>7.1.1. Wypowiedzenie umowy nale\u017cy przekaza\u0107 drugiej stronie w formie pisemnej pod rygorem niewa\u017cno\u015bci.<br>7.1.2. Okres wypowiedzenia liczona jest od ko\u0144ca miesi\u0105ca w kt\u00f3rym wypowiedzenie zosta\u0142o dostarczone drugiej stronie.<br>7.1.3. Okres wypowiedzenia mo\u017ce ulec zmianie w przypadku rozwi\u0105zania umowy za porozumieniem Stron. 7.2. Biuro Rachunkowe ma prawo wypowiedzenia umowy ze skutkiem natychmiastowym w przypadkach ra\u017c\u0105cego naruszenia warunk\u00f3w umowy przez Klienta uniemo\u017cliwiaj\u0105cych prawid\u0142owe wykonywanie obowi\u0105zk\u00f3w przez Biuro Rachunkowe. W przypadku ra\u017c\u0105cego naruszenia warunk\u00f3w umowy Klient zobowi\u0105zany jest wyp\u0142aci\u0107 Biurze Rachunkowemu odszkodowanie w wysoko\u015bci trzymiesi\u0119cznego wynagrodzenia na postawie \u015bredniej kwoty brutto faktur z ostatnich trzech miesi\u0119cy rozliczeniowej. 7.3. Za ra\u017c\u0105ce naruszenie warunk\u00f3w umowy, uzasadniaj\u0105ce wypowiedzenie umowy przez Biuro rachunkowe ze skutkiem natychmiastowym uwa\u017ca si\u0119 w szczeg\u00f3lno\u015bci: 7.3.1. wielokrotne niedostarczenie w ustalonym terminie ca\u0142o\u015bci dokument\u00f3w 7.3.2. odmowa dost\u0119pu do ksi\u0105g, wykaz\u00f3w lub ewidencji, 7.3.3. zaleganie przez Klienta zap\u0142at\u0105 wynagrodzenia za co najmniej dwa miesi\u0105ce oraz brak wsp\u00f3\u0142pracy Klienta przy realizacji umowy.<\/p>\n\n\n\n<ol class=\"wp-block-list\" start=\"8\"><li>Postanowienie ko\u0144cowe<br>8.1. Biuro Rachunkowe ma prawo przeprowadzi\u0107 zmian w og\u00f3lnych warunkach umowy przez opublikowanie nowej wersji niniejszego dokumentu.<br>8.2. O nowej wersji og\u00f3lnych warunkach umowy Biuro Rachunkowe poinformuje Klienta.<br>8.3. Klient ma prawo rozwi\u0105za\u0107 umow\u0119 bez zachowania okresu wypowiedzenia umowy w ci\u0105gu 14 dni od opublikowania nowej wersji Og\u00f3lnych Warunkach Umowy pod warunkiem, \u017ce zmiany w warunkach powoduj\u0105 Klientowi ilo\u015bciowo lub jako\u015bciowo pomniejszony poziom \u015bwiadczonych us\u0142ug. W przypadku braku z\u0142o\u017cenia wypowiedzenia po up\u0142ywie tego okresu uznaje si\u0119, \u017ce Klient zaakceptuje zmian Og\u00f3lnych Warunk\u00f3w Umowy.<br>8.4. Je\u015bli zmiany w Og\u00f3lnych Warunkach Umowy s\u0105 spowodowane przepisami obowi\u0105zuj\u0105cego w Polsce prawa lub zmian\u0105 obowi\u0105zuj\u0105cych przepis\u00f3w Prawa, Klientowi mo\u017cliwo\u015b\u0107 wypowiedzenia umowy nie przys\u0142uguje.<br>8.5. W kwestiach nieregulowanych w niniejszym dokumencie nale\u017cy stosowa\u0107 zapisy indywidualnej umowy z Klientem lub prawa polskiego, w szczeg\u00f3lno\u015bci odpowiedne artyku\u0142y Kodeksu Cywilnego., Ustawy o rachunkowo\u015bci i Ustawy AML.<br>8.6. Strony podejm\u0105 starania, aby wszelkie spory zwi\u0105zane z umow\u0105 o \u015bwiadczeniu us\u0142ug rozwi\u0105zywane by\u0142y na drodze polubownej. W przypadku braku porozumienia na drodze polubownej s\u0105dem w\u0142a\u015bciwym dla wszelkich spor\u00f3w zwi\u0105zanych z umow\u0105 o \u015bwiadczeniu us\u0142ug jest s\u0105d w\u0142a\u015bciwy dla siedziby Biura Rachunkowego.<br><\/li><\/ol>\n","protected":false},"excerpt":{"rendered":"<p>Wersja: 1.0.20210731Obowi\u0105zuje od 01 sierpnia 2021 roku.Postanowienia niniejszego dokumentu obowi\u0105zuj\u0105 w relacji mi\u0119dzy Klientem i<\/p>\n<div class=\"continue-reading-blog\"><a href=\"https:\/\/szabo.pl\/index.php\/pl\/ogolne-warunki-umowy-do-30-listopada-2025r\/\" class=\"more-link\">Continue Reading<i class=\"fa fa-long-arrow-right\"><\/i><span class=\"screen-reader-text\">Og\u00f3lne Warunki Umowy do 30 listopada 2025r<\/span><\/a><\/div>\n","protected":false},"author":1,"featured_media":0,"parent":0,"menu_order":0,"comment_status":"closed","ping_status":"closed","template":"","meta":{"footnotes":""},"class_list":["post-619","page","type-page","status-publish","hentry"],"jetpack_sharing_enabled":true,"_links":{"self":[{"href":"https:\/\/szabo.pl\/index.php\/wp-json\/wp\/v2\/pages\/619","targetHints":{"allow":["GET"]}}],"collection":[{"href":"https:\/\/szabo.pl\/index.php\/wp-json\/wp\/v2\/pages"}],"about":[{"href":"https:\/\/szabo.pl\/index.php\/wp-json\/wp\/v2\/types\/page"}],"author":[{"embeddable":true,"href":"https:\/\/szabo.pl\/index.php\/wp-json\/wp\/v2\/users\/1"}],"replies":[{"embeddable":true,"href":"https:\/\/szabo.pl\/index.php\/wp-json\/wp\/v2\/comments?post=619"}],"version-history":[{"count":2,"href":"https:\/\/szabo.pl\/index.php\/wp-json\/wp\/v2\/pages\/619\/revisions"}],"predecessor-version":[{"id":2659,"href":"https:\/\/szabo.pl\/index.php\/wp-json\/wp\/v2\/pages\/619\/revisions\/2659"}],"wp:attachment":[{"href":"https:\/\/szabo.pl\/index.php\/wp-json\/wp\/v2\/media?parent=619"}],"curies":[{"name":"wp","href":"https:\/\/api.w.org\/{rel}","templated":true}]}}