{"id":681,"date":"2022-01-14T12:11:22","date_gmt":"2022-01-14T11:11:22","guid":{"rendered":"https:\/\/szabo.pl\/?page_id=681"},"modified":"2022-04-25T18:46:36","modified_gmt":"2022-04-25T16:46:36","slug":"deklaracje-pit-2021","status":"publish","type":"page","link":"https:\/\/szabo.pl\/index.php\/pl\/deklaracje-pit-2021\/","title":{"rendered":"Deklaracje PIT 2021"},"content":{"rendered":"\n<p>Odpowied\u017a na poni\u017csze pytania. Nast\u0119pnie otrzymasz wiadomo\u015b\u0107 e-mail  z personalizowan\u0105 list\u0105 danych i dokument\u00f3w niezb\u0119dnych do przygotowania twojego zeznania podatkowego. Udzielony rabat na us\u0142ug\u0119 b\u0119dzie zale\u017ca\u0142o od daty wp\u0142ywu twojej odpowiedzi ze wszystkimi za\u0142\u0105cznikami. <\/p>\n\n\n\n<p class=\"has-larger-font-size\"><a href=\"https:\/\/szabo.pl\/index.php\/pl\/2022\/02\/04\/ulgi-podatkowe-i-odliczenia-od-podatku-pit\/\" data-type=\"post\" data-id=\"793\">W tym artykule znajdziesz informacje o ulgach podatkowych, kt\u00f3re mo\u017cna zastosowa\u0107 po 2021 roku.<\/a><\/p>\n\n\n\n<p class=\"has-huge-font-size\"><a href=\"https:\/\/szabo.pl\/index.php\/pl\/2022\/02\/04\/deklaracje-pit-2021\/\" data-type=\"post\" data-id=\"781\" target=\"_blank\" rel=\"noreferrer noopener\">Cennik za wype\u0142nienie deklaracji PIT za 2021 rok znajdziesz tutaj. Im wcze\u015bniej zam\u00f3wisz, tym lepsz\u0105 cen\u0119 mo\u017cesz dosta\u0107! <\/a><\/p>\n\n\n\n<h2 class=\"has-text-align-center has-text-color\" style=\"color:#ff0004\">Uwaga!<br>Od 27 kwietnia 2022 roku, po godzinie 11:00:00 (CEST) zam\u00f3wie\u0144 nie przyjmujemy. <\/h2>\n\n\n<div role=\"form\" class=\"wpcf7\" id=\"wpcf7-f679-o1\" lang=\"en-US\" dir=\"ltr\">\n<div class=\"screen-reader-response\"><p role=\"status\" aria-live=\"polite\" aria-atomic=\"true\"><\/p> <ul><\/ul><\/div>\n<form action=\"\/index.php\/wp-json\/wp\/v2\/pages\/681#wpcf7-f679-o1\" method=\"post\" class=\"wpcf7-form init\" novalidate=\"novalidate\" data-status=\"init\">\n<div style=\"display: none;\">\n<input type=\"hidden\" name=\"_wpcf7\" value=\"679\" \/>\n<input type=\"hidden\" name=\"_wpcf7_version\" value=\"5.5.6\" \/>\n<input type=\"hidden\" name=\"_wpcf7_locale\" value=\"en_US\" \/>\n<input type=\"hidden\" name=\"_wpcf7_unit_tag\" value=\"wpcf7-f679-o1\" \/>\n<input type=\"hidden\" name=\"_wpcf7_container_post\" value=\"0\" \/>\n<input type=\"hidden\" name=\"_wpcf7_posted_data_hash\" value=\"\" \/>\n<input type=\"hidden\" name=\"_wpcf7_recaptcha_response\" value=\"\" \/>\n<\/div>\n<table>\n<tr>\n<td>\n<label><b> Imi\u0119*<\/b><\/td>\n<td>\n    <span class=\"wpcf7-form-control-wrap firstname\"><input type=\"text\" name=\"firstname\" value=\"\" size=\"40\" class=\"wpcf7-form-control wpcf7-text wpcf7-validates-as-required\" aria-required=\"true\" aria-invalid=\"false\" \/><\/span> <\/label><\/td>\n<\/tr>\n<tr>\n<td>\n<label><b> Nazwisko*<\/b><\/td>\n<td>\n    <span class=\"wpcf7-form-control-wrap surname\"><input type=\"text\" name=\"surname\" value=\"\" size=\"40\" class=\"wpcf7-form-control wpcf7-text wpcf7-validates-as-required\" aria-required=\"true\" aria-invalid=\"false\" \/><\/span> <\/label><\/td>\n<\/tr>\n<tr>\n<td>\n<label><b>Tw\u00f3j adres email*<\/b><\/td>\n<td>\n    <span class=\"wpcf7-form-control-wrap clientemail\"><input type=\"email\" name=\"clientemail\" value=\"\" size=\"40\" class=\"wpcf7-form-control wpcf7-text wpcf7-email wpcf7-validates-as-required wpcf7-validates-as-email\" aria-required=\"true\" aria-invalid=\"false\" \/><\/span> <\/label><\/td>\n<\/tr>\n<tr>\n<td>\n<label><b>Tw\u00f3j numer telefonu*<\/b><\/td>\n<td>\n    <span class=\"wpcf7-form-control-wrap phonenr\"><input type=\"tel\" name=\"phonenr\" value=\"\" size=\"40\" class=\"wpcf7-form-control wpcf7-text wpcf7-tel wpcf7-validates-as-required wpcf7-validates-as-tel\" aria-required=\"true\" aria-invalid=\"false\" \/><\/span> <\/label><\/td>\n<\/tr>\n<tr>\n<td>\n<label><b>Chcesz zadeklarowa\u0107 doch\u00f3d ze stosunku pracy?<\/b><\/td>\n<td>\n<span class=\"wpcf7-form-control-wrap employment\"><select name=\"employment\" class=\"wpcf7-form-control wpcf7-select wpcf7-validates-as-required\" aria-required=\"true\" aria-invalid=\"false\"><option value=\"\">---<\/option><option value=\"TAK\">TAK<\/option><option value=\"NIE\">NIE<\/option><\/select><\/span><\/label><\/td>\n<\/tr>\n<tr>\n<td>\n<label><b>Zadeklarujesz dochody z zagranicy?<\/b><\/td>\n<td>\n<span class=\"wpcf7-form-control-wrap abroad\"><select name=\"abroad\" class=\"wpcf7-form-control wpcf7-select wpcf7-validates-as-required\" aria-required=\"true\" aria-invalid=\"false\"><option value=\"\">---<\/option><option value=\"TAK\">TAK<\/option><option value=\"NIE\">NIE<\/option><\/select><\/span><\/label><\/td>\n<\/tr>\n<tr>\n<td>\n<label><b>Masz dochody do zadeklarowania z innych \u017cr\u00f3de\u0142?<\/b><\/td>\n<td>\n<span class=\"wpcf7-form-control-wrap other\"><select name=\"other\" class=\"wpcf7-form-control wpcf7-select wpcf7-validates-as-required\" aria-required=\"true\" aria-invalid=\"false\"><option value=\"\">---<\/option><option value=\"TAK\">TAK<\/option><option value=\"NIE\">NIE<\/option><\/select><\/span><\/label><\/td>\n<\/tr>\n<tr>\n<td>\n<label><b>Chcesz przygotowa\u0107 deklaracj\u0119 indywidualnie czy razem z ma\u0142\u017conkiem?<\/b><\/td>\n<td>\n<span class=\"wpcf7-form-control-wrap alone\"><select name=\"alone\" class=\"wpcf7-form-control wpcf7-select wpcf7-validates-as-required\" aria-required=\"true\" aria-invalid=\"false\"><option value=\"\">---<\/option><option value=\"Indywidualnie\">Indywidualnie<\/option><option value=\"Wsp\u00f3\u0142nie z ma\u0142\u017conkiem\">Wsp\u00f3\u0142nie z ma\u0142\u017conkiem<\/option><option value=\"Jako osoba samotnie wychowuj\u0105ca dziecko\">Jako osoba samotnie wychowuj\u0105ca dziecko<\/option><\/select><\/span><\/label><\/td>\n<\/tr>\n<tr>\n<td>\n<label><b>Masz dzieci?<\/b><\/td>\n<td>\n<span class=\"wpcf7-form-control-wrap kids\"><select name=\"kids\" class=\"wpcf7-form-control wpcf7-select wpcf7-validates-as-required\" aria-required=\"true\" aria-invalid=\"false\"><option value=\"\">---<\/option><option value=\"TAK\">TAK<\/option><option value=\"NIE\">NIE<\/option><\/select><\/span><\/label><\/td>\n<\/tr>\n<tr>\n<td>\n<label><b>Korzysta\u0142e\u015b  ju\u017c z ulgi na Internet?<\/b><\/td>\n<td>\n<span class=\"wpcf7-form-control-wrap internet\"><select name=\"internet\" class=\"wpcf7-form-control wpcf7-select wpcf7-validates-as-required\" aria-required=\"true\" aria-invalid=\"false\"><option value=\"\">---<\/option><option value=\"TAK, w 2020 roku\">TAK, w 2020 roku<\/option><option value=\"TAK, w 2019 roku i\/lub wcze\u015bniej\">TAK, w 2019 roku i\/lub wcze\u015bniej<\/option><option value=\"Jeszcze nie\">Jeszcze nie<\/option><\/select><\/span><\/label><\/td>\n<\/tr>\n<tr>\n<td>\n<label><b>Jeste\u015b w\u0142a\u015bcicielem budynku mieszkalnego, gdzie przeprowadzisz projekt termomodernizacji?<\/b><\/td>\n<td>\n<span class=\"wpcf7-form-control-wrap thermo\"><select name=\"thermo\" class=\"wpcf7-form-control wpcf7-select wpcf7-validates-as-required\" aria-required=\"true\" aria-invalid=\"false\"><option value=\"\">---<\/option><option value=\"TAK\">TAK<\/option><option value=\"NIE\">NIE<\/option><\/select><\/span><\/label><\/td>\n<\/tr>\n<tr>\n<td>\n<label><b>P\u0142aci\u0142e\u015b sk\u0142adki na Indywidualne Konto Zabezpieczenia Emerytalnego(IKZE) ?<\/b><\/td>\n<td>\n<span class=\"wpcf7-form-control-wrap ikze\"><select name=\"ikze\" class=\"wpcf7-form-control wpcf7-select wpcf7-validates-as-required\" aria-required=\"true\" aria-invalid=\"false\"><option value=\"\">---<\/option><option value=\"TAK\">TAK<\/option><option value=\"NIE\">NIE<\/option><\/select><\/span><\/label><\/td>\n<\/tr>\n<tr>\n<td>\n<label><b> Nale\u017cysz do os\u00f3b z niepe\u0142nosprawno\u015bci\u0105 lub kto\u015b z twoich podopiecznych?<\/b><\/td>\n<td>\n<span class=\"wpcf7-form-control-wrap disability\"><select name=\"disability\" class=\"wpcf7-form-control wpcf7-select wpcf7-validates-as-required\" aria-required=\"true\" aria-invalid=\"false\"><option value=\"\">---<\/option><option value=\"TAK\">TAK<\/option><option value=\"NIE\">NIE<\/option><\/select><\/span><\/label><\/td>\n<\/tr>\n<tr>\n<td>\n<label><b> Przekaza\u0142e\u015b darowizny na rzecz organizacji po\u017cytku publicznego lub ko\u015bcio\u0142\u00f3w?<\/b><\/td>\n<td>\n<span class=\"wpcf7-form-control-wrap donation\"><select name=\"donation\" class=\"wpcf7-form-control wpcf7-select wpcf7-validates-as-required\" aria-required=\"true\" aria-invalid=\"false\"><option value=\"\">---<\/option><option value=\"TAK\">TAK<\/option><option value=\"NIE\">NIE<\/option><\/select><\/span><\/label><\/td>\n<\/tr>\n<tr>\n<td>\n<label><b>Nale\u017cysz do grona krwiodawc\u00f3w oddaj\u0105cych krew lub osocze?<\/b><\/td>\n<td>\n<span class=\"wpcf7-form-control-wrap blood\"><select name=\"blood\" class=\"wpcf7-form-control wpcf7-select wpcf7-validates-as-required\" aria-required=\"true\" aria-invalid=\"false\"><option value=\"\">---<\/option><option value=\"TAK\">TAK<\/option><option value=\"NIE\">NIE<\/option><\/select><\/span><\/label><\/td>\n<\/tr>\n<tr>\n<td>\n<label><b>Przekaza\u0142e\u015b darowizny na rzecz walki z Covid-19?<\/b><\/td>\n<td>\n<span class=\"wpcf7-form-control-wrap covid\"><select name=\"covid\" class=\"wpcf7-form-control wpcf7-select wpcf7-validates-as-required\" aria-required=\"true\" aria-invalid=\"false\"><option value=\"\">---<\/option><option value=\"TAK\">TAK<\/option><option value=\"NIE\">NIE<\/option><\/select><\/span><\/label><\/td>\n<\/tr>\n<tr>\n<td>\n<label><b>Przekaza\u0142e\u015b komputery lub tablety instytucjom edukacyjnym?<\/b><\/td>\n<td>\n<span class=\"wpcf7-form-control-wrap tablet\"><select name=\"tablet\" class=\"wpcf7-form-control wpcf7-select wpcf7-validates-as-required\" aria-required=\"true\" aria-invalid=\"false\"><option value=\"\">---<\/option><option value=\"TAK\">TAK<\/option><option value=\"NIE\">NIE<\/option><\/select><\/span><\/label><\/td>\n<\/tr>\n<tr>\n<td colspan=2>\n<p><label> Dodatkowe informacje, kt\u00f3re mog\u0105 by\u0107 wa\u017cne w zwi\u0105zku z twoim zeznaniem podatkowym:<br \/>\n    <span class=\"wpcf7-form-control-wrap your-message\"><textarea name=\"your-message\" cols=\"40\" rows=\"10\" class=\"wpcf7-form-control wpcf7-textarea\" aria-invalid=\"false\"><\/textarea><\/span> <\/label><\/td>\n<\/tr>\n<tr>\n<td>Zazna\u0107 prosz\u0119 ten kwadracik, je\u015bli zgadzasz si\u0119 na przetwarzanie twoich danych osobowych. Poni\u017cej znajdziesz Polityk\u0119 Prywatno\u015bci i tekst twojej zgody na przetwarzania danych.<br \/>\n<label><span class=\"wpcf7-form-control-wrap gdpr\"><span class=\"wpcf7-form-control wpcf7-acceptance\"><span class=\"wpcf7-list-item\"><label><input type=\"checkbox\" name=\"gdpr\" value=\"1\" aria-invalid=\"false\" \/><span class=\"wpcf7-list-item-label\">TAK, zgadzam si\u0119.<\/span><\/label><\/span><\/span><\/span><\/label><\/td>\n<td>\n\n<p><input type=\"submit\" value=\"Send\" class=\"wpcf7-form-control has-spinner wpcf7-submit\" \/><\/td>\n<\/tr>\n<\/table>\n<div class=\"wpcf7-response-output\" aria-hidden=\"true\"><\/div><\/form><\/div>\n\n\n\n<p><strong>Czy si\u0119 zgadzasz z <a href=\"https:\/\/szabo.pl\/index.php\/pl\/polityka-prywatnosci-polityka-ochrony-danych-osobowych\/\" data-type=\"page\" data-id=\"467\">Polityk\u0105 Prywatno\u015bci<\/a> i na przetwarzanie twoich danych osobowych? Je\u017celi tak, zaakceptujesz <a href=\"https:\/\/szabo.pl\/index.php\/pl\/zgoda-na-przetwarzanie-danych-osobowych\/\" data-type=\"page\" data-id=\"791\">o\u015bwiadczenie o twojej zgodzie<\/a> tutaj. <\/strong><\/p>\n\n\n\n<p> Po wys\u0142aniu formularza otrzymasz wiadomo\u015b\u0107 email z list\u0105 danych i dokument\u00f3w niezb\u0119dnych do wykonania us\u0142ugi.<\/p>\n\n\n\n<p><\/p>\n\n\n\n<p><\/p>\n","protected":false},"excerpt":{"rendered":"<p>Odpowied\u017a na poni\u017csze pytania. Nast\u0119pnie otrzymasz wiadomo\u015b\u0107 e-mail z personalizowan\u0105 list\u0105 danych i dokument\u00f3w niezb\u0119dnych<\/p>\n<div class=\"continue-reading-blog\"><a href=\"https:\/\/szabo.pl\/index.php\/pl\/deklaracje-pit-2021\/\" class=\"more-link\">Continue Reading<i class=\"fa fa-long-arrow-right\"><\/i><span class=\"screen-reader-text\">Deklaracje PIT 2021<\/span><\/a><\/div>\n","protected":false},"author":1,"featured_media":0,"parent":0,"menu_order":0,"comment_status":"closed","ping_status":"closed","template":"","meta":{"footnotes":""},"class_list":["post-681","page","type-page","status-publish","hentry"],"jetpack_sharing_enabled":true,"_links":{"self":[{"href":"https:\/\/szabo.pl\/index.php\/wp-json\/wp\/v2\/pages\/681","targetHints":{"allow":["GET"]}}],"collection":[{"href":"https:\/\/szabo.pl\/index.php\/wp-json\/wp\/v2\/pages"}],"about":[{"href":"https:\/\/szabo.pl\/index.php\/wp-json\/wp\/v2\/types\/page"}],"author":[{"embeddable":true,"href":"https:\/\/szabo.pl\/index.php\/wp-json\/wp\/v2\/users\/1"}],"replies":[{"embeddable":true,"href":"https:\/\/szabo.pl\/index.php\/wp-json\/wp\/v2\/comments?post=681"}],"version-history":[{"count":8,"href":"https:\/\/szabo.pl\/index.php\/wp-json\/wp\/v2\/pages\/681\/revisions"}],"predecessor-version":[{"id":874,"href":"https:\/\/szabo.pl\/index.php\/wp-json\/wp\/v2\/pages\/681\/revisions\/874"}],"wp:attachment":[{"href":"https:\/\/szabo.pl\/index.php\/wp-json\/wp\/v2\/media?parent=681"}],"curies":[{"name":"wp","href":"https:\/\/api.w.org\/{rel}","templated":true}]}}