{"id":791,"date":"2022-02-04T22:04:04","date_gmt":"2022-02-04T21:04:04","guid":{"rendered":"https:\/\/szabo.pl\/?page_id=791"},"modified":"2022-02-04T23:07:55","modified_gmt":"2022-02-04T22:07:55","slug":"zgoda-na-przetwarzanie-danych-osobowych","status":"publish","type":"page","link":"https:\/\/szabo.pl\/index.php\/pl\/zgoda-na-przetwarzanie-danych-osobowych\/","title":{"rendered":"Zgoda na przetwarzanie danych osobowych"},"content":{"rendered":"\n<p>Na podstawie art. 7 ust. 1 Rozporz\u0105dzenia Parlamentu Europejskiego i Rady (UE) 2016\/679 z dnia 27 kwietnia<br>2016 r. w sprawie ochrony os\u00f3b fizycznych w zwi\u0105zku z przetwarzaniem danych osobowych<br>i w sprawie swobodnego przep\u0142ywu takich danych oraz uchylenia dyrektywy 95\/46\/WE (Dz. Urz. UE.L Nr 119,<br>str. 1), dalej \u201eRODO\u201d, o<\/p>\n\n\n\n<p>z wys\u0142aniem formularza zgadzam si\u0119 na przetwarzanie danych osobowych przekazanych przeze mnie za pomoc\u0105 formularza przez Us\u0142ugodawc\u0119 z celu realizacji us\u0142ugi zam\u00f3wionej.<\/p>\n\n\n\n<p>Przedmiotem przetwarzania danych s\u0105:<\/p>\n\n\n\n<ul class=\"wp-block-list\"><li>Dane identyfikacyjne osoby<ul><li>Nazwisko,<\/li><li>Imi\u0119<\/li><li>Data urodzenia<\/li><li>Numer identyfikacji podatkowej<\/li><li>Numer identyfikacji podatkowej osobistej<\/li><\/ul><\/li><li>Dane o dochodach ( Deklaracje, o\u015bwiadczenia, rachunki )<\/li><li>Dane finansowe (numer rachunku bankowego)<\/li><li>Dane i dokumenty przekazane w postaci wiadomo\u015bci email po wype\u0142nieniu formularza.<\/li><\/ul>\n\n\n\n<p>Mam \u015bwiadomo\u015b\u0107 o tym, \u017ce w ka\u017cdej chwili mog\u0119 wycofa\u0107 moj\u0105 zgod\u0119 na przetwarzanie danych przez wniosek wys\u0142any na adres: gergo@szabo.pl<\/p>\n\n\n\n<p>Moje o\u015bwiadczenie o powy\u017cszych zostanie zapisane w systemie elektronicznym.<\/p>\n","protected":false},"excerpt":{"rendered":"<p>Na podstawie art. 7 ust. 1 Rozporz\u0105dzenia Parlamentu Europejskiego i Rady (UE) 2016\/679 z dnia<\/p>\n<div class=\"continue-reading-blog\"><a href=\"https:\/\/szabo.pl\/index.php\/pl\/zgoda-na-przetwarzanie-danych-osobowych\/\" class=\"more-link\">Continue Reading<i class=\"fa fa-long-arrow-right\"><\/i><span class=\"screen-reader-text\">Zgoda na przetwarzanie danych osobowych<\/span><\/a><\/div>\n","protected":false},"author":1,"featured_media":0,"parent":0,"menu_order":0,"comment_status":"closed","ping_status":"closed","template":"","meta":{"footnotes":""},"class_list":["post-791","page","type-page","status-publish","hentry"],"jetpack_sharing_enabled":true,"_links":{"self":[{"href":"https:\/\/szabo.pl\/index.php\/wp-json\/wp\/v2\/pages\/791","targetHints":{"allow":["GET"]}}],"collection":[{"href":"https:\/\/szabo.pl\/index.php\/wp-json\/wp\/v2\/pages"}],"about":[{"href":"https:\/\/szabo.pl\/index.php\/wp-json\/wp\/v2\/types\/page"}],"author":[{"embeddable":true,"href":"https:\/\/szabo.pl\/index.php\/wp-json\/wp\/v2\/users\/1"}],"replies":[{"embeddable":true,"href":"https:\/\/szabo.pl\/index.php\/wp-json\/wp\/v2\/comments?post=791"}],"version-history":[{"count":1,"href":"https:\/\/szabo.pl\/index.php\/wp-json\/wp\/v2\/pages\/791\/revisions"}],"predecessor-version":[{"id":792,"href":"https:\/\/szabo.pl\/index.php\/wp-json\/wp\/v2\/pages\/791\/revisions\/792"}],"wp:attachment":[{"href":"https:\/\/szabo.pl\/index.php\/wp-json\/wp\/v2\/media?parent=791"}],"curies":[{"name":"wp","href":"https:\/\/api.w.org\/{rel}","templated":true}]}}