{"id":933,"date":"2022-05-04T22:38:09","date_gmt":"2022-05-04T20:38:09","guid":{"rendered":"https:\/\/szabo.pl\/?page_id=933"},"modified":"2022-05-09T22:28:03","modified_gmt":"2022-05-09T20:28:03","slug":"regulamin-zakupow-online","status":"publish","type":"page","link":"https:\/\/szabo.pl\/index.php\/regulamin-zakupow-online\/","title":{"rendered":"Regulamin zakup\u00f3w online"},"content":{"rendered":"\n<p>Niniejszy dokument zawiera og\u00f3lne warunki zakupu w sklepie internetowym szabo.pl (zwany dalej Serwisem) udost\u0119pnionego przez przedsi\u0119biorstwo szabo.pl GERG\u00d6 SZABO (zwany dalej Us\u0142ugodawc\u0105).<\/p>\n\n\n\n<p>Informacje techniczne potrzebne do korzystania z Serwisu, i nie s\u0105 zawarte w niniejszym dokumencie, s\u0105 udost\u0119pnione na w\u0142a\u015bciwych stronach Serwisu.<\/p>\n\n\n\n<p>Umowy konsumenckie s\u0105 zawarte za pomoc\u0105 Serwisu, jest umow\u0105 zawart\u0105 za pomoc\u0105 \u015brodk\u00f3w porozumienia si\u0119 na odleg\u0142o\u015b\u0107.<\/p>\n\n\n\n<p><strong>Dane firmy Us\u0142ugodawcy:<\/strong><\/p>\n\n\n\n<p>nazwa: szabo.pl GERG\u00d6 SZABO<\/p>\n\n\n\n<p>siedziba: 34-105 Wysoka 160B<\/p>\n\n\n\n<p>NIP: 6762446588<\/p>\n\n\n\n<p>REGON: 382812638<\/p>\n\n\n\n<p>Jednoosobowa dzia\u0142alno\u015b\u0107 gospodarcza wpisane do rejestru Centralnej Ewidencji i Informacji o Dzia\u0142alno\u015bci Gospodarczej Rzeczypospolitej Polskiej (CEIDG) przez Ministerstwo Przedsi\u0119biorczo\u015bci i Technologii (nr wniosku 000456330\/2019).<\/p>\n\n\n\n<p>email c\u00edm: gergo@szabo.pl<\/p>\n\n\n\n<p>Telefon: +48&nbsp;518&nbsp;190&nbsp;840<\/p>\n\n\n\n<h2 class=\"wp-block-heading\"><strong>Wyb\u00f3r produktu<\/strong><\/h2>\n\n\n\n<p>Klient ma mo\u017cliwo\u015b\u0107 wybra\u0107 i zamawia\u0107 us\u0142ug\u0119 z oferty sklepu wraz z rezerwacj\u0105 terminu na jej realizacji. Klikaj\u0105c na symbol wybranego produktu\/us\u0142ugi (zwany dalej Produktem) mo\u017ce si\u0119 rozpozna\u0107 z szczeg\u00f3\u0142owym opisem Produktu. Przy ch\u0119ci zakupu wybranego Produktu, Klient klikaj\u0105c na przycisk wk\u0142ada go do wirtualnego koszyka. Niekt\u00f3re produkty posiadaj\u0105 dodatkowe parametry, kt\u00f3re wi\u0105zane s\u0105 dodatkowymi us\u0142ugami. Cena dodatkowych us\u0142ug jest widoczna Klientowi na poziomie wyboru produktu.<\/p>\n\n\n\n<p>Klikaj\u0105c na przycisk lub ikonk\u0119 wirtualnego koszyka, mo\u017cna znale\u017a\u0107 Produkty uprzednio wybrane do zakupu. W tym miejscu mo\u017cna sprawdzi\u0107 przygotowane zam\u00f3wienie, zw\u0142aszcza ilo\u015bci Produkt\u00f3w (o ile dotyczy), sum\u0119 cen zakupu oraz koszty wysy\u0142ki. W tym miejscu mo\u017cna tak\u017ce zmieni\u0107 i poprawi\u0107 zam\u00f3wienie przed wys\u0142aniem. Koszyk przeliczy sum\u0119 zam\u00f3wienia automatycznie.<\/p>\n\n\n\n<p>Wys\u0142anie zam\u00f3wienia<\/p>\n\n\n\n<p>Po sprawdzaniu ilo\u015bci Produkt\u00f3w w koszyku, oraz ostatecznej ceny Klient zdecyduje si\u0119 na zakup, kliknie na przycisk: \u201ePrzejd\u017a do Kasy\u201d. Potem ma mo\u017cliwo\u015b\u0107 wybra\u0107 czy chce si\u0119 zalogowa\u0107 do serwisu jako U\u017cytkownik zarejestrowany, zarejestrowa\u0107 si\u0119 jako nowy u\u017cytkownik lub ewentualnie robi\u0107 zakupy bez rejestracji.<\/p>\n\n\n\n<p>Je\u015bli ju\u017c wcze\u015bniej z\u0142o\u017cy\u0142 zam\u00f3wienie w serwise, prosimy poda\u0107 adres email u\u017cywanego do rejestracji U\u017cytkownika, oraz has\u0142o. Je\u015bli chce si\u0119 zarejestrowa\u0107 jako nowy U\u017cytkownik, prosimy poda\u0107 dane potrzebne do zakupu, kt\u00f3re b\u0119d\u0105 przetwarzane w serwisie i z okazji ponownych zakup\u00f3w u\u0142atwia zam\u00f3wienie jednorazowym zalogowaniem si\u0119 do serwisu. W przypadku zakup\u00f3w bez rejestracji prosimy poda\u0107 adres do wysy\u0142ki (je\u015bli dotyczy) i do rozliczenia.<\/p>\n\n\n\n<p>W nast\u0119pnym kroku prosimy wybra\u0107 metod\u0119 i p\u0142atno\u015bci<\/p>\n\n\n\n<h2 class=\"wp-block-heading\">Ceny<\/h2>\n\n\n\n<p>Ceny podane w Serwisie s\u0105 cenami wed\u0142ug aktualnego cenniku w chwili zam\u00f3wienia, kt\u00f3re znajduj\u0105 si\u0119 przypisane do poszczeg\u00f3lnych produkt\u00f3w. Ceny brutto, zawieraj\u0105 podatek od towar\u00f3w i us\u0142ug (VAT), ale te ceny nie zawieraj\u0105 ewentualne koszty dostawy (opakowania i transportu).<\/p>\n\n\n\n<p>Cena wysy\u0142ki (je\u015bli dotyczy) zostanie doliczone do zam\u00f3wienia w trakcie procesu p\u0142atno\u015bci. Te ceny mo\u017cna sprawdzi\u0107 w sekcji \u201eDostawa i p\u0142atno\u015b\u0107\u201d. W przypadku brak\u00f3w lub b\u0142\u0119du przy produktach lub cenach, zastrzegamy sobie prawo do korekty. W takim przypadku po poprawie b\u0142\u0119du niezw\u0142ocznie informujemy Klienta o nowych parametrach. Klient ma mo\u017cliwo\u015b\u0107 potwierdzenia zam\u00f3wienia i obie strony maj\u0105 prawo odst\u0105pi\u0107 od umowy.<\/p>\n\n\n\n<p>Za b\u0142\u0119dnie podawane ceny, nast\u0105pione mimo nale\u017cytej staranno\u015bci i\/lub spowodowane b\u0142\u0119dem technicznym systemu oraz za cen podanych z ewentualnej oczywistej omy\u0142ki (n.p. 0,00 z\u0142,-) Us\u0142ugodawca nie ponosi odpowiedzialno\u015bci.<\/p>\n\n\n\n<p>Przy korzystaniu kt\u00f3rejkolwiek promocyjnej oferty, innych rabat\u00f3w dodatkowo zrealizowa\u0107 nie mo\u017cna.<\/p>\n\n\n\n<h2 class=\"wp-block-heading\">Przetwarzanie zam\u00f3wienia<\/h2>\n\n\n\n<p>Zam\u00f3wienie s\u0105 przetwarzane w ci\u0105gu 48 godzin.<\/p>\n\n\n\n<h3 class=\"wp-block-heading\">Mo\u017cliwo\u015b\u0107 poprawienia b\u0142\u0119d\u00f3w w zam\u00f3wieniu.<\/h3>\n\n\n\n<p>Na ewentualnie b\u0142\u0119dy w podsumowaniu zam\u00f3wienia mo\u017cna poprawia\u0107 przed potwierdzeniem zam\u00f3wienia z przyciskiem<strong> \u201eZamawiam\u201d<\/strong>.<\/p>\n\n\n\n<h3 class=\"wp-block-heading\">Potwierdzenie zam\u00f3wienia<\/h3>\n\n\n\n<p>O ka\u017cdym zam\u00f3wieniu wysy\u0142amy potwierdzenie w formie wiadomo\u015bci email. To znaczy, \u017ce po z\u0142o\u017ceniu zam\u00f3wienia Klient dostanie automatycznie wygenerowan\u0105 wiadomo\u015b\u0107 email o otrzymaniu zam\u00f3wienia i (p\u00f3\u017aniej) jeszcze jedn\u0105 wiadomo\u015b\u0107 z przewidywalnym terminem dostawy. W przypadku potrzeby telefonicznego uzgodnienia, prosimy o kontakt z Us\u0142ugodawc\u0105 lub dzwoni\u0107 na jeden z numer\u00f3w telefonicznych wys\u0142anych w potwierdzeniu zam\u00f3wienia.<\/p>\n\n\n\n<h2 class=\"wp-block-heading\">P\u0142atno\u015bci<\/h2>\n\n\n\n<p>P\u0142atno\u015bci w Serwise s\u0105 obs\u0142ugiwane przez us\u0142ug\u0119 imoje<\/p>\n\n\n\n<figure class=\"wp-block-image size-full\"><img loading=\"lazy\" decoding=\"async\" width=\"718\" height=\"90\" src=\"https:\/\/szabo.pl\/wp-content\/uploads\/2022\/05\/718x90_PL-2.png\" alt=\"\" class=\"wp-image-947\" srcset=\"https:\/\/szabo.pl\/wp-content\/uploads\/2022\/05\/718x90_PL-2.png 718w, https:\/\/szabo.pl\/wp-content\/uploads\/2022\/05\/718x90_PL-2-300x38.png 300w, https:\/\/szabo.pl\/wp-content\/uploads\/2022\/05\/718x90_PL-2-600x75.png 600w\" sizes=\"auto, (max-width: 718px) 100vw, 718px\" \/><\/figure>\n\n\n\n<p>Us\u0142uga imoje \u015bwiadczona jest przez ING Bank \u015al\u0105ski SA., ul. Sokolska 34, 40-086 Katowice, wpisany do Rejestru Przedsi\u0119biorc\u00f3w w S\u0105dzie Rejonowym Katowice &#8211; Wsch\u00f3d Wydzia\u0142 VIII Gospodarczy Krajowego Rejestru S\u0105dowego pod numerem KRS 0000005459, kapita\u0142 zak\u0142adowy w kwocie 130.100.000,00 z\u0142 op\u0142acony w ca\u0142o\u015bci, NIP: 634-013-54-75, REGON: 271514909 jest zewn\u0119trznym systemem p\u0142atniczym.<\/p>\n\n\n\n<h3 class=\"wp-block-heading\">Udost\u0119pnione formy p\u0142atno\u015bci s\u0105:<\/h3>\n\n\n\n<ul class=\"wp-block-list\"><li>Przelew bankowy<\/li><li>Szybki przelew przez us\u0142ug\u0119 imoje<\/li><li>P\u0142atno\u015b\u0107 BLIK przez us\u0142ug\u0119 imoje<\/li><li>P\u0142atno\u015b\u0107 kart\u0105 p\u0142atnicz\u0105 przez us\u0142ug\u0119 imoje<\/li><\/ul>\n\n\n\n<h2 class=\"wp-block-heading\">Dostawa<\/h2>\n\n\n\n<p>Ze wzgl\u0119du na charakterystyk\u0119 dzia\u0142alno\u015bci us\u0142ugodawcy realizacja us\u0142ug mo\u017ce si\u0119 odby\u0107 w trybie on-line, telefonicznie, za pomoc\u0105 komunikatora internetowego.<\/p>\n\n\n\n<p>Po wykonaniu us\u0142ugi materia\u0142y s\u0105 przygotowane w formie cyfrowym i wys\u0142ane do Klienta na podany uprzednio adres email.<\/p>\n\n\n\n<p>Przy ewentualnej potrzeby wysy\u0142ki fizycznego materia\u0142u, cena is spos\u00f3b wysy\u0142ki podlega indywidualnej ofercie.<\/p>\n\n\n\n<h2 class=\"wp-block-heading\">Odst\u0105pienie od us\u0142ugi.<\/h2>\n\n\n\n<p>Je\u015bli Us\u0142ugodawca nie mo\u017ce zrealizowa\u0107 zobowi\u0105zania dlatego, \u017ce okre\u015blonej us\u0142ugi nie mo\u017ce wykona\u0107, jest zobowi\u0105zany o tym poinformowa\u0107 Klienta.<\/p>\n\n\n\n<p>Us\u0142ugodawca nie zawiera um\u00f3w z nieletnimi. Zamawiaj\u0105cy przy akceptacji warunk\u00f3w umowy o\u015bwiadcza, \u017ce jest osob\u0105 pe\u0142noletni\u0105.<\/p>\n\n\n\n<p>Us\u0142ugodawca mo\u017ce odst\u0105pi\u0107 od realizacji us\u0142ugi na podstawie Procedury w zakresie przeciwdzia\u0142ania praniu pieni\u0119dzy oraz finansowaniu terroryzmu.<\/p>\n\n\n\n<p>W przypadku us\u0142ug z zakresu ksi\u0119gowo\u015bci i rachunkowo\u015bci Us\u0142ugodawca ma prawo zastosowa\u0107 \u015brodki bezpiecze\u0144stwa finansowego opisane w Procedurze w zakresie przeciwdzia\u0142ania praniu pieni\u0119dzy oraz finansowaniu terroryzmu. W przypadku braku mo\u017cliwo\u015bci zastosowania \u015brodka bezpiecze\u0144stwa finansowego do umawianego terminu realizacji zamawianej us\u0142ugi z winy Klienta, Us\u0142ugodawca mo\u017ce odst\u0105pi\u0107 od realizacji us\u0142ugi z zachowaniem wynagrodzenia.<\/p>\n\n\n\n<h2 class=\"wp-block-heading\">Odst\u0105pienie od umowy<\/h2>\n\n\n\n<p>Klient, osoba fizyczna zawieraj\u0105ca umowy z Us\u0142ugodawc\u0105, niezwi\u0105zanej bezpo\u015brednio z&nbsp;jej dzia\u0142alno\u015bci\u0105 gospodarcz\u0105 lub zawodow\u0105 uwa\u017ca si\u0119 za Konsumenta.<\/p>\n\n\n\n<ol class=\"wp-block-list\" type=\"1\"><li>Konsument, kt\u00f3ry w Serwisie zawar\u0142 Umow\u0119 sprzeda\u017cy Produktu mo\u017ce odst\u0105pi\u0107 od niej bez podawania jakiejkolwiek przyczyny i bez ponoszenia koszt\u00f3w, z wyj\u0105tkiem koszt\u00f3w, o kt\u00f3rych mowa poni\u017cej.<\/li><li>Przedsi\u0119biorca dokonuj\u0105cego zakup\u00f3w w celach niezwi\u0105zanych z prowadzon\u0105 dzia\u0142alno\u015bci\u0105, kt\u00f3ry w Serwisie zawar\u0142 Umow\u0119 sprzeda\u017cy Produktu mo\u017ce odst\u0105pi\u0107 od niej na to\u017csamej zasadzie jak Konsument.<\/li><li>Terminu do odst\u0105pienia od Umowy sprzeda\u017cy Produktu wygasa po up\u0142ywie 14 dni od obj\u0119cia Towaru w posiadanie przez Konsumenta lub wskazan\u0105 przez niego osob\u0119 trzeci\u0105, inn\u0105 ni\u017c przewo\u017anik, a w przypadku gdy Umowa sprzeda\u017cy obejmuje wiele Towar\u00f3w, kt\u00f3re s\u0105 dostarczane osobno, partiami lub w cz\u0119\u015bciach \u2013 od obj\u0119cia w posiadanie ostatniego Towaru, partii lub cz\u0119\u015bci, dla pozosta\u0142ych um\u00f3w, w tym um\u00f3w o \u015bwiadczenie Us\u0142ug Dodatkowych \u2013 od dnia ich zawarcia.<\/li><li><strong>Je\u017celi zakupiony Produkt dotyczy us\u0142ugi z zarezerwowanym terminem, w 14 dni, liczone od momentu zakupu, Kupuj\u0105cy zrezygnuje z prawa odst\u0105pienia od umowy, wymienionym powy\u017cej.<\/strong><\/li><li>Uprawnienie do odst\u0105pienia od Umowy sprzeda\u017cy Produktu mo\u017ce zosta\u0107 zrealizowane przez Konsumenta poprzez przes\u0142anie jednoznacznego o\u015bwiadczenia o odst\u0105pieniu na adres: szabo.pl GERG\u00d6 SZAB\u00d3, 34-105 Wysoka 160B lub emailem na adres biuro@szabo.pl<\/li><li>W przypadku odst\u0105pienia od Umowy sprzeda\u017cy Produktu w terminie d\u0142u\u017cszym ni\u017c 14 dni przed zarezerwowanym terminem realizacji us\u0142ugi Us\u0142ugodawca zwraca wszystkie otrzymane od Konsumenta p\u0142atno\u015bci, (z wyj\u0105tkiem dodatkowych koszt\u00f3w wynikaj\u0105cych z wybranego przez Konsumenta sposobu dostarczenia innego ni\u017c najta\u0144szy zwyk\u0142y spos\u00f3b dostarczenia oferowany przez Us\u0142ugodawc\u0119 us\u0142ug), niezw\u0142ocznie, a w ka\u017cdym przypadku nie p\u00f3\u017aniej ni\u017c 14 dni od dnia, w kt\u00f3rym Us\u0142ugodawca zosta\u0142 poinformowany o decyzji Konsumenta o wykonaniu prawa odst\u0105pienia od Umowy sprzeda\u017cy. Zwrot p\u0142atno\u015bci zostanie dokonany przy u\u017cyciu takich samych sposob\u00f3w p\u0142atno\u015bci, jakie zosta\u0142y u\u017cyte przez Konsumenta w pierwotnej transakcji, chyba \u017ce Konsument wyra\u017anie zgodzi\u0142 si\u0119 na inne rozwi\u0105zanie; w ka\u017cdym przypadku Konsument nie ponosi \u017cadnych op\u0142at w zwi\u0105zku z tym zwrotem.<\/li><li>W przypadku odst\u0105pienie od umowy w terminie ni\u017c 14 dni lub kr\u00f3tszym przed realizacj\u0105 zam\u00f3wionej us\u0142ugi z zarezerwowanym terminem, Us\u0142ugodawca zachowuje prawo do wynagrodzenia za zarezerwowany. Zap\u0142acona kwota nie podlega zwrotowi lub innej kompensacie.<\/li><\/ol>\n\n\n\n<p>Klient, nie b\u0119d\u0105cy Konsumentem wed\u0142ug wy\u017cej wymienionej definicji, w tym przedsi\u0119biorca.<\/p>\n\n\n\n<h2 class=\"wp-block-heading\">Reklamacje<\/h2>\n\n\n\n<p>Reklamacje nale\u017cy zg\u0142osi\u0107 Us\u0142ugodawcy w najkr\u00f3tszym mo\u017cliwym terminie w pi\u015bmie na adres: szabo.pl GERG\u00d6 SZAB\u00d3, 34-105 Wysoka 160B lub emailem na adres biuro@szabo.pl  <\/p>\n\n\n\n<p>Reklamacje s\u0105 rozpatrywane w \u015bwietle <a href=\"https:\/\/szabo.pl\/index.php\/pl\/ogolne-warunki-umowy\/\" data-type=\"page\" data-id=\"619\">Og\u00f3lnych Warunk\u00f3w Umowy. https:\/\/szabo.pl\/index.php\/pl\/ogolne-warunki-umowy\/<\/a><\/p>\n\n\n\n<p>Reklamacje s\u0105 rozpatrywane w ci\u0105gu 48 godzin od zg\u0142oszenia. <\/p>\n\n\n\n<p><\/p>\n","protected":false},"excerpt":{"rendered":"<p>Niniejszy dokument zawiera og\u00f3lne warunki zakupu w sklepie internetowym szabo.pl (zwany dalej Serwisem) udost\u0119pnionego przez<\/p>\n<div class=\"continue-reading-blog\"><a href=\"https:\/\/szabo.pl\/index.php\/regulamin-zakupow-online\/\" class=\"more-link\">Continue Reading<i class=\"fa fa-long-arrow-right\"><\/i><span class=\"screen-reader-text\">Regulamin zakup\u00f3w online<\/span><\/a><\/div>\n","protected":false},"author":1,"featured_media":0,"parent":0,"menu_order":0,"comment_status":"closed","ping_status":"closed","template":"","meta":{"footnotes":""},"class_list":["post-933","page","type-page","status-publish","hentry"],"jetpack_sharing_enabled":true,"_links":{"self":[{"href":"https:\/\/szabo.pl\/index.php\/wp-json\/wp\/v2\/pages\/933","targetHints":{"allow":["GET"]}}],"collection":[{"href":"https:\/\/szabo.pl\/index.php\/wp-json\/wp\/v2\/pages"}],"about":[{"href":"https:\/\/szabo.pl\/index.php\/wp-json\/wp\/v2\/types\/page"}],"author":[{"embeddable":true,"href":"https:\/\/szabo.pl\/index.php\/wp-json\/wp\/v2\/users\/1"}],"replies":[{"embeddable":true,"href":"https:\/\/szabo.pl\/index.php\/wp-json\/wp\/v2\/comments?post=933"}],"version-history":[{"count":5,"href":"https:\/\/szabo.pl\/index.php\/wp-json\/wp\/v2\/pages\/933\/revisions"}],"predecessor-version":[{"id":963,"href":"https:\/\/szabo.pl\/index.php\/wp-json\/wp\/v2\/pages\/933\/revisions\/963"}],"wp:attachment":[{"href":"https:\/\/szabo.pl\/index.php\/wp-json\/wp\/v2\/media?parent=933"}],"curies":[{"name":"wp","href":"https:\/\/api.w.org\/{rel}","templated":true}]}}