{"id":1186,"date":"2022-09-28T01:12:26","date_gmt":"2022-09-27T23:12:26","guid":{"rendered":"https:\/\/szabo.pl\/?post_type=product&#038;p=1186"},"modified":"2024-02-16T13:35:28","modified_gmt":"2024-02-16T12:35:28","slug":"kawa","status":"publish","type":"product","link":"https:\/\/szabo.pl\/index.php\/product\/kawa\/","title":{"rendered":"H\u00edvj meg egy k\u00e1v\u00e9ra"},"content":{"rendered":"<p>H\u00edvj meg egy k\u00e1v\u00e9ra!<\/p>\n<p>Egy k\u00e1v\u00e9 mindig j\u00f3lesik az alkot\u00e1shoz. Legyen az ak\u00e1r el\u0151tte, ut\u00e1na vagy k\u00f6zben.\u00a0Ennek a term\u00e9knek a megv\u00e1s\u00e1rl\u00e1s\u00e1val t\u00e1mogatod az \u00edrott \u00e9s audio-vizu\u00e1lis tev\u00e9kenys\u00e9g\u00fcnket. Kifejezheted k\u00f6sz\u00f6neted a blog bejegyz\u00e9sek\u00e9rt, magyarnyelv\u0171 inform\u00e1ci\u00f3k\u00e9rt, vide\u00f3k\u00e9rt.<\/p>\n","protected":false},"excerpt":{"rendered":"<p>H\u00edvj meg egy k\u00e1v\u00e9ra!<\/p>\n<p>Egy k\u00e1v\u00e9 mindig j\u00f3lesik az alkot\u00e1shoz. Legyen az ak\u00e1r el\u0151tte, ut\u00e1na vagy k\u00f6zben.\u00a0Ennek a term\u00e9knek a megv\u00e1s\u00e1rl\u00e1s\u00e1val t\u00e1mogatod az \u00edrott \u00e9s audio-vizu\u00e1lis tev\u00e9kenys\u00e9g\u00fcnket. Kifejezheted k\u00f6sz\u00f6neted a blog bejegyz\u00e9sek\u00e9rt, magyarnyelv\u0171 inform\u00e1ci\u00f3k\u00e9rt, vide\u00f3k\u00e9rt.<\/p>\n<p>Fontos! &#8211; a t\u00e1mogat\u00e1sodr\u00f3l sz\u00e1ml\u00e1t kapsz, amelynek v\u00e9g\u00f6sszege 23% \u00c1F\u00c1-t tartalmaz. A felt\u00fcntetett \u00e1r nem tartalmaz \u00e9rt\u00e9kes\u00edtett \u00e1rut vagy szolg\u00e1ltat\u00e1st. A kapott t\u00e1mogat\u00e1st k\u00e1v\u00e9ra \u00e9s \u00fajabb tartalmak k\u00e9sz\u00edt\u00e9s\u00e9re k\u00f6ltj\u00fck.<\/p>\n","protected":false},"featured_media":0,"template":"","meta":[],"product_brand":[],"product_cat":[179],"product_tag":[],"class_list":{"0":"post-1186","1":"product","2":"type-product","3":"status-publish","5":"product_cat-hu","7":"first","8":"instock","9":"virtual","10":"sold-individually","11":"taxable","12":"purchasable","13":"product-type-simple"},"exclude_global_add_ons":false,"addons":[{"name":"Espresso","type":"input_multiplier","position":0,"required":true,"title_format":"label","default":"","description_enable":false,"description":"","placeholder_enable":false,"placeholder":"","display":"select","restrictions_type":"any_text","adjust_price":true,"price":"4.06","price_type":"quantity_based","restrictions":false,"min":"0","max":"0","options":[]},{"name":"Cappucino","type":"input_multiplier","position":1,"required":false,"title_format":"label","default":"","description_enable":false,"description":"","placeholder_enable":false,"placeholder":"","display":"select","restrictions_type":"any_text","adjust_price":true,"price":"6.50","price_type":"quantity_based","restrictions":false,"min":"0","max":"0","options":[]},{"name":"Latte Macchiato","type":"input_multiplier","position":2,"required":false,"title_format":"label","default":"","description_enable":false,"description":"","placeholder_enable":false,"placeholder":"","display":"select","restrictions_type":"any_text","adjust_price":true,"price":"8.12","price_type":"flat_fee","restrictions":false,"min":"0","max":"0","options":[]},{"name":"Add meg a besz\u00e9lget\u00e9s t\u00e9m\u00e1j\u00e1t!","type":"custom_textarea","position":0,"required":true,"title_format":"label","default":"","description_enable":false,"description":"","placeholder_enable":false,"placeholder":"","display":"select","restrictions_type":"any_text","adjust_price":false,"price":"","price_type":"flat_fee","restrictions":true,"min":"5","max":"500","options":[]}],"jetpack_sharing_enabled":true,"_links":{"self":[{"href":"https:\/\/szabo.pl\/index.php\/wp-json\/wp\/v2\/product\/1186","targetHints":{"allow":["GET"]}}],"collection":[{"href":"https:\/\/szabo.pl\/index.php\/wp-json\/wp\/v2\/product"}],"about":[{"href":"https:\/\/szabo.pl\/index.php\/wp-json\/wp\/v2\/types\/product"}],"wp:attachment":[{"href":"https:\/\/szabo.pl\/index.php\/wp-json\/wp\/v2\/media?parent=1186"}],"wp:term":[{"taxonomy":"product_brand","embeddable":true,"href":"https:\/\/szabo.pl\/index.php\/wp-json\/wp\/v2\/product_brand?post=1186"},{"taxonomy":"product_cat","embeddable":true,"href":"https:\/\/szabo.pl\/index.php\/wp-json\/wp\/v2\/product_cat?post=1186"},{"taxonomy":"product_tag","embeddable":true,"href":"https:\/\/szabo.pl\/index.php\/wp-json\/wp\/v2\/product_tag?post=1186"}],"curies":[{"name":"wp","href":"https:\/\/api.w.org\/{rel}","templated":true}]}}