{"id":1884,"date":"2025-02-20T18:04:26","date_gmt":"2025-02-20T17:04:26","guid":{"rendered":"https:\/\/szabo.pl\/?post_type=product&#038;p=1884"},"modified":"2026-03-21T14:29:57","modified_gmt":"2026-03-21T13:29:57","slug":"eves-szemelyi-jovedelemado-bevallas-2025-pit-36-pit-37","status":"publish","type":"product","link":"https:\/\/szabo.pl\/index.php\/product\/eves-szemelyi-jovedelemado-bevallas-2025-pit-36-pit-37\/","title":{"rendered":"\u00c9ves Szem\u00e9lyi J\u00f6vedelemad\u00f3 bevall\u00e1s 2025 PIT-36\/PIT-37"},"content":{"rendered":"<p>Foglalj id\u0151pontot a 2025 \u00e9vi szem\u00e9lyi j\u00f6vedelemad\u00f3 bevall\u00e1sod elk\u00e9sz\u00edt\u00e9s\u00e9re!<\/p>\n<p><span style=\"font-size: 1rem;\">A megrendel\u00e9sek egyre n\u00f6vekv\u0151 sz\u00e1m\u00e1ra tekintettel \u00e9s elker\u00fclend\u0151 a v\u00e1rakoz\u00e1st, 2025-ben online konzult\u00e1ci\u00f3 keret\u00e9ben seg\u00edt\u00fcnk az ad\u00f3bevall\u00e1sodat kit\u00f6lteni. A lefoglalt id\u0151pontodat megel\u0151z\u0151en megkapod a dokumentumok list\u00e1j\u00e1t, amire sz\u00fcks\u00e9g\u00fcnk van a bevall\u00e1sod elk\u00e9sz\u00edt\u00e9s\u00e9hez. K\u00e9rj\u00fck, hogy ezeket k\u00e9sz\u00edtsd el\u0151 \u00e9s az id\u0151pontod visszaigazol\u00e1s\u00e1ra v\u00e1laszul k\u00fcldd el.\u00a0<\/span><\/p>\n<p>&nbsp;<\/p>\n","protected":false},"excerpt":{"rendered":"<p><span style=\"font-size: 1rem;\">A megrendel\u00e9sek egyre n\u00f6vekv\u0151 sz\u00e1m\u00e1ra tekintettel \u00e9s elker\u00fclend\u0151 a v\u00e1rakoz\u00e1st, 2025-ben online konzult\u00e1ci\u00f3 keret\u00e9ben seg\u00edt\u00fcnk az ad\u00f3bevall\u00e1sodat kit\u00f6lteni. A lefoglalt id\u0151pontodat megel\u0151z\u0151en megkapod a dokumentumok list\u00e1j\u00e1t, amire sz\u00fcks\u00e9g\u00fcnk van a bevall\u00e1sod elk\u00e9sz\u00edt\u00e9s\u00e9hez. K\u00e9rj\u00fck, hogy ezeket k\u00e9sz\u00edtsd el\u0151 \u00e9s az id\u0151pontod visszaigazol\u00e1s\u00e1ra v\u00e1laszul k\u00fcldd el.\u00a0<\/span><\/p>\n","protected":false},"featured_media":1476,"template":"","meta":[],"product_brand":[],"product_cat":[46,179,48],"product_tag":[],"class_list":{"0":"post-1884","1":"product","2":"type-product","3":"status-publish","4":"has-post-thumbnail","6":"product_cat-uncategorized","7":"product_cat-hu","8":"product_cat-pit","10":"first","11":"instock","12":"virtual","13":"sold-individually","14":"taxable","15":"purchasable","16":"product-type-appointment"},"exclude_global_add_ons":true,"addons":[{"name":"J\u00f6vedelem forr\u00e1sa","type":"checkbox","position":0,"required":true,"title_format":"label","default":"","description_enable":false,"description":"","placeholder_enable":false,"placeholder":"","display":"select","restrictions_type":"any_text","adjust_price":false,"price":"","price_type":"flat_fee","restrictions":false,"min":"0","max":"0","options":[{"label":"Munkaszerz\u0151d\u00e9s","price":"","price_type":"flat_fee","image":0,"visibility":true},{"label":"Megb\u00edz\u00e1si szerz\u0151d\u00e9s","price":"","price_type":"flat_fee","image":0,"visibility":true},{"label":"K\u00fclf\u00f6ldr\u0151l sz\u00e1rmaz\u00f3 j\u00f6vedelem","price":"","price_type":"flat_fee","image":0,"visibility":true},{"label":"K\u00f6tv\u00e9nyek, r\u00e9szv\u00e9nyek elad\u00e1sa","price":"","price_type":"flat_fee","image":0,"visibility":true},{"label":"Kriptovaluta elad\u00e1s","price":"","price_type":"flat_fee","image":0,"visibility":true},{"label":"Egy\u00e9b","price":"","price_type":"flat_fee","image":0,"visibility":true}],"id":1676891680},{"name":"Egy\u00e9ni vagy egy\u00fcttes bevall\u00e1s?","type":"multiple_choice","position":1,"required":true,"title_format":"label","default":"","description_enable":false,"description":"","placeholder_enable":false,"placeholder":"","display":"radiobutton","restrictions_type":"any_text","adjust_price":false,"price":"","price_type":"flat_fee","restrictions":false,"min":"0","max":"0","options":[{"label":"Csak magamnak","price":"","price_type":"flat_fee","image":0,"visibility":true},{"label":"H\u00e1zast\u00e1rsammal k\u00f6z\u00f6sen","price":"20.33","price_type":"flat_fee","image":0,"visibility":true},{"label":"Egyed\u00fcl nevel\u0151 sz\u00fcl\u0151k\u00e9nt","price":"","price_type":"flat_fee","image":0,"visibility":true}],"id":1676891681},{"name":"Gyermekek sz\u00e1ma","type":"input_multiplier","position":2,"required":true,"title_format":"label","default":"0","description_enable":false,"description":"","placeholder_enable":false,"placeholder":"","display":"select","restrictions_type":"any_text","adjust_price":false,"price":"","price_type":"flat_fee","restrictions":true,"min":"0","max":"12","options":[],"id":1676891682},{"name":"Haszn\u00e1ltad-e m\u00e1r az Internet el\u0151fizet\u00e9s ut\u00e1ni kedvezm\u00e9nyt?","type":"multiple_choice","position":3,"required":true,"title_format":"label","default":"","description_enable":false,"description":"","placeholder_enable":false,"placeholder":"","display":"radiobutton","restrictions_type":"any_text","adjust_price":false,"price":"","price_type":"flat_fee","restrictions":false,"min":"0","max":"0","options":[{"label":"Igen, 2023-ban vagy kor\u00e1bban","price":"","price_type":"flat_fee","image":0,"visibility":true},{"label":"Igen, 2024-ben \u00e9s 2025 ut\u00e1n is szeretn\u00e9m ig\u00e9nybe venni - Tak, w 2022 i chc\u0119 korzysta\u0107 w 2023 te\u017c","price":"12.20","price_type":"flat_fee","image":0,"visibility":true},{"label":"M\u00e9g nem, de szeretn\u00e9m ig\u00e9nybe venni 2025-ben \u00e9s 2026-ban","price":"10","price_type":"flat_fee","image":0,"visibility":true},{"label":"Nem szeretn\u00e9m ig\u00e9nybe venni 2025-ben","price":"","price_type":"flat_fee","image":0,"visibility":true}],"id":1676891683},{"name":"Van a tulajdonodban lak\u00f3 \u00e9p\u00fclet, amelyen energiahat\u00e9konys\u00e1gi korszer\u0171s\u00edt\u00e9st v\u00e9gzel\/v\u00e9gezt\u00e9l?","type":"multiple_choice","position":4,"required":true,"title_format":"label","default":"","description_enable":false,"description":"","placeholder_enable":false,"placeholder":"","display":"radiobutton","restrictions_type":"any_text","adjust_price":false,"price":"","price_type":"flat_fee","restrictions":false,"min":"0","max":"0","options":[{"label":"Nem","price":"","price_type":"flat_fee","image":0,"visibility":true},{"label":"Igen","price":"32.52","price_type":"flat_fee","image":0,"visibility":true}],"id":1676891684},{"name":"Fizett\u00e9l j\u00e1rul\u00e9kot bankban vezetett IKZE egy\u00e9ni nyugd\u00edjbiztos\u00edt\u00e1si sz\u00e1ml\u00e1ra? - (IKZE)","type":"multiple_choice","position":5,"required":true,"title_format":"label","default":"","description_enable":true,"description":"IKZE - Egy\u00e9ni Nyugd\u00edjj\u00e1rul\u00e9k biztos\u00edt\u00e1si sz\u00e1mla (Indywidualne Konto Zabezpieczenie Emerytalnego). Semmi k\u00f6ze a PPK-hoz, ami a Munkav\u00e1llal\u00f3i T\u0151kealapot jelenti. A PPK szint\u00e9n egy egy\u00e9ni sz\u00e1mla, de erre a j\u00e1rul\u00e9kokat a munk\u00e1ltat\u00f3k fizetik. Ennek a hat\u00e1sa az ad\u00f3dra m\u00e1r benne van a PIT-11 j\u00f6vedelemigazol\u00e1sodban. Ha m\u00e9g nem tal\u00e1lkozt\u00e1l kor\u00e1bban az IKZE r\u00f6vid\u00edt\u00e9ssel, a \"Nem\" opci\u00f3t jel\u00f6ld meg! ","placeholder_enable":false,"placeholder":"","display":"radiobutton","restrictions_type":"any_text","adjust_price":false,"price":"","price_type":"flat_fee","restrictions":false,"min":"0","max":"0","options":[{"label":"Nem","price":"","price_type":"flat_fee","image":0,"visibility":true},{"label":"Igen","price":"10","price_type":"flat_fee","image":0,"visibility":true}],"id":1676891685},{"name":"Rendelkezel-e vagy valaki a h\u00e1ztart\u00e1sodban rendelkezik-e els\u0151-, m\u00e1sod- vagy harmadfok\u00fa fogyat\u00e9koss\u00e1gr\u00f3l sz\u00f3l\u00f3 hat\u00e1rozattal?","type":"multiple_choice","position":6,"required":true,"title_format":"label","default":"","description_enable":false,"description":"","placeholder_enable":false,"placeholder":"","display":"radiobutton","restrictions_type":"any_text","adjust_price":false,"price":"","price_type":"flat_fee","restrictions":false,"min":"0","max":"0","options":[{"label":"Nem","price":"","price_type":"flat_fee","image":0,"visibility":true},{"label":"Igen","price":"","price_type":"flat_fee","image":0,"visibility":true}],"id":1676891686},{"name":"Adom\u00e1nyozt\u00e1l-e k\u00f6zhaszn\u00fa szervezet vagy egyh\u00e1z sz\u00e1m\u00e1ra?","type":"multiple_choice","position":7,"required":true,"title_format":"label","default":"","description_enable":false,"description":"","placeholder_enable":false,"placeholder":"","display":"radiobutton","restrictions_type":"any_text","adjust_price":false,"price":"","price_type":"flat_fee","restrictions":false,"min":"0","max":"0","options":[{"label":"Nem","price":"","price_type":"flat_fee","image":0,"visibility":true},{"label":"Igen","price":"10","price_type":"flat_fee","image":0,"visibility":true}],"id":1676891687},{"name":"Adt\u00e1l-e v\u00e9rt vagy v\u00e9rplazm\u00e1t ellent\u00e9telez\u00e9s n\u00e9lk\u00fcl?","type":"multiple_choice","position":8,"required":true,"title_format":"label","default":"","description_enable":false,"description":"","placeholder_enable":false,"placeholder":"","display":"radiobutton","restrictions_type":"any_text","adjust_price":false,"price":"","price_type":"flat_fee","restrictions":false,"min":"0","max":"0","options":[{"label":"Nem","price":"","price_type":"flat_fee","image":0,"visibility":true},{"label":"Igen","price":"","price_type":"flat_fee","image":0,"visibility":true}],"id":1676891688},{"name":"Fizett\u00e9l szakszervezeti tagd\u00edjat?","type":"multiple_choice","position":9,"required":true,"title_format":"label","default":"","description_enable":false,"description":"","placeholder_enable":false,"placeholder":"","display":"radiobutton","restrictions_type":"any_text","adjust_price":false,"price":"","price_type":"flat_fee","restrictions":false,"min":"0","max":"0","options":[{"label":"Nem","price":"","price_type":"flat_fee","image":0,"visibility":true},{"label":"Igen","price":"2","price_type":"flat_fee","image":0,"visibility":true}],"id":1676891689},{"name":"Adt\u00e1l-e nem p\u00e9nzbeli adom\u00e1nyt szakk\u00e9pz\u0151 int\u00e9zm\u00e9ny sz\u00e1m\u00e1ra?","type":"multiple_choice","position":10,"required":true,"title_format":"label","default":"","description_enable":true,"description":"Csak a nem p\u00e9nzbeli juttat\u00e1sok egyen\u00e9rt\u00e9ke \u00edrhat\u00f3 le.","placeholder_enable":false,"placeholder":"","display":"radiobutton","restrictions_type":"any_text","adjust_price":false,"price":"","price_type":"flat_fee","restrictions":false,"min":"0","max":"0","options":[{"label":"Nem","price":"","price_type":"flat_fee","image":0,"visibility":true},{"label":"Igen","price":"1","price_type":"flat_fee","image":0,"visibility":true}],"id":1676891690}],"jetpack_sharing_enabled":true,"_links":{"self":[{"href":"https:\/\/szabo.pl\/index.php\/wp-json\/wp\/v2\/product\/1884","targetHints":{"allow":["GET"]}}],"collection":[{"href":"https:\/\/szabo.pl\/index.php\/wp-json\/wp\/v2\/product"}],"about":[{"href":"https:\/\/szabo.pl\/index.php\/wp-json\/wp\/v2\/types\/product"}],"wp:featuredmedia":[{"embeddable":true,"href":"https:\/\/szabo.pl\/index.php\/wp-json\/wp\/v2\/media\/1476"}],"wp:attachment":[{"href":"https:\/\/szabo.pl\/index.php\/wp-json\/wp\/v2\/media?parent=1884"}],"wp:term":[{"taxonomy":"product_brand","embeddable":true,"href":"https:\/\/szabo.pl\/index.php\/wp-json\/wp\/v2\/product_brand?post=1884"},{"taxonomy":"product_cat","embeddable":true,"href":"https:\/\/szabo.pl\/index.php\/wp-json\/wp\/v2\/product_cat?post=1884"},{"taxonomy":"product_tag","embeddable":true,"href":"https:\/\/szabo.pl\/index.php\/wp-json\/wp\/v2\/product_tag?post=1884"}],"curies":[{"name":"wp","href":"https:\/\/api.w.org\/{rel}","templated":true}]}}