{"id":1891,"date":"2025-02-21T14:27:17","date_gmt":"2025-02-21T13:27:17","guid":{"rendered":"https:\/\/szabo.pl\/?post_type=product&#038;p=1891"},"modified":"2026-03-21T14:29:58","modified_gmt":"2026-03-21T13:29:58","slug":"roczny-pit-36-pit-37-za-2025","status":"publish","type":"product","link":"https:\/\/szabo.pl\/index.php\/product\/roczny-pit-36-pit-37-za-2025\/","title":{"rendered":"Roczna deklaracja PIT-36\/PIT-37 za 2025 rok"},"content":{"rendered":"<p>Um\u00f3w si\u0119 na spotkanie w celu przygotowania twojego zeznania podatkowego za rok 2025!<\/p>\n<p>Ze wzgl\u0119du na rosn\u0105c\u0105 liczb\u0119 zam\u00f3wie\u0144 i aby unikn\u0105\u0107 oczekiwania, pomo\u017cemy Ci przygotowa\u0107 zeznanie podatkowe za 2025 r. poprzez konsultacj\u0119 online. Przed zarezerwowanym spotkaniem otrzymasz list\u0119 dokument\u00f3w, kt\u00f3rych potrzebujemy do wype\u0142nienia zeznania. Prosimy o ich przygotowanie i przes\u0142anie w odpowiedzi w celu potwierdzenia spotkania.<\/p>\n","protected":false},"excerpt":{"rendered":"<p>Um\u00f3w si\u0119 na spotkanie w celu przygotowania twojego zeznania podatkowego za rok 2024!<\/p>\n<p>Ze wzgl\u0119du na rosn\u0105c\u0105 liczb\u0119 zam\u00f3wie\u0144 i aby unikn\u0105\u0107 oczekiwania, pomo\u017cemy Ci przygotowa\u0107 zeznanie podatkowe za 2025 r. poprzez konsultacj\u0119 online. Przed zarezerwowanym spotkaniem otrzymasz list\u0119 dokument\u00f3w, kt\u00f3rych potrzebujemy do wype\u0142nienia zeznania. Prosimy o ich przygotowanie i przes\u0142anie w odpowiedzi w celu potwierdzenia spotkania.<\/p>\n","protected":false},"featured_media":1476,"template":"","meta":[],"product_brand":[],"product_cat":[178,48,181],"product_tag":[],"class_list":{"0":"post-1891","1":"product","2":"type-product","3":"status-publish","4":"has-post-thumbnail","6":"product_cat-konsultacja","7":"product_cat-pit","8":"product_cat-pl","10":"first","11":"instock","12":"virtual","13":"sold-individually","14":"taxable","15":"purchasable","16":"product-type-appointment"},"exclude_global_add_ons":true,"addons":[{"name":"\u0179r\u00f3d\u0142o przychodu","type":"checkbox","position":0,"required":true,"title_format":"label","default":"","description_enable":false,"description":"","placeholder_enable":false,"placeholder":"","display":"select","restrictions_type":"any_text","adjust_price":false,"price":"","price_type":"flat_fee","restrictions":false,"min":"0","max":"0","options":[{"label":"Umowa o prac\u0119","price":"","price_type":"flat_fee","image":0,"visibility":true},{"label":"Umowa zlecenie \/ o dzie\u0142o","price":"","price_type":"flat_fee","image":0,"visibility":true},{"label":"Przychody z zagranicy","price":"","price_type":"flat_fee","image":0,"visibility":true},{"label":"Sprzeda\u017c obligacji, akcji lub udzia\u0142\u00f3w","price":"","price_type":"flat_fee","image":0,"visibility":true},{"label":"Sprzeda\u017c kryptowalut","price":"","price_type":"flat_fee","image":0,"visibility":true},{"label":"Inne","price":"","price_type":"flat_fee","image":0,"visibility":true}],"id":1676891680},{"name":"Sk\u0142adanie samodzielnie czy razem z rodzin\u0105?","type":"multiple_choice","position":1,"required":true,"title_format":"label","default":"","description_enable":false,"description":"","placeholder_enable":false,"placeholder":"","display":"radiobutton","restrictions_type":"any_text","adjust_price":false,"price":"","price_type":"flat_fee","restrictions":false,"min":"0","max":"0","options":[{"label":"Tylko dla mnie","price":"","price_type":"flat_fee","image":0,"visibility":true},{"label":"Razem z ma\u0142\u017conkiem","price":"20.33","price_type":"flat_fee","image":0,"visibility":true},{"label":"Jako rodzic samotnie wychowuj\u0105cy dziecko","price":"","price_type":"flat_fee","image":0,"visibility":true}],"id":1676891681},{"name":"Liczba dzieci","type":"input_multiplier","position":2,"required":true,"title_format":"label","default":"0","description_enable":false,"description":"","placeholder_enable":false,"placeholder":"","display":"select","restrictions_type":"any_text","adjust_price":false,"price":"","price_type":"flat_fee","restrictions":true,"min":"0","max":"12","options":[],"id":1676891682},{"name":"Korzysta\u0142e\u015b\/korzysta\u0142a\u015b ju\u017c z ulgi na Internet?","type":"multiple_choice","position":3,"required":true,"title_format":"label","default":"","description_enable":false,"description":"","placeholder_enable":false,"placeholder":"","display":"radiobutton","restrictions_type":"any_text","adjust_price":false,"price":"","price_type":"flat_fee","restrictions":false,"min":"0","max":"0","options":[{"label":"Tak, w 2023r. lub wcze\u015bniej","price":"","price_type":"flat_fee","image":0,"visibility":true},{"label":"Tak, w 2024r. i chc\u0119 w 2025r. te\u017c","price":"12.20","price_type":"flat_fee","image":0,"visibility":true},{"label":"Jeszcze nie, ale chcia\u0142bym korzysta\u0107 w latach 2025 i 2026","price":"10","price_type":"flat_fee","image":0,"visibility":true},{"label":"Nie chc\u0119 korzysta\u0107 w 2025 roku","price":"","price_type":"flat_fee","image":0,"visibility":true}],"id":1676891683},{"name":"Czy jeste\u015b w\u0142a\u015bcicielem budynku mieszkalnego, w kt\u00f3rym przeprowadzasz\/przeprowadzi\u0142e\u015b modernizacj\u0119 energetyczn\u0105?","type":"multiple_choice","position":4,"required":true,"title_format":"label","default":"","description_enable":false,"description":"","placeholder_enable":false,"placeholder":"","display":"radiobutton","restrictions_type":"any_text","adjust_price":false,"price":"","price_type":"flat_fee","restrictions":false,"min":"0","max":"0","options":[{"label":"Nie","price":"","price_type":"flat_fee","image":0,"visibility":true},{"label":"Tak","price":"32.52","price_type":"flat_fee","image":0,"visibility":true}],"id":1676891684},{"name":"Dokona\u0119\u015b\/a\u015b wp\u0142aty na Indywidualne Konto Zabezpieczenie Emerytalnego (IKZE)?","type":"multiple_choice","position":5,"required":true,"title_format":"label","default":"","description_enable":true,"description":"IKZE - Indywidualne Konto Zabezpieczenie Emerytalnego. Nie ma nic wsp\u00f3lnego z PPK, kt\u00f3re s\u0105 Pracownicze Plany Kapita\u0142owe. PPK te\u017c wi\u0105\u017ce si\u0119 z indywidualnym kontem, ale na to sk\u0142adki wp\u0142aca pracodawca. Efekt wp\u0142at PPK na twoje podatki s\u0105 ju\u017c zawarte w rocznej informacji PIT-11. Je\u015bli jeszcze nie spotka\u0142e\u015b\/spotka\u0142a\u015b ze skr\u00f3tem IKZE, zaznacz \"Nie\".\r\n","placeholder_enable":false,"placeholder":"","display":"radiobutton","restrictions_type":"any_text","adjust_price":false,"price":"","price_type":"flat_fee","restrictions":false,"min":"0","max":"0","options":[{"label":"Nie","price":"","price_type":"flat_fee","image":0,"visibility":true},{"label":"Tak","price":"10","price_type":"flat_fee","image":0,"visibility":true}],"id":1676891685},{"name":"Czy Ty lub kto\u015b z Twojej rodziny posiada orzeczenie o niepe\u0142nosprawno\u015bci pierwszego, drugiego lub trzeciego stopnia?","type":"multiple_choice","position":6,"required":true,"title_format":"label","default":"","description_enable":false,"description":"","placeholder_enable":false,"placeholder":"","display":"radiobutton","restrictions_type":"any_text","adjust_price":false,"price":"","price_type":"flat_fee","restrictions":false,"min":"0","max":"0","options":[{"label":"Nie","price":"","price_type":"flat_fee","image":0,"visibility":true},{"label":"Tak","price":"","price_type":"flat_fee","image":0,"visibility":true}],"id":1676891686},{"name":"Czy przekaza\u0142e\u015b darowizny dla organizacji po\u017cytku publicznego lub na rzecz ko\u015bcio\u0142a?","type":"multiple_choice","position":7,"required":true,"title_format":"label","default":"","description_enable":false,"description":"","placeholder_enable":false,"placeholder":"","display":"radiobutton","restrictions_type":"any_text","adjust_price":false,"price":"","price_type":"flat_fee","restrictions":false,"min":"0","max":"0","options":[{"label":"Nie","price":"","price_type":"flat_fee","image":0,"visibility":true},{"label":"Tak","price":"10","price_type":"flat_fee","image":0,"visibility":true}],"id":1676891687},{"name":"By\u0142e\u015b dawc\u0105 krwi\/plasmy nieodp\u0142atnie?","type":"multiple_choice","position":8,"required":true,"title_format":"label","default":"","description_enable":false,"description":"","placeholder_enable":false,"placeholder":"","display":"radiobutton","restrictions_type":"any_text","adjust_price":false,"price":"","price_type":"flat_fee","restrictions":false,"min":"0","max":"0","options":[{"label":"Nie","price":"","price_type":"flat_fee","image":0,"visibility":true},{"label":"Tak","price":"","price_type":"flat_fee","image":0,"visibility":true}],"id":1676891688},{"name":"Czy p\u0142aci\u0142e\u015b sk\u0142adki na zwi\u0105zek zawodowy?","type":"multiple_choice","position":9,"required":true,"title_format":"label","default":"","description_enable":false,"description":"","placeholder_enable":false,"placeholder":"","display":"radiobutton","restrictions_type":"any_text","adjust_price":false,"price":"","price_type":"flat_fee","restrictions":false,"min":"0","max":"0","options":[{"label":"Nie","price":"","price_type":"flat_fee","image":0,"visibility":true},{"label":"Tak","price":"2","price_type":"flat_fee","image":0,"visibility":true}],"id":1676891689},{"name":"Czy dokona\u0142e\u015b darowizn\u0119 niepieni\u0119\u017cn\u0105 na rzecz instytucji edukacji zawodowej?","type":"multiple_choice","position":10,"required":true,"title_format":"label","default":"","description_enable":true,"description":" Tylko warto\u015b\u0107 darowizn niepieni\u0119\u017cnych jest do odliczenia.","placeholder_enable":false,"placeholder":"","display":"radiobutton","restrictions_type":"any_text","adjust_price":false,"price":"","price_type":"flat_fee","restrictions":false,"min":"0","max":"0","options":[{"label":"Nie","price":"","price_type":"flat_fee","image":0,"visibility":true},{"label":"Tak","price":"1","price_type":"flat_fee","image":0,"visibility":true}],"id":1676891690}],"jetpack_sharing_enabled":true,"_links":{"self":[{"href":"https:\/\/szabo.pl\/index.php\/wp-json\/wp\/v2\/product\/1891","targetHints":{"allow":["GET"]}}],"collection":[{"href":"https:\/\/szabo.pl\/index.php\/wp-json\/wp\/v2\/product"}],"about":[{"href":"https:\/\/szabo.pl\/index.php\/wp-json\/wp\/v2\/types\/product"}],"wp:featuredmedia":[{"embeddable":true,"href":"https:\/\/szabo.pl\/index.php\/wp-json\/wp\/v2\/media\/1476"}],"wp:attachment":[{"href":"https:\/\/szabo.pl\/index.php\/wp-json\/wp\/v2\/media?parent=1891"}],"wp:term":[{"taxonomy":"product_brand","embeddable":true,"href":"https:\/\/szabo.pl\/index.php\/wp-json\/wp\/v2\/product_brand?post=1891"},{"taxonomy":"product_cat","embeddable":true,"href":"https:\/\/szabo.pl\/index.php\/wp-json\/wp\/v2\/product_cat?post=1891"},{"taxonomy":"product_tag","embeddable":true,"href":"https:\/\/szabo.pl\/index.php\/wp-json\/wp\/v2\/product_tag?post=1891"}],"curies":[{"name":"wp","href":"https:\/\/api.w.org\/{rel}","templated":true}]}}