{"id":883,"date":"2022-04-28T15:51:15","date_gmt":"2022-04-28T13:51:15","guid":{"rendered":"https:\/\/szabo.pl\/?post_type=product&#038;p=883"},"modified":"2026-03-21T14:29:56","modified_gmt":"2026-03-21T13:29:56","slug":"konzultacio","status":"publish","type":"product","link":"https:\/\/szabo.pl\/index.php\/pl\/product\/konzultacio\/","title":{"rendered":"Rozmowa z ksi\u0119gowym"},"content":{"rendered":"<p>Um\u00f3w si\u0119 na rozmow\u0119 z ksi\u0119gowym! Wybierz dogodny dla Ciebie dzie\u0144 i godzin\u0119 z kalendarza i zarezerwuj. Konsultacja trwa 25 minut.<\/p>\n","protected":false},"excerpt":{"rendered":"<p>?? Um\u00f3w si\u0119 na rozmow\u0119 z ksi\u0119gowym!<br \/>\nUwaga! Je\u015bli zarezerwujesz termin w okresie kr\u00f3tszym od 14 dni, kupuj\u0105c t\u0105 us\u0142ug\u0119 zrezygnujesz z prawa odst\u0105pienia od umowy.<\/p>\n","protected":false},"featured_media":1118,"template":"","meta":[],"product_brand":[],"product_cat":[192],"product_tag":[],"class_list":{"0":"post-883","1":"product","2":"type-product","3":"status-publish","4":"has-post-thumbnail","6":"product_cat-uncategorized-pl","8":"first","9":"instock","10":"virtual","11":"sold-individually","12":"taxable","13":"purchasable","14":"product-type-appointment"},"exclude_global_add_ons":[],"addons":[],"jetpack_sharing_enabled":true,"_links":{"self":[{"href":"https:\/\/szabo.pl\/index.php\/wp-json\/wp\/v2\/product\/883","targetHints":{"allow":["GET"]}}],"collection":[{"href":"https:\/\/szabo.pl\/index.php\/wp-json\/wp\/v2\/product"}],"about":[{"href":"https:\/\/szabo.pl\/index.php\/wp-json\/wp\/v2\/types\/product"}],"wp:featuredmedia":[{"embeddable":true,"href":"https:\/\/szabo.pl\/index.php\/wp-json\/wp\/v2\/media\/1118"}],"wp:attachment":[{"href":"https:\/\/szabo.pl\/index.php\/wp-json\/wp\/v2\/media?parent=883"}],"wp:term":[{"taxonomy":"product_brand","embeddable":true,"href":"https:\/\/szabo.pl\/index.php\/wp-json\/wp\/v2\/product_brand?post=883"},{"taxonomy":"product_cat","embeddable":true,"href":"https:\/\/szabo.pl\/index.php\/wp-json\/wp\/v2\/product_cat?post=883"},{"taxonomy":"product_tag","embeddable":true,"href":"https:\/\/szabo.pl\/index.php\/wp-json\/wp\/v2\/product_tag?post=883"}],"curies":[{"name":"wp","href":"https:\/\/api.w.org\/{rel}","templated":true}]}}