{"id":999,"date":"2022-05-12T19:32:14","date_gmt":"2022-05-12T17:32:14","guid":{"rendered":"https:\/\/szabo.pl\/?post_type=product&#038;p=999"},"modified":"2026-03-21T14:29:57","modified_gmt":"2026-03-21T13:29:57","slug":"beszelgetes-a-konyvelovel","status":"publish","type":"product","link":"https:\/\/szabo.pl\/index.php\/product\/beszelgetes-a-konyvelovel\/","title":{"rendered":"Besz\u00e9lget\u00e9s a k\u00f6nyvel\u0151vel"},"content":{"rendered":"<p>Egyeztess id\u0151pontot egy megbesz\u00e9l\u00e9sre a k\u00f6nyvel\u0151ddel! V\u00e1lassz ki egy sz\u00e1modra megfelel\u0151 napot \u00e9s \u00f3r\u00e1t erre az alkalomra \u00e9s foglald le. A besz\u00e9lget\u00e9s id\u0151tartama 25 perc.<\/p>\n","protected":false},"excerpt":{"rendered":"<p>Egyeztess id\u0151pontot egy megbesz\u00e9l\u00e9sre a k\u00f6nyvel\u0151ddel!<br \/>\nFigyelem! Ha 14 napon bel\u00fcli id\u0151pontot foglalsz le, lemondasz a szerz\u0151d\u00e9st\u0151l val\u00f3 el\u00e1ll\u00e1s jog\u00e1r\u00f3l.<\/p>\n","protected":false},"featured_media":1118,"template":"","meta":[],"product_brand":[],"product_cat":[46,179,178],"product_tag":[],"class_list":{"0":"post-999","1":"product","2":"type-product","3":"status-publish","4":"has-post-thumbnail","6":"product_cat-uncategorized","7":"product_cat-hu","8":"product_cat-konsultacja","10":"first","11":"instock","12":"virtual","13":"sold-individually","14":"taxable","15":"purchasable","16":"product-type-appointment"},"exclude_global_add_ons":false,"addons":[{"name":"Dodatkowe us\u0142ugi - Tov\u00e1bbi szolg\u00e1ltat\u00e1sok - Additional services","type":"checkbox","position":0,"required":false,"title_format":"label","default":"","description_enable":true,"description":"Mo\u017cesz zam\u00f3wi\u0107 dodatkowe us\u0142ugi w ramach konsultacji - Megrendelhetsz tov\u00e1bbi szolg\u00e1ltat\u00e1sokat a konzult\u00e1ci\u00f3 keretein bel\u00fcl - You can order additional services with the consultancy","placeholder_enable":false,"placeholder":"","display":"select","restrictions_type":"any_text","adjust_price":false,"price":"","price_type":"flat_fee","restrictions":false,"min":"0","max":"0","options":[{"label":"WoNP - Wniosek o nadanie numeru PESEL - PESEL ig\u00e9nyl\u00e9se - PESEL Request","price":"50","price_type":"flat_fee","image":0,"visibility":true},{"label":"CEIDG-1 Rejestracja dzia\u0142alno\u015bci","price":"165","price_type":"flat_fee","image":0,"visibility":true},{"label":"CEIDG-1 Zmiana w rejestrze - jako pe\u0142nomocnik","price":"30","price_type":"flat_fee","image":0,"visibility":true},{"label":"CEIDG-1 Zmiana w rejestrze - bez pe\u0142nomocnictwa","price":"50","price_type":"flat_fee","image":0,"visibility":true},{"label":"EL\/ZC - Zameldowanie Czasowe - Lakc\u00edmbejelent\u00e9s - Residence address registration","price":"50","price_type":"flat_fee","image":0,"visibility":true}]},{"name":"Add meg a besz\u00e9lget\u00e9s t\u00e9m\u00e1j\u00e1t!","type":"custom_textarea","position":0,"required":true,"title_format":"label","default":"","description_enable":false,"description":"","placeholder_enable":false,"placeholder":"","display":"select","restrictions_type":"any_text","adjust_price":false,"price":"","price_type":"flat_fee","restrictions":true,"min":"5","max":"500","options":[]}],"jetpack_sharing_enabled":true,"_links":{"self":[{"href":"https:\/\/szabo.pl\/index.php\/wp-json\/wp\/v2\/product\/999","targetHints":{"allow":["GET"]}}],"collection":[{"href":"https:\/\/szabo.pl\/index.php\/wp-json\/wp\/v2\/product"}],"about":[{"href":"https:\/\/szabo.pl\/index.php\/wp-json\/wp\/v2\/types\/product"}],"wp:featuredmedia":[{"embeddable":true,"href":"https:\/\/szabo.pl\/index.php\/wp-json\/wp\/v2\/media\/1118"}],"wp:attachment":[{"href":"https:\/\/szabo.pl\/index.php\/wp-json\/wp\/v2\/media?parent=999"}],"wp:term":[{"taxonomy":"product_brand","embeddable":true,"href":"https:\/\/szabo.pl\/index.php\/wp-json\/wp\/v2\/product_brand?post=999"},{"taxonomy":"product_cat","embeddable":true,"href":"https:\/\/szabo.pl\/index.php\/wp-json\/wp\/v2\/product_cat?post=999"},{"taxonomy":"product_tag","embeddable":true,"href":"https:\/\/szabo.pl\/index.php\/wp-json\/wp\/v2\/product_tag?post=999"}],"curies":[{"name":"wp","href":"https:\/\/api.w.org\/{rel}","templated":true}]}}